{"id":22,"date":"2018-05-23T09:29:59","date_gmt":"2018-05-23T09:29:59","guid":{"rendered":"https:\/\/asgmi.org\/?page_id=22"},"modified":"2024-08-07T08:46:18","modified_gmt":"2024-08-07T08:46:18","slug":"estructura","status":"publish","type":"page","link":"https:\/\/asgmi.org\/en\/estructura\/","title":{"rendered":"ESTRUCTURA"},"content":{"rendered":"<div class=\"four-fifths only\">\n<h2 style=\"color:#803300\";><strong>STRUCTURE OF ASGMI<\/strong><\/h2>\n<p>Para sua dire\u00e7\u00e3o, gest\u00e3o e administra\u00e7\u00e3o, a Associa\u00e7\u00e3o de Servi\u00e7os de Geologia e Minera\u00e7\u00e3o Ibero-americanos conta com a seguinte estrutura:<\/p>\n<\/div>\n<div class=\"one-half first\">\n<\/br><\/br><br \/>\n<img loading=\"lazy\" decoding=\"async\" src=\"https:\/\/asgmi.org\/wp-content\/uploads\/2020\/08\/ESTR-ASGMI-V4-1.png\" alt=\"\" width=\"1164\" height=\"1125\" class=\"aligncenter size-full wp-image-2969\" srcset=\"https:\/\/asgmi.org\/wp-content\/uploads\/2020\/08\/ESTR-ASGMI-V4-1.png 1164w, https:\/\/asgmi.org\/wp-content\/uploads\/2020\/08\/ESTR-ASGMI-V4-1-300x290.png 300w, https:\/\/asgmi.org\/wp-content\/uploads\/2020\/08\/ESTR-ASGMI-V4-1-1024x990.png 1024w, https:\/\/asgmi.org\/wp-content\/uploads\/2020\/08\/ESTR-ASGMI-V4-1-768x742.png 768w\" sizes=\"(max-width: 1164px) 100vw, 1164px\" \/>\n<\/div>\n<div class=\"one-half\">\n<img decoding=\"async\" class=\"alignleft size-medium wp-image-1913\" src=\"https:\/\/asgmi.org\/wp-content\/uploads\/2018\/05\/006-grid-world.png\" alt=\"\" width=\"35\" height=\"35\" \/><a href=\"https:\/\/asgmi.org\/grupo-de-expertos-en-cooperacion-internacional\/\" target=\"_blank\" rel=\"noopener noreferrer\">COOPERACI\u00d3N INTERNACIONAL<\/a><\/p>\n<div style=\"border-bottom: 1px solid #fff; clear: both; padding-top: 0px; margin-bottom: 0px;\"><\/div>\n<p><img decoding=\"async\" class=\"alignleft size-medium wp-image-1912\" src=\"https:\/\/asgmi.org\/wp-content\/uploads\/2018\/05\/005-science.png\" alt=\"\" width=\"35\" height=\"35\" \/><a href=\"https:\/\/asgmi.org\/grupo-de-expertos-en-geoquimica\/\" target=\"_blank\" rel=\"noopener noreferrer\">GEOQU\u00cdMICA<\/a><\/p>\n<div style=\"border-bottom: 1px solid #fff; clear: both; padding-top: 0px; margin-bottom: 0px;\"><\/div>\n<p><img loading=\"lazy\" decoding=\"async\" class=\"alignleft size-medium wp-image-1911\" src=\"https:\/\/asgmi.org\/wp-content\/uploads\/2018\/05\/004-earth-globe-with-continents-maps.png\" alt=\"\" width=\"35\" height=\"35\" \/><a href=\"https:\/\/asgmi.org\/grupo-de-expertos-en-patrimonio-geologico\/\" target=\"_blank\" rel=\"noopener noreferrer\">PATRIMONIO GEOL\u00d3GICO<\/a><\/p>\n<div style=\"border-bottom: 1px solid #fff; clear: both; padding-top: 0px; margin-bottom: 0px;\"><\/div>\n<p><img loading=\"lazy\" decoding=\"async\" class=\"alignleft size-medium wp-image-1911\" src=\"https:\/\/asgmi.org\/wp-content\/uploads\/2020\/08\/001-fossil.png\" alt=\"\" width=\"35\" height=\"35\" \/><a href=\"https:\/\/asgmi.org\/grupo-de-expertos-en-red-de-museos\/\" target=\"_blank\" rel=\"noopener noreferrer\">RED DE MUSEOS<\/a><\/p>\n<div style=\"border-bottom: 1px solid #fff; clear: both; padding-top: 0px; margin-bottom: 0px;\"><\/div>\n<p><img loading=\"lazy\" decoding=\"async\" class=\"alignleft size-medium wp-image-1910\" src=\"https:\/\/asgmi.org\/wp-content\/uploads\/2018\/05\/003-mine.png\" alt=\"\" width=\"35\" height=\"35\" \/><a href=\"https:\/\/asgmi.org\/grupo-de-expertos-en-pasivos-ambientales-mineros-2\/\" target=\"_blank\" rel=\"noopener noreferrer\">PASIVOS AMBIENTALES MINEROS<\/a><\/p>\n<div style=\"border-bottom: 1px solid #fff; clear: both; padding-top: 0px; margin-bottom: 0px;\"><\/div>\n<p><img loading=\"lazy\" decoding=\"async\" class=\"alignleft size-medium wp-image-1909\" src=\"https:\/\/asgmi.org\/wp-content\/uploads\/2018\/05\/002-pick.png\" alt=\"\" width=\"35\" height=\"35\" \/><a href=\"https:\/\/asgmi.org\/grupo-de-expertos-en-mineria-artesanal-y-mineria-a-pequena-escala\/\" target=\"_blank\" rel=\"noopener noreferrer\">MINER\u00cdA ARTESANAL E INFORMAL<\/a><\/p>\n<div style=\"border-bottom: 1px solid #fff; clear: both; padding-top: 0px; margin-bottom: 0px;\"><\/div>\n<p><img loading=\"lazy\" decoding=\"async\" class=\"alignleft size-full wp-image-1908\" src=\"https:\/\/asgmi.org\/wp-content\/uploads\/2018\/05\/001-gold-ingots.png\" alt=\"\" width=\"35\" height=\"35\" \/><a href=\"https:\/\/asgmi.org\/grupo-de-expertos-en-metalogenia-y-recursos-minerales\/\" target=\"_blank\" rel=\"noopener noreferrer\">METALOGENIA Y RECURSOS MINERALES<\/a><\/p>\n<div style=\"border-bottom: 1px solid #fff; clear: both; padding-top: 0px; margin-bottom: 0px;\"><\/div>\n<p><img loading=\"lazy\" decoding=\"async\" class=\"alignleft size-full wp-image-1968\" src=\"https:\/\/asgmi.org\/wp-content\/uploads\/2018\/06\/geology.png\" alt=\"\" width=\"35\" height=\"35\" \/><a href=\"https:\/\/asgmi.org\/grupo-de-expertos-en-amenazas-geologicas\/\" target=\"_blank\" rel=\"noopener noreferrer\">AMENAZAS GEOL\u00d3GICAS<\/a><\/p>\n<div style=\"border-bottom: 1px solid #fff; clear: both; padding-top: 0px; margin-bottom: 0px;\"><\/div>\n<p><img loading=\"lazy\" decoding=\"async\" class=\"alignleft size-full wp-image-1968\" src=\"https:\/\/asgmi.org\/wp-content\/uploads\/2019\/02\/001-wind.png\" alt=\"\" width=\"35\" height=\"35\" \/><a href=\"https:\/\/asgmi.org\/grupo-de-expertos-en-hidrogeologia\/\" target=\"_blank\" rel=\"noopener noreferrer\">HIDROGEOLOG\u00cdA<\/a><\/p>\n<div style=\"border-bottom: 1px solid #fff; clear: both; padding-top: 0px; margin-bottom: 0px;\"><\/div>\n<p><img loading=\"lazy\" decoding=\"async\" class=\"alignleft size-full wp-image-1968\" src=\"https:\/\/asgmi.org\/wp-content\/uploads\/2019\/02\/002-gps.png\" alt=\"\" width=\"35\" height=\"35\" \/><a href=\"https:\/\/asgmi.org\/grupo-de-expertos-en-informacion-geocientifica\/\" target=\"_blank\" rel=\"noopener noreferrer\">SISTEMAS DE INFORMACI\u00d3N GEOCIENT\u00cdFICA<\/a><\/p>\n<div style=\"border-bottom: 1px solid #fff; clear: both; padding-top: 0px; margin-bottom: 0px;\"><\/div>\n<p><img loading=\"lazy\" decoding=\"async\" class=\"alignleft size-full wp-image-1968\" src=\"https:\/\/asgmi.org\/wp-content\/uploads\/2019\/09\/geology3.png\" alt=\"\" width=\"35\" height=\"35\" \/><a href=\"https:\/\/asgmi.org\/grupo-de-expertos-en-cartografia-geologica-y-geologia-regional\/\" target=\"_blank\" rel=\"noopener noreferrer\">GEOLOG\u00cdA REGIONAL Y CARTOGRAF\u00cdA GEOL\u00d3GICA<\/a><\/p>\n<div style=\"border-bottom: 1px solid #fff; clear: both; padding-top: 0px; margin-bottom: 0px;\"><\/div>\n<p><img loading=\"lazy\" decoding=\"async\" class=\"alignleft size-full wp-image-1968\" src=\"https:\/\/asgmi.org\/wp-content\/uploads\/2020\/08\/002-megaphone.png\" alt=\"\" width=\"35\" height=\"35\" \/><a href=\"https:\/\/asgmi.org\/grupo-de-expertos-en-comunicacion\/\" target=\"_blank\" rel=\"noopener noreferrer\">COMUNICACI\u00d3N<\/a><\/p>\n<div style=\"border-bottom: 1px solid #fff; clear: both; padding-top: 0px; margin-bottom: 0px;\"><\/div>\n<p><img loading=\"lazy\" decoding=\"async\" class=\"alignleft size-full wp-image-1968\" src=\"https:\/\/asgmi.org\/wp-content\/uploads\/2022\/09\/mar.png\" alt=\"\" width=\"35\" height=\"35\" \/><a href=\"https:\/\/asgmi.org\/grupo-de-expertos-en-geologia-marina\/\" rel=\"noopener noreferrer\" target=\"_blank\">GEOLOG\u00cdA MARINA<\/a><\/p>\n<div style=\"border-bottom: 1px solid #fff; clear: both; padding-top: 0px; margin-bottom: 0px;\"><\/div>\n<\/div>\n<div style=\"border-bottom: 3px solid #fff; clear: both;padding-top:20px; margin-bottom: 20px;\"><\/div>\n<div class=\"one-half first\">\n<h2>ASSEMBLEIA-GERAL<\/h2>\n<p>trata-se do \u00f3rg\u00e3o supremo de governo da Associa\u00e7\u00e3o e \u00e9 composta por todos os associados. Poder\u00e1 reunir-se em sess\u00f5es ordin\u00e1rias e extraordin\u00e1rias.<br \/>\nEntre outros, a Assembleia-Geral goza dos seguintes poderes fundamentais:<\/p>\n<ul>\n<li>Aprovar a gest\u00e3o do Conselho de Administra\u00e7\u00e3o.<\/li>\n<li>Analisar e aprovar as contas anuais.<\/li>\n<li>Escolher os membros do Conselho de Administra\u00e7\u00e3o.<\/li>\n<li>Definir taxas ordin\u00e1rias ou extraordin\u00e1rias.<\/li>\n<li>Altera\u00e7\u00e3o dos Estatutos.<\/li>\n<li>Dissolu\u00e7\u00e3o da Associa\u00e7\u00e3o.<\/li>\n<li>Disposi\u00e7\u00e3o ou aliena\u00e7\u00e3o dos ativos da Associa\u00e7\u00e3o.<\/li>\n<li>Qualquer outro que n\u00e3o seja compet\u00eancia atribu\u00edda a outro \u00f3rg\u00e3o de gest\u00e3o e representa\u00e7\u00e3o.<\/li>\n<\/ul>\n<\/div>\n<div class=\"one-half\">\n<h2>CONSELHO DE ADMINISTRA\u00c7\u00c3O<\/h2>\n<p>O Conselho de Administra\u00e7\u00e3o constitui, para todos os efeitos, o \u00f3rg\u00e3o de gest\u00e3o e representa\u00e7\u00e3o da ASGMI. As suas compet\u00eancias estendem-se com car\u00e1ter geral a todos os atos pr\u00f3prios da Associa\u00e7\u00e3o, desde que n\u00e3o exijam, de acordo com os seus Estatutos, a autoriza\u00e7\u00e3o expressa da Assembleia-Geral. Trata-se de cargos n\u00e3o remunerados com um mandato de tr\u00eas anos.<\/p>\n<p>O atual Conselho de Administra\u00e7\u00e3o \u00e9 formado pelos seguintes membros:<\/p>\n<ul>\n<li>Ing. Edwin Garc\u00eda Cocco &#8211; <span style=\"color:#803300\";><strong>Presidente<\/strong><\/span><\/li>\n<li>Dr. Enrique Castellanos Abella &#8211; <span style=\"color:#803300\";><strong>Vicepresidente <\/strong><\/span><\/li>\n<li>Dr. Vicente Gabald\u00f3n &#8211; <span style=\"color:#803300\";><strong>Presidente de Honor<\/strong><\/span><\/li>\n<li>M. Sc. Gracia Olivenza Jim\u00e9nez &#8211; <span style=\"color:#803300\";><strong>Secretaria General<\/strong><\/span><\/li>\n<li>M. Sc. Diana Ponce de Le\u00f3n gil &#8211; <span style=\"color:#803300\";><strong>Vicesecretaria General<\/strong><\/span><\/li>\n<li>Ing. Jorge Chira Fern\u00e1ndez &#8211; <span style=\"color:#803300\";><strong>Vocal<\/strong><\/span><\/li>\n<li>Ing. Francisco Valdir Silveira &#8211; <span style=\"color:#803300\";><strong>Vocal<\/strong><\/span><\/li>\n<li>Dra. Carme Puig &#8211; <span style=\"color:#803300\";><strong>Vocal<\/strong><\/span><\/li>\n<li>Dr. Mart\u00edn Goz\u00e1lvez &#8211; <span style=\"color:#803300\";><strong>Vocal suplente<\/strong><\/span><\/li>\n<li>Dr. Vicente Sebasti\u00e1n Espinoza Echeverria, &#8211; <span style=\"color:#803300\";><strong>Vocal suplente<\/strong><\/span><\/li>\n<li>Ge\u00f3l. Julio Fierro, &#8211; <span style=\"color:#803300\";><strong>Vocal suplente<\/strong><\/span><\/li>\n<\/ul>\n<\/div>\n<div style=\"border-bottom: 3px solid #fff; clear: both;padding-top:20px; margin-bottom: 20px;\"><\/div>\n<div class=\"one-third first\">\n<a class=\"button\" href=\"https:\/\/asgmi.org\/wp-content\/uploads\/2024\/08\/Estatutos-Registrados.pdf\" target=\"_blank\" rel=\"noopener noreferrer\">ESTATUTOS DE LA ASGMI (ES)<\/a><\/div>\n<div class=\"one-third\">\n<a class=\"button\" href=\"https:\/\/asgmi.org\/wp-content\/uploads\/2019\/07\/Reglamento-R\u00e9gimen-Interno_DEF_25-04-2019.pdf\" target=\"_blank\" rel=\"noopener noreferrer\">REGLAMENTO DE R\u00c9GIMEN INTERNO DE ASGMI (ES)<\/a>\n<\/div>\n<div class=\"one-third\">\n<p><a class=\"button\" href=\"https:\/\/asgmi.org\/actas-reuniones-junta-directiva\/\" target=\"_blank\" rel=\"noopener noreferrer\">ACTAS DE REUNIONES DE LA JUNTA DIRECTIVA<\/a><\/div>\n<div style=\"border-bottom: 3px solid #fff; clear: both;padding-top:20px; margin-bottom: 20px;\"><\/div>","protected":false},"excerpt":{"rendered":"<p>STRUCTURE OF ASGMI Para sua dire\u00e7\u00e3o, gest\u00e3o e administra\u00e7\u00e3o, a Associa\u00e7\u00e3o de Servi\u00e7os de Geologia e Minera\u00e7\u00e3o Ibero-americanos conta com a seguinte estrutura: COOPERACI\u00d3N INTERNACIONAL GEOQU\u00cdMICA PATRIMONIO GEOL\u00d3GICO RED DE MUSEOS PASIVOS AMBIENTALES MINEROS MINER\u00cdA ARTESANAL E INFORMAL METALOGENIA Y RECURSOS MINERALES AMENAZAS GEOL\u00d3GICAS HIDROGEOLOG\u00cdA SISTEMAS DE INFORMACI\u00d3N GEOCIENT\u00cdFICA GEOLOG\u00cdA REGIONAL Y CARTOGRAF\u00cdA GEOL\u00d3GICA COMUNICACI\u00d3N [&hellip;]<\/p>\n","protected":false},"author":1,"featured_media":0,"parent":0,"menu_order":0,"comment_status":"closed","ping_status":"closed","template":"","meta":{"_genesis_hide_title":false,"_genesis_hide_breadcrumbs":false,"_genesis_hide_singular_image":false,"_genesis_hide_footer_widgets":false,"_genesis_custom_body_class":"full ","_genesis_custom_post_class":"","_genesis_layout":"","footnotes":""},"class_list":{"0":"post-22","1":"page","2":"type-page","3":"status-publish","5":"entry","6":"has-post-thumbnail"},"_links":{"self":[{"href":"https:\/\/asgmi.org\/en\/wp-json\/wp\/v2\/pages\/22","targetHints":{"allow":["GET"]}}],"collection":[{"href":"https:\/\/asgmi.org\/en\/wp-json\/wp\/v2\/pages"}],"about":[{"href":"https:\/\/asgmi.org\/en\/wp-json\/wp\/v2\/types\/page"}],"author":[{"embeddable":true,"href":"https:\/\/asgmi.org\/en\/wp-json\/wp\/v2\/users\/1"}],"replies":[{"embeddable":true,"href":"https:\/\/asgmi.org\/en\/wp-json\/wp\/v2\/comments?post=22"}],"version-history":[{"count":56,"href":"https:\/\/asgmi.org\/en\/wp-json\/wp\/v2\/pages\/22\/revisions"}],"predecessor-version":[{"id":4716,"href":"https:\/\/asgmi.org\/en\/wp-json\/wp\/v2\/pages\/22\/revisions\/4716"}],"wp:attachment":[{"href":"https:\/\/asgmi.org\/en\/wp-json\/wp\/v2\/media?parent=22"}],"curies":[{"name":"wp","href":"https:\/\/api.w.org\/{rel}","templated":true}]}}