{"id":24,"date":"2018-05-23T09:30:13","date_gmt":"2018-05-23T09:30:13","guid":{"rendered":"https:\/\/asgmi.org\/?page_id=24"},"modified":"2026-03-18T13:06:31","modified_gmt":"2026-03-18T13:06:31","slug":"directorio","status":"publish","type":"page","link":"https:\/\/asgmi.org\/en\/directorio\/","title":{"rendered":"MEMBERS"},"content":{"rendered":"<h2 style=\"color: #803300;\"><strong>SERVICIOS GEOL\u00d3GICOS MIEMBROS DE LA ASGMI<\/strong><\/h2>\n<p>&nbsp;<\/p>\n<div class=\"one-half first\">\n<h2 style=\"color: #803300;\"><strong>ARGENTINA<\/strong><\/h2>\n<div class=\"one-third first\"><a href=\"http:\/\/www.segemar.gov.ar\"><img decoding=\"async\" class=\"aligncenter size-full wp-image-2527\" src=\"https:\/\/asgmi.org\/wp-content\/uploads\/2019\/06\/Logo_SEGEMAR-2.jpg\" alt=\"\" width=\"165\" height=\"73\" \/><\/a><\/div>\n<div class=\"two-thirds\">Servicio Geol\u00f3gico Minero Argentino<br \/>\n<a href=\"http:\/\/www.segemar.gov.ar\" target=\"_blank\" rel=\"noopener noreferrer\">SEGEMAR<\/a><br \/>\n<strong>Presidente: <\/strong>Dr. Julio Matteo Bruna Novillo<\/div>\n<div style=\"border-bottom: 3px solid #fff; clear: both; padding-top: 2px; margin-bottom: 2px;\"><\/div>\n<h2 style=\"color: #803300;\"><strong>BOLIVIA<\/strong><\/h2>\n<div class=\"one-third first\">\n<p><a href=\"http:\/\/www.sergeomin.gob.bo\" target=\"_blank\" rel=\"noopener noreferrer\"><img decoding=\"async\" class=\"aligncenter size-full wp-image-2016\" src=\"https:\/\/asgmi.org\/wp-content\/uploads\/2018\/07\/02-sergeomin-bolivia.png\" alt=\"\" width=\"79\" height=\"76\" \/><\/a><\/p>\n<\/div>\n<div class=\"two-thirds\">Servicio Geol\u00f3gico Minero<br \/>\n<a href=\"http:\/\/www.sergeomin.gob.bo\" target=\"_blank\" rel=\"noopener noreferrer\">SERGEOMIN<\/a><br \/>\n<strong>Director Ejecutivo:<\/strong><br \/>\nMsc. Ing. Jorge R. Bellot La Torre<\/div>\n<div style=\"border-bottom: 3px solid #fff; clear: both; padding-top: 2px; margin-bottom: 2px;\"><\/div>\n<h2 style=\"color: #803300;\"><strong>BRASIL<\/strong><\/h2>\n<div class=\"one-third first\"><a href=\"http:\/\/www.cprm.gov.br\"><img fetchpriority=\"high\" decoding=\"async\" class=\"aligncenter size-full wp-image-3850\" src=\"https:\/\/asgmi.org\/wp-content\/uploads\/2023\/04\/Logo-SGB.jpeg\" alt=\"\" width=\"1600\" height=\"696\" srcset=\"https:\/\/asgmi.org\/wp-content\/uploads\/2023\/04\/Logo-SGB.jpeg 1600w, https:\/\/asgmi.org\/wp-content\/uploads\/2023\/04\/Logo-SGB-300x131.jpeg 300w, https:\/\/asgmi.org\/wp-content\/uploads\/2023\/04\/Logo-SGB-1024x445.jpeg 1024w, https:\/\/asgmi.org\/wp-content\/uploads\/2023\/04\/Logo-SGB-768x334.jpeg 768w, https:\/\/asgmi.org\/wp-content\/uploads\/2023\/04\/Logo-SGB-1536x668.jpeg 1536w\" sizes=\"(max-width: 1600px) 100vw, 1600px\" \/><\/a><\/div>\n<div class=\"two-thirds\"><a href=\"http:\/\/www.cprm.gov.br\" target=\"_blank\" rel=\"noopener noreferrer\">CPRM-Servi\u00e7o Geol\u00f3gico do Brasil<\/a><br \/>\n<strong>Diretor-Presidente<\/strong><br \/>\nVilmar Medeiros Sim\u00f5es.<\/div>\n<div style=\"border-bottom: 3px solid #fff; clear: both; padding-top: 2px; margin-bottom: 2px;\"><\/div>\n<h2 style=\"color: #803300;\"><strong>CHILE<\/strong><\/h2>\n<div class=\"one-third first\">\n<p><a href=\"http:\/\/www.sernageomin.cl\"><img loading=\"lazy\" decoding=\"async\" class=\"aligncenter size-full wp-image-2528\" src=\"https:\/\/asgmi.org\/wp-content\/uploads\/2019\/06\/Logo-SERNAGEOMIN_.png\" alt=\"\" width=\"180\" height=\"112\" \/><\/a><\/p>\n<\/div>\n<div class=\"two-thirds\">Servicio Nacional de Geolog\u00eda y Miner\u00eda<br \/>\n<a href=\"http:\/\/www.sernageomin.cl\" target=\"_blank\" rel=\"noopener noreferrer\">SERNAGEOMIN<\/a><br \/>\n<strong>Director Nacional:<\/strong><br \/>\nIng. Andr\u00e9s Le\u00f3n Riquelme<\/div>\n<div style=\"border-bottom: 3px solid #fff; clear: both; padding-top: 2px; margin-bottom: 2px;\"><\/div>\n<h2 style=\"color: #803300;\"><strong>COLOMBIA<\/strong><\/h2>\n<div class=\"one-third first\">\n<p><a href=\"http:\/\/www2.sgc.gov.co\/\" target=\"_blank\" rel=\"noopener noreferrer\"><img loading=\"lazy\" decoding=\"async\" class=\"aligncenter size-full wp-image-2019\" src=\"https:\/\/asgmi.org\/wp-content\/uploads\/2018\/07\/05-colombia.png\" alt=\"\" width=\"192\" height=\"80\" \/><\/a><\/p>\n<\/div>\n<div class=\"two-thirds\">\n<p><a href=\"http:\/\/www2.sgc.gov.co\/\" target=\"_blank\" rel=\"noopener noreferrer\">Servicio Geol\u00f3gico Colombiano<\/a><br \/>\n<strong>Director General:<\/strong><br \/>\nGe\u00f3logo Julio Fierro Morales<\/p>\n<\/div>\n<div style=\"border-bottom: 3px solid #fff; clear: both; padding-top: 2px; margin-bottom: 2px;\"><\/div>\n<h2 style=\"color: #803300;\"><strong>COSTA-RICA<\/strong><\/h2>\n<div class=\"one-third first\">\n<p><a href=\"http:\/\/www.geologia.go.cr\"><img loading=\"lazy\" decoding=\"async\" class=\"aligncenter size-full wp-image-3171\" src=\"https:\/\/asgmi.org\/wp-content\/uploads\/2021\/02\/LOGO-DGM-COSTA-RICA-scaled.jpg\" alt=\"\" width=\"2560\" height=\"1198\" srcset=\"https:\/\/asgmi.org\/wp-content\/uploads\/2021\/02\/LOGO-DGM-COSTA-RICA-scaled.jpg 2560w, https:\/\/asgmi.org\/wp-content\/uploads\/2021\/02\/LOGO-DGM-COSTA-RICA-300x140.jpg 300w, https:\/\/asgmi.org\/wp-content\/uploads\/2021\/02\/LOGO-DGM-COSTA-RICA-1024x479.jpg 1024w, https:\/\/asgmi.org\/wp-content\/uploads\/2021\/02\/LOGO-DGM-COSTA-RICA-768x360.jpg 768w, https:\/\/asgmi.org\/wp-content\/uploads\/2021\/02\/LOGO-DGM-COSTA-RICA-1536x719.jpg 1536w, https:\/\/asgmi.org\/wp-content\/uploads\/2021\/02\/LOGO-DGM-COSTA-RICA-2048x959.jpg 2048w\" sizes=\"(max-width: 2560px) 100vw, 2560px\" \/><\/a><\/p>\n<\/div>\n<div class=\"two-thirds\"><a href=\"http:\/\/www.geologia.go.cr\/\" target=\"_blank\" rel=\"noopener noreferrer\">Direcci\u00f3n General de Geolog\u00eda y Minas<\/a><br \/>\n<strong>Directora a.i.:<\/strong><br \/>\nM. Sc. Sof\u00eda Huapaya<\/div>\n<div style=\"border-bottom: 3px solid #fff; clear: both; padding-top: 2px; margin-bottom: 2px;\"><\/div>\n<h2 style=\"color: #803300;\"><strong>CUBA<\/strong><\/h2>\n<div class=\"one-third first\"><a href=\"http:\/\/www.igp.minem.cu\" target=\"_blank\" rel=\"noopener noreferrer\"><img loading=\"lazy\" decoding=\"async\" class=\"aligncenter size-full wp-image-2021\" src=\"https:\/\/asgmi.org\/wp-content\/uploads\/2018\/07\/07-IGP-Cuba.png\" alt=\"\" width=\"129\" height=\"66\" \/><\/a><\/div>\n<div class=\"two-thirds\"><a href=\"http:\/\/www.igp.minem.cu\" target=\"_blank\" rel=\"noopener noreferrer\">Instituto de Geolog\u00eda y Paleontolog\u00eda<\/a><br \/>\n<strong>Director General:<\/strong><br \/>\nIng. Jorge L\u00e1zaro Mulet Alvarez<\/div>\n<div style=\"border-bottom: 3px solid #fff; clear: both; padding-top: 2px; margin-bottom: 2px;\"><\/div>\n<h2 style=\"color: #803300;\"><strong>ECUADOR<\/strong><\/h2>\n<div class=\"one-third first\">\n<p><a href=\"https:\/\/www.geoenergia.gob.ec\/\"><img loading=\"lazy\" decoding=\"async\" class=\"aligncenter size-full wp-image-3647\" src=\"https:\/\/asgmi.org\/wp-content\/uploads\/2022\/07\/08-Ecuador-v2.png\" alt=\"\" width=\"490\" height=\"128\" srcset=\"https:\/\/asgmi.org\/wp-content\/uploads\/2022\/07\/08-Ecuador-v2.png 490w, https:\/\/asgmi.org\/wp-content\/uploads\/2022\/07\/08-Ecuador-v2-300x78.png 300w\" sizes=\"(max-width: 490px) 100vw, 490px\" \/><\/a><\/p>\n<\/div>\n<div class=\"two-thirds\">Instituto Nacional de Investigaci\u00f3n Geol\u00f3gico y Energ\u00e9tico<br \/>\n<a href=\"https:\/\/www.geoenergia.gob.ec\/\" target=\"_blank\" rel=\"noopener noreferrer\">IIGE<\/a><br \/>\n<strong>Director Ejecutivo:<\/strong><br \/>\nDr. Vicente Sebasti\u00e1n Espinoza Echeverria<\/div>\n<div style=\"border-bottom: 3px solid #fff; clear: both; padding-top: 2px; margin-bottom: 2px;\"><\/div>\n<h2 style=\"color: #803300;\"><strong>EL SALVADOR<\/strong><\/h2>\n<div class=\"one-third first\">\n<p><a href=\"http:\/\/www.minec.gob.sv\/\" target=\"_blank\" rel=\"noopener noreferrer\"><img loading=\"lazy\" decoding=\"async\" class=\"aligncenter size-full wp-image-2023\" src=\"https:\/\/asgmi.org\/wp-content\/uploads\/2018\/07\/10-El-Salvador.jpg\" alt=\"\" width=\"121\" height=\"81\" \/><\/a><\/p>\n<\/div>\n<div class=\"two-thirds\"><a href=\"http:\/\/www.minec.gob.sv\/\" target=\"_blank\" rel=\"noopener noreferrer\">Direcci\u00f3n de Hidrocarburos y Minas<\/a><br \/>\n<strong>Directora de Hidrocarburos y Minas:<\/strong><br \/>\nD\u00aa Mirna Bonilla<\/div>\n<div style=\"border-bottom: 3px solid #fff; clear: both; padding-top: 2px; margin-bottom: 2px;\"><\/div>\n<h2 style=\"color: #803300;\"><strong>ESPA\u00d1A<\/strong><\/h2>\n<div class=\"one-third first\"><a href=\"http:\/\/www.igme.es\" target=\"_blank\" rel=\"noopener noreferrer\"><img loading=\"lazy\" decoding=\"async\" class=\"aligncenter size-full wp-image-2024\" src=\"https:\/\/asgmi.org\/wp-content\/uploads\/2018\/07\/11-IGME.png\" alt=\"\" width=\"224\" height=\"57\" \/><\/a><\/div>\n<div class=\"two-thirds\">Instituto Geol\u00f3gico y Minero de Espa\u00f1a &#8211; CSIC<br \/>\n<a href=\"http:\/\/www.igme.es\" target=\"_blank\" rel=\"noopener noreferrer\">IGME &#8211; CSIC<\/a><br \/>\n<strong>Directora:<\/strong><br \/>\nSra. Rosa Mar\u00eda Mateos Ruiz<\/div>\n<div style=\"border-bottom: 3px solid #fff; clear: both; padding-top: 2px; margin-bottom: 2px;\"><\/div>\n<div class=\"one-third first\">\n<p><a href=\"http:\/\/www.icgc.cat\" target=\"_blank\" rel=\"noopener noreferrer\"><img loading=\"lazy\" decoding=\"async\" class=\"alignleft size-full wp-image-2025\" src=\"https:\/\/asgmi.org\/wp-content\/uploads\/2018\/07\/12-ICGC-Catalu\u00f1a.png\" alt=\"\" width=\"169\" height=\"69\" \/><\/a><\/p>\n<\/div>\n<div class=\"two-thirds\">Instituto Cartogr\u00e1fico y Geol\u00f3gico de Catalu\u00f1a<br \/>\n<a href=\"http:\/\/www.icgc.cat\" target=\"_blank\" rel=\"noopener noreferrer\">ICGC<\/a><br \/>\n<strong>Director:<\/strong><br \/>\nAntonio Magari\u00f1os Varo<\/div>\n<div style=\"border-bottom: 3px solid #fff; clear: both; padding-top: 2px; margin-bottom: 2px;\"><\/div>\n<\/div>\n<div class=\"one-half\">\n<h2 style=\"color: #803300;\"><strong>GUATEMALA<\/strong><\/h2>\n<div class=\"one-third first\"><a href=\"https:\/\/mem.gob.gt\/que-hacemos\/area-mineria\/\" target=\"_blank\" rel=\"noopener noreferrer\"><img loading=\"lazy\" decoding=\"async\" class=\"aligncenter size-full wp-image-2026\" src=\"https:\/\/asgmi.org\/wp-content\/uploads\/2018\/07\/13-Guatemala.png\" alt=\"\" width=\"102\" height=\"69\" \/><\/a><\/div>\n<div class=\"two-thirds\"><a href=\"https:\/\/mem.gob.gt\/que-hacemos\/area-mineria\/\" target=\"_blank\" rel=\"noopener noreferrer\">Direcci\u00f3n General de Miner\u00eda<\/a><br \/>\n<strong>Director general de miner\u00eda:<\/strong><br \/>\nM.Sc. Julio Roberto Luna Aroche<\/div>\n<div style=\"border-bottom: 3px solid #fff; clear: both; padding-top: 2px; margin-bottom: 2px;\"><\/div>\n<h2 style=\"color: #803300;\"><strong>HONDURAS<\/strong><\/h2>\n<div class=\"one-third first\">\n<p><a href=\"http:\/\/www.inhgeomin.gob.hn\/\" target=\"_blank\" rel=\"noopener noreferrer\"><img loading=\"lazy\" decoding=\"async\" class=\"aligncentersize-full wp-image-2027\" src=\"https:\/\/asgmi.org\/wp-content\/uploads\/2018\/07\/14-Honduras.png\" alt=\"\" width=\"66\" height=\"77\" \/><\/a><\/p>\n<\/div>\n<div class=\"two-thirds\">Instituto Hondure\u00f1o de Geolog\u00eda y Minas<br \/>\n<a href=\"http:\/\/www.inhgeomin.gob.hn\/\" target=\"_blank\" rel=\"noopener noreferrer\">INHGEOMIN<\/a><br \/>\n<strong>Director Ejecutivo:<\/strong><br \/>\nIng. Carlos Mauricio Maradiaga Robles<\/div>\n<div style=\"border-bottom: 3px solid #fff; clear: both; padding-top: 2px; margin-bottom: 2px;\"><\/div>\n<h2 style=\"color: #803300;\"><strong>MEXICO<\/strong><\/h2>\n<div class=\"one-third first\">\n<p><a href=\"http:\/\/www.sgm.gob.mx\/\" target=\"_blank\" rel=\"noopener noreferrer\"><img loading=\"lazy\" decoding=\"async\" class=\"aligncenter size-full wp-image-2028\" src=\"https:\/\/asgmi.org\/wp-content\/uploads\/2019\/05\/LOGO_SGM_2019.jpg\" alt=\"\" width=\"128\" height=\"76\" \/><\/a><\/p>\n<\/div>\n<div class=\"two-thirds\"><a href=\"http:\/\/www.sgm.gob.mx\/\" target=\"_blank\" rel=\"noopener noreferrer\">Servicio Geol\u00f3gico Mexicano<\/a><br \/>\n<strong>Directora General:<\/strong><br \/>\nM.Sc. Flor de Mar\u00eda Harp Iturribarr\u00eda<\/div>\n<div style=\"border-bottom: 3px solid #fff; clear: both; padding-top: 2px; margin-bottom: 2px;\"><\/div>\n<h2 style=\"color: #803300;\"><strong>NICARAGUA<\/strong><\/h2>\n<div class=\"one-third first\"><a href=\"http:\/\/www.mem.gob.ni\/?page_id=290\" target=\"_blank\" rel=\"noopener noreferrer\"><img loading=\"lazy\" decoding=\"async\" class=\"aligncenter size-full wp-image-2039\" src=\"https:\/\/asgmi.org\/wp-content\/uploads\/2018\/07\/16-Nicaragua.png\" alt=\"\" width=\"111\" height=\"54\" \/><\/a><\/div>\n<div class=\"two-thirds\"><a href=\"http:\/\/www.mem.gob.ni\/?page_id=290\" target=\"_blank\" rel=\"noopener noreferrer\">Direcci\u00f3n General de Minas<\/a><\/div>\n<p><strong>Director General:<\/strong><br \/>\nIng. Norman Henr\u00edquez<\/p>\n<div style=\"border-bottom: 3px solid #fff; clear: both; padding-top: 2px; margin-bottom: 2px;\"><\/div>\n<h2 style=\"color: #803300;\"><strong>PANAM\u00c1<\/strong><\/h2>\n<div class=\"one-third first\">\n<p><a href=\"http:\/\/www.mici.gob.pa\/subcategoria.php?cid=16&amp;sid=53\" target=\"_blank\" rel=\"noopener noreferrer\"><img loading=\"lazy\" decoding=\"async\" class=\"aligncenter size-full wp-image-2029\" src=\"https:\/\/asgmi.org\/wp-content\/uploads\/2018\/07\/17-Panama.png\" alt=\"\" width=\"132\" height=\"43\" \/><\/a><\/p>\n<\/div>\n<div class=\"two-thirds\"><a href=\"http:\/\/www.mici.gob.pa\/subcategoria.php?cid=16&amp;sid=53\" target=\"_blank\" rel=\"noopener noreferrer\">Direcci\u00f3n Nacional de Recursos Minerales<\/a><br \/>\n<strong>Director General:<\/strong><\/div>\n<div style=\"border-bottom: 3px solid #fff; clear: both; padding-top: 2px; margin-bottom: 2px;\"><\/div>\n<h2 style=\"color: #803300;\"><strong>PARAGUAY<\/strong><\/h2>\n<div class=\"one-third first\">\n<p><a href=\"http:\/\/www.ssme.gov.py\/\" target=\"_blank\" rel=\"noopener noreferrer\"><img loading=\"lazy\" decoding=\"async\" class=\"aligncenter size-full wp-image-2030\" src=\"https:\/\/asgmi.org\/wp-content\/uploads\/2018\/07\/18-Paraguay.png\" alt=\"\" width=\"75\" height=\"61\" \/><\/a><\/p>\n<\/div>\n<div class=\"two-thirds\"><a href=\"http:\/\/www.ssme.gov.py\/\" target=\"_blank\" rel=\"noopener noreferrer\">Direcci\u00f3n de Recursos Minerales<\/a><br \/>\n<strong>Directora:<\/strong><br \/>\nLic. N\u00e9stor Bernal<\/div>\n<div style=\"border-bottom: 3px solid #fff; clear: both; padding-top: 2px; margin-bottom: 2px;\"><\/div>\n<h2 style=\"color: #803300;\"><strong>PER\u00da<\/strong><\/h2>\n<div class=\"one-third first\">\n<p><a href=\"https:\/\/www.gob.pe\/ingemmet\" target=\"_blank\" rel=\"noopener noreferrer\"><img loading=\"lazy\" decoding=\"async\" class=\"aligncenter size-full wp-image-2031\" src=\"https:\/\/asgmi.org\/wp-content\/uploads\/2018\/07\/19-Peru.png\" alt=\"\" width=\"272\" height=\"95\" \/><\/a><\/p>\n<\/div>\n<div class=\"two-thirds\">Instituto Geol\u00f3gico Minero Metal\u00fargico<br \/>\n<a href=\"https:\/\/www.gob.pe\/ingemmet\" target=\"_blank\" rel=\"noopener noreferrer\">INGEMMET<\/a><br \/>\n<strong>Presidente del Consejo Directivo:<\/strong><br \/>\nIng. Paolo Joel Andr\u00e9s Alzamora<\/div>\n<div style=\"border-bottom: 3px solid #fff; clear: both; padding-top: 2px; margin-bottom: 2px;\"><\/div>\n<h2 style=\"color: #803300;\"><strong>PORTUGAL<\/strong><\/h2>\n<div class=\"one-third first\">\n<p><a href=\"http:\/\/www.lneg.pt\" target=\"_blank\" rel=\"noopener noreferrer\"><img loading=\"lazy\" decoding=\"async\" class=\"aligncenter size-full wp-image-2032\" src=\"https:\/\/asgmi.org\/wp-content\/uploads\/2018\/07\/20-Portugal.png\" alt=\"\" width=\"155\" height=\"47\" \/><\/a><\/p>\n<\/div>\n<div class=\"two-thirds\">Laborat\u00f3rio Nacional de Energia e Geologia<br \/>\n<a href=\"http:\/\/www.lneg.pt\" target=\"_blank\" rel=\"noopener noreferrer\">LNEG<\/a><br \/>\n<strong>Presidente del Consejo de Direcci\u00f3n:<\/strong><br \/>\nDra. Maria Teresa Ponce de Le\u00e3o<\/div>\n<div style=\"border-bottom: 3px solid #fff; clear: both; padding-top: 2px; margin-bottom: 2px;\"><\/div>\n<h2 style=\"color: #803300;\"><strong>REP\u00daBLICA DOMINICANA<\/strong><\/h2>\n<div class=\"one-third first\">\n<p><a href=\"https:\/\/www.sgn.gob.do\/\" target=\"_blank\" rel=\"noopener noreferrer\"><img loading=\"lazy\" decoding=\"async\" class=\"aligncenter size-full wp-image-2033\" src=\"https:\/\/asgmi.org\/wp-content\/uploads\/2018\/07\/21-Rep-Dominicana.png\" alt=\"\" width=\"217\" height=\"75\" \/><\/a><\/p>\n<\/div>\n<div class=\"two-thirds\">\n<p><a href=\"http:\/\/www.sgn.gob.do\/\" target=\"_blank\" rel=\"noopener noreferrer\">Servicio Geol\u00f3gico Nacional<\/a><br \/>\n<strong>Director General del Servicio Geol\u00f3gico Nacional (SGN):<\/strong><br \/>\nIng. Edwin Garc\u00eda<\/p>\n<\/div>\n<div style=\"border-bottom: 3px solid #fff; clear: both; padding-top: 2px; margin-bottom: 2px;\"><\/div>\n<h2 style=\"color: #803300;\"><strong>URUGUAY<\/strong><\/h2>\n<div class=\"one-third first\"><a href=\"http:\/\/www.dinamige.gub.uy\/\" target=\"_blank\" rel=\"noopener noreferrer\"><img loading=\"lazy\" decoding=\"async\" class=\"aligncenter size-full wp-image-2998\" src=\"https:\/\/asgmi.org\/wp-content\/uploads\/2020\/09\/Direcci\u00f3n-Nacional-de-Miner\u00eda-y-Geolog\u00eda-Uruguay-scaled.jpg\" alt=\"\" width=\"2560\" height=\"941\" srcset=\"https:\/\/asgmi.org\/wp-content\/uploads\/2020\/09\/Direcci\u00f3n-Nacional-de-Miner\u00eda-y-Geolog\u00eda-Uruguay-scaled.jpg 2560w, https:\/\/asgmi.org\/wp-content\/uploads\/2020\/09\/Direcci\u00f3n-Nacional-de-Miner\u00eda-y-Geolog\u00eda-Uruguay-300x110.jpg 300w, https:\/\/asgmi.org\/wp-content\/uploads\/2020\/09\/Direcci\u00f3n-Nacional-de-Miner\u00eda-y-Geolog\u00eda-Uruguay-1024x376.jpg 1024w, https:\/\/asgmi.org\/wp-content\/uploads\/2020\/09\/Direcci\u00f3n-Nacional-de-Miner\u00eda-y-Geolog\u00eda-Uruguay-768x282.jpg 768w, https:\/\/asgmi.org\/wp-content\/uploads\/2020\/09\/Direcci\u00f3n-Nacional-de-Miner\u00eda-y-Geolog\u00eda-Uruguay-1536x564.jpg 1536w, https:\/\/asgmi.org\/wp-content\/uploads\/2020\/09\/Direcci\u00f3n-Nacional-de-Miner\u00eda-y-Geolog\u00eda-Uruguay-2048x752.jpg 2048w\" sizes=\"(max-width: 2560px) 100vw, 2560px\" \/><\/a><\/div>\n<div class=\"two-thirds\">Direcci\u00f3n Nacional de Miner\u00eda y Geolog\u00eda<br \/>\n<a href=\"http:\/\/www.dinamige.gub.uy\/\" target=\"_blank\" rel=\"noopener noreferrer\">DINAMIGE<\/a><br \/>\n<strong>Director Nacional de Miner\u00eda y Geolog\u00eda:<\/strong><br \/>\nLic. N\u00e9stor Campal<\/div>\n<div style=\"border-bottom: 3px solid #fff; clear: both; padding-top: 2px; margin-bottom: 2px;\"><\/div>\n<h2 style=\"color: #803300;\"><strong>VENEZUELA<\/strong><\/h2>\n<div class=\"one-third first\">\n<p><a href=\"http:\/\/www.ingeomin.gob.ve\/\" target=\"_blank\" rel=\"noopener noreferrer\"><img loading=\"lazy\" decoding=\"async\" class=\"aligncenter size-full wp-image-2035\" src=\"https:\/\/asgmi.org\/wp-content\/uploads\/2018\/07\/23-Venezuela.png\" alt=\"\" width=\"83\" height=\"77\" \/><\/a><\/p>\n<\/div>\n<div class=\"two-thirds\">Instituto Nacional de Geolog\u00eda y Miner\u00eda<br \/>\n<a href=\"http:\/\/www.ingeomin.gob.ve\/\" target=\"_blank\" rel=\"noopener noreferrer\">INGEOMIN<\/a><br \/>\n<strong>Presidente:<\/strong><br \/>\nMSc Alejandro Mart\u00ednez Herrera<\/div>\n<\/div>\n<div style=\"border-bottom: 3px solid #fff; clear: both; padding-top: 10px; margin-bottom: 2px;\"><\/div>\n<h2 style=\"color: #803300;\"><strong>SECRETAR\u00cdA GENERAL DE LA ASGMI<\/strong><\/h2>\n<p>&nbsp;<\/p>\n<div class=\"one-fourth first\">\n<p><img loading=\"lazy\" decoding=\"async\" class=\"alignleft size-large wp-image-12\" src=\"https:\/\/asgmi.org\/wp-content\/uploads\/2018\/05\/logo-asgmi-web-1024x384.png\" alt=\"\" width=\"1024\" height=\"384\" srcset=\"https:\/\/asgmi.org\/wp-content\/uploads\/2018\/05\/logo-asgmi-web-1024x384.png 1024w, https:\/\/asgmi.org\/wp-content\/uploads\/2018\/05\/logo-asgmi-web-300x112.png 300w, https:\/\/asgmi.org\/wp-content\/uploads\/2018\/05\/logo-asgmi-web-768x288.png 768w\" sizes=\"(max-width: 1024px) 100vw, 1024px\" \/><\/p>\n<\/div>\n<div class=\"three-fourths\"><strong>Secretaria General:<\/strong><br \/>\nM.Sc. Gracia Olivenza Jim\u00e9nez<br \/>\nasgmi@asgmi.org<\/div>\n<div style=\"border-bottom: 3px solid #fff; clear: both; padding-top: 1px; margin-bottom: 2px;\"><\/div>\n<h2 style=\"color: #803300;\"><strong>MIEMBROS DE HONOR:<\/strong><\/h2>\n<p><strong>Dr.Gabald\u00f3n, Vicente<\/strong> &#8211; Presidente de Honor (Espa\u00f1a)<br \/>\n<strong>Dr. Alexandri, Rafael<\/strong> &#8211; M\u00e9xico<br \/>\n<strong>Ing. Castro, Francisco J.<\/strong> &#8211; Costa Rica<br \/>\n<strong>Dr. Dantas, Agamen\u00f3n.<\/strong> &#8211; Brasil<br \/>\n<strong>Ing. Vilca, Susana G.<\/strong> &#8211; Per\u00fa<\/p>\n","protected":false},"excerpt":{"rendered":"<p>SERVICIOS GEOL\u00d3GICOS MIEMBROS DE LA ASGMI &nbsp; ARGENTINA Servicio Geol\u00f3gico Minero Argentino SEGEMAR Presidente: Dr. Julio Matteo Bruna Novillo BOLIVIA Servicio Geol\u00f3gico Minero SERGEOMIN Director Ejecutivo: Msc. Ing. Jorge R. Bellot La Torre BRASIL CPRM-Servi\u00e7o Geol\u00f3gico do Brasil Diretor-Presidente Vilmar Medeiros Sim\u00f5es. CHILE Servicio Nacional de Geolog\u00eda y Miner\u00eda SERNAGEOMIN Director Nacional: Ing. Andr\u00e9s Le\u00f3n [&hellip;]<\/p>\n","protected":false},"author":1,"featured_media":0,"parent":0,"menu_order":0,"comment_status":"closed","ping_status":"closed","template":"","meta":{"_genesis_hide_title":false,"_genesis_hide_breadcrumbs":false,"_genesis_hide_singular_image":false,"_genesis_hide_footer_widgets":false,"_genesis_custom_body_class":"full title-hidden","_genesis_custom_post_class":"","_genesis_layout":"","footnotes":""},"class_list":{"0":"post-24","1":"page","2":"type-page","3":"status-publish","5":"entry","6":"has-post-thumbnail"},"_links":{"self":[{"href":"https:\/\/asgmi.org\/en\/wp-json\/wp\/v2\/pages\/24","targetHints":{"allow":["GET"]}}],"collection":[{"href":"https:\/\/asgmi.org\/en\/wp-json\/wp\/v2\/pages"}],"about":[{"href":"https:\/\/asgmi.org\/en\/wp-json\/wp\/v2\/types\/page"}],"author":[{"embeddable":true,"href":"https:\/\/asgmi.org\/en\/wp-json\/wp\/v2\/users\/1"}],"replies":[{"embeddable":true,"href":"https:\/\/asgmi.org\/en\/wp-json\/wp\/v2\/comments?post=24"}],"version-history":[{"count":163,"href":"https:\/\/asgmi.org\/en\/wp-json\/wp\/v2\/pages\/24\/revisions"}],"predecessor-version":[{"id":5235,"href":"https:\/\/asgmi.org\/en\/wp-json\/wp\/v2\/pages\/24\/revisions\/5235"}],"wp:attachment":[{"href":"https:\/\/asgmi.org\/en\/wp-json\/wp\/v2\/media?parent=24"}],"curies":[{"name":"wp","href":"https:\/\/api.w.org\/{rel}","templated":true}]}}