{"id":2979,"date":"2020-08-31T09:40:37","date_gmt":"2020-08-31T09:40:37","guid":{"rendered":"https:\/\/asgmi.org\/grupo-de-expertos-en-pasivos-ambientales-mineros-2-copy\/"},"modified":"2024-03-06T10:15:40","modified_gmt":"2024-03-06T10:15:40","slug":"grupo-de-expertos-en-cooperacion-internacional","status":"publish","type":"page","link":"https:\/\/asgmi.org\/en\/grupo-de-expertos-en-cooperacion-internacional\/","title":{"rendered":"Expert Group in International Cooperation"},"content":{"rendered":"\t\t<div data-elementor-type=\"wp-page\" data-elementor-id=\"2979\" class=\"elementor elementor-2979\" data-elementor-post-type=\"page\">\n\t\t\t\t\t\t<section class=\"elementor-section elementor-top-section elementor-element elementor-element-02dae4f elementor-section-stretched elementor-section-full_width elementor-section-height-default elementor-section-height-default\" data-id=\"02dae4f\" data-element_type=\"section\" data-settings=\"{&quot;stretch_section&quot;:&quot;section-stretched&quot;,&quot;background_background&quot;:&quot;classic&quot;}\">\n\t\t\t\t\t\t<div class=\"elementor-container elementor-column-gap-default\">\n\t\t\t\t\t<div class=\"elementor-column elementor-col-100 elementor-top-column elementor-element elementor-element-6e3a394\" data-id=\"6e3a394\" data-element_type=\"column\">\n\t\t\t<div class=\"elementor-widget-wrap elementor-element-populated\">\n\t\t\t\t\t\t<section class=\"elementor-section elementor-inner-section elementor-element elementor-element-c37c1f5 elementor-section-boxed elementor-section-height-default elementor-section-height-default\" data-id=\"c37c1f5\" data-element_type=\"section\">\n\t\t\t\t\t\t<div class=\"elementor-container elementor-column-gap-default\">\n\t\t\t\t\t<div class=\"elementor-column elementor-col-50 elementor-inner-column elementor-element elementor-element-0ecf73f\" data-id=\"0ecf73f\" data-element_type=\"column\">\n\t\t\t<div class=\"elementor-widget-wrap elementor-element-populated\">\n\t\t\t\t\t\t<div class=\"elementor-element elementor-element-d38af24 elementor-widget elementor-widget-spacer\" data-id=\"d38af24\" data-element_type=\"widget\" data-widget_type=\"spacer.default\">\n\t\t\t\t<div class=\"elementor-widget-container\">\n\t\t\t\t\t\t\t<div class=\"elementor-spacer\">\n\t\t\t<div class=\"elementor-spacer-inner\"><\/div>\n\t\t<\/div>\n\t\t\t\t\t\t<\/div>\n\t\t\t\t<\/div>\n\t\t\t\t<div class=\"elementor-element elementor-element-0e78694 elementor-widget elementor-widget-heading\" data-id=\"0e78694\" data-element_type=\"widget\" data-widget_type=\"heading.default\">\n\t\t\t\t<div class=\"elementor-widget-container\">\n\t\t\t\t\t<h2 class=\"elementor-heading-title elementor-size-default\">grupo de expertos en cooperaci\u00f3n internacional<\/h2>\t\t\t\t<\/div>\n\t\t\t\t<\/div>\n\t\t\t\t<div class=\"elementor-element elementor-element-a2a7787 elementor-widget elementor-widget-spacer\" data-id=\"a2a7787\" data-element_type=\"widget\" data-widget_type=\"spacer.default\">\n\t\t\t\t<div class=\"elementor-widget-container\">\n\t\t\t\t\t\t\t<div class=\"elementor-spacer\">\n\t\t\t<div class=\"elementor-spacer-inner\"><\/div>\n\t\t<\/div>\n\t\t\t\t\t\t<\/div>\n\t\t\t\t<\/div>\n\t\t\t\t\t<\/div>\n\t\t<\/div>\n\t\t\t\t<div class=\"elementor-column elementor-col-50 elementor-inner-column elementor-element elementor-element-3550753\" data-id=\"3550753\" data-element_type=\"column\">\n\t\t\t<div class=\"elementor-widget-wrap\">\n\t\t\t\t\t\t\t<\/div>\n\t\t<\/div>\n\t\t\t\t\t<\/div>\n\t\t<\/section>\n\t\t\t\t\t<\/div>\n\t\t<\/div>\n\t\t\t\t\t<\/div>\n\t\t<\/section>\n\t\t\t\t<section class=\"elementor-section elementor-top-section elementor-element elementor-element-af8f3b0 elementor-section-stretched elementor-section-full_width elementor-section-height-default elementor-section-height-default\" data-id=\"af8f3b0\" data-element_type=\"section\" data-settings=\"{&quot;stretch_section&quot;:&quot;section-stretched&quot;,&quot;background_background&quot;:&quot;classic&quot;}\">\n\t\t\t\t\t\t<div class=\"elementor-container elementor-column-gap-default\">\n\t\t\t\t\t<div class=\"elementor-column elementor-col-100 elementor-top-column elementor-element elementor-element-4b2a7dd\" data-id=\"4b2a7dd\" data-element_type=\"column\">\n\t\t\t<div class=\"elementor-widget-wrap elementor-element-populated\">\n\t\t\t\t\t\t<section class=\"elementor-section elementor-inner-section elementor-element elementor-element-944abce elementor-section-boxed elementor-section-height-default elementor-section-height-default\" data-id=\"944abce\" data-element_type=\"section\" data-settings=\"{&quot;background_background&quot;:&quot;classic&quot;}\">\n\t\t\t\t\t\t<div class=\"elementor-container elementor-column-gap-default\">\n\t\t\t\t\t<div class=\"elementor-column elementor-col-100 elementor-inner-column elementor-element elementor-element-da69660\" data-id=\"da69660\" data-element_type=\"column\">\n\t\t\t<div class=\"elementor-widget-wrap elementor-element-populated\">\n\t\t\t\t\t\t<div class=\"elementor-element elementor-element-9a548ce elementor-widget elementor-widget-heading\" data-id=\"9a548ce\" data-element_type=\"widget\" data-widget_type=\"heading.default\">\n\t\t\t\t<div class=\"elementor-widget-container\">\n\t\t\t\t\t<h2 class=\"elementor-heading-title elementor-size-default\">ANTECEDENTES:<\/h2>\t\t\t\t<\/div>\n\t\t\t\t<\/div>\n\t\t\t\t<div class=\"elementor-element elementor-element-56dca46 elementor-widget elementor-widget-text-editor\" data-id=\"56dca46\" data-element_type=\"widget\" data-widget_type=\"text-editor.default\">\n\t\t\t\t<div class=\"elementor-widget-container\">\n\t\t\t\t\t\t\t\t\tEl <strong>Grupo de Expertos en Cooperaci\u00f3n Internacional (GECI) <\/strong>se crea por decisi\u00f3n de la Junta Directiva (reuni\u00f3n 08\/2016) con las funciones iniciales de elaborar, cuando proceda, propuestas de proyectos y mantener estrechas relaciones con el grupo hom\u00f3logo de EuroGeoSurveys (EGS).   \t\t\t\t\t\t\t\t<\/div>\n\t\t\t\t<\/div>\n\t\t\t\t<div class=\"elementor-element elementor-element-934c7e6 elementor-widget elementor-widget-text-editor\" data-id=\"934c7e6\" data-element_type=\"widget\" data-widget_type=\"text-editor.default\">\n\t\t\t\t<div class=\"elementor-widget-container\">\n\t\t\t\t\t\t\t\t\tEl grupo se integra inicialmente con Diana Ponce de Le\u00f3n (IGME), como coordinadora t\u00e9cnica, Gloria Prieto (SGC) y Enrique Espinosa (SGM).  \t\t\t\t\t\t\t\t<\/div>\n\t\t\t\t<\/div>\n\t\t\t\t<div class=\"elementor-element elementor-element-0e43482 elementor-widget elementor-widget-text-editor\" data-id=\"0e43482\" data-element_type=\"widget\" data-widget_type=\"text-editor.default\">\n\t\t\t\t<div class=\"elementor-widget-container\">\n\t\t\t\t\t\t\t\t\tTras la XXIII Asamblea de ASGMI celebrada en la Habana (noviembre 2017) se decide la creaci\u00f3n del Grupo de Patrimonio Geol\u00f3gico, as\u00ed como la reactivaci\u00f3n del Grupo de Pasivos Mineros y la propia consolidaci\u00f3n del Grupo de Cooperaci\u00f3n Internacional, todo ello impulsado desde este \u00faltimo Grupo, solicitando para ello a todos los miembros de ASGMI su colaboraci\u00f3n y participaci\u00f3n en los mismos.  \t\t\t\t\t\t\t\t<\/div>\n\t\t\t\t<\/div>\n\t\t\t\t<div class=\"elementor-element elementor-element-16bb743 elementor-widget elementor-widget-heading\" data-id=\"16bb743\" data-element_type=\"widget\" data-widget_type=\"heading.default\">\n\t\t\t\t<div class=\"elementor-widget-container\">\n\t\t\t\t\t<h2 class=\"elementor-heading-title elementor-size-default\">MISI\u00d3N Y VISI\u00d3N DEL GRUPO DE EXPERTOS EN COOPERACI\u00d3N INTERNACIONAL:<\/h2>\t\t\t\t<\/div>\n\t\t\t\t<\/div>\n\t\t\t\t<div class=\"elementor-element elementor-element-a8c4860 elementor-widget elementor-widget-text-editor\" data-id=\"a8c4860\" data-element_type=\"widget\" data-widget_type=\"text-editor.default\">\n\t\t\t\t<div class=\"elementor-widget-container\">\n\t\t\t\t\t\t\t\t\tLa <strong>misi\u00f3n<\/strong> del GECI es facilitar la cooperaci\u00f3n entre los miembros de ASGMI a trav\u00e9s de sus diferentes grupos de trabajo y mediante proyectos conjuntos, as\u00ed como promover y gestionar la cooperaci\u00f3n con otros organismos y asociaciones internacionales.  \t\t\t\t\t\t\t\t<\/div>\n\t\t\t\t<\/div>\n\t\t\t\t<div class=\"elementor-element elementor-element-477e3dc elementor-widget elementor-widget-text-editor\" data-id=\"477e3dc\" data-element_type=\"widget\" data-widget_type=\"text-editor.default\">\n\t\t\t\t<div class=\"elementor-widget-container\">\n\t\t\t\t\t\t\t\t\tLa <strong>visi\u00f3n <\/strong>del GECI es apoyar el fortalecimiento de la Asociaci\u00f3n mediante la cooperaci\u00f3n entre sus miembros, as\u00ed como contribuir al reconocimiento internacional de ASGMI como referente t\u00e9cnico-cient\u00edfico en el campo de las Ciencias de la Tierra en Iberoam\u00e9rica, reforzando de esta manera la posici\u00f3n de las geo-ciencias iberoamericanas en el mundo y contribuyendo al desarrollo de la regi\u00f3n.  \t\t\t\t\t\t\t\t<\/div>\n\t\t\t\t<\/div>\n\t\t\t\t<div class=\"elementor-element elementor-element-9851239 elementor-widget elementor-widget-heading\" data-id=\"9851239\" data-element_type=\"widget\" data-widget_type=\"heading.default\">\n\t\t\t\t<div class=\"elementor-widget-container\">\n\t\t\t\t\t<h2 class=\"elementor-heading-title elementor-size-default\">OBJETIVOS A CORTO Y MEDIO PLAZO:<\/h2>\t\t\t\t<\/div>\n\t\t\t\t<\/div>\n\t\t\t\t<div class=\"elementor-element elementor-element-3842fd9 elementor-icon-list--layout-traditional elementor-list-item-link-full_width elementor-widget elementor-widget-icon-list\" data-id=\"3842fd9\" data-element_type=\"widget\" data-widget_type=\"icon-list.default\">\n\t\t\t\t<div class=\"elementor-widget-container\">\n\t\t\t\t\t\t\t<ul class=\"elementor-icon-list-items\">\n\t\t\t\t\t\t\t<li class=\"elementor-icon-list-item\">\n\t\t\t\t\t\t\t\t\t\t\t<span class=\"elementor-icon-list-icon\">\n\t\t\t\t\t\t\t<i aria-hidden=\"true\" class=\"fas fa-check\"><\/i>\t\t\t\t\t\t<\/span>\n\t\t\t\t\t\t\t\t\t\t<span class=\"elementor-icon-list-text\">Consolidaci\u00f3n del grupo de trabajo para, con el apoyo de la Secretar\u00eda General, identificar fortalezas y debilidades en los servicios geol\u00f3gicos miembros de ASGMI y proponer proyectos de cooperaci\u00f3n internacional especialmente orientados a la capacitaci\u00f3n profesional y al fortalecimiento institucional.<\/span>\n\t\t\t\t\t\t\t\t\t<\/li>\n\t\t\t\t\t\t\t\t<li class=\"elementor-icon-list-item\">\n\t\t\t\t\t\t\t\t\t\t\t<span class=\"elementor-icon-list-icon\">\n\t\t\t\t\t\t\t<i aria-hidden=\"true\" class=\"fas fa-check\"><\/i>\t\t\t\t\t\t<\/span>\n\t\t\t\t\t\t\t\t\t\t<span class=\"elementor-icon-list-text\">Profundizar en la colaboraci\u00f3n con la Secretar\u00eda General para mejorar la coordinaci\u00f3n de los diferentes grupos de expertos y la participaci\u00f3n de sus miembros en los proyectos de ASGMI con financiaci\u00f3n externa.<\/span>\n\t\t\t\t\t\t\t\t\t<\/li>\n\t\t\t\t\t\t\t\t<li class=\"elementor-icon-list-item\">\n\t\t\t\t\t\t\t\t\t\t\t<span class=\"elementor-icon-list-icon\">\n\t\t\t\t\t\t\t<i aria-hidden=\"true\" class=\"fas fa-check\"><\/i>\t\t\t\t\t\t<\/span>\n\t\t\t\t\t\t\t\t\t\t<span class=\"elementor-icon-list-text\">Promover la equidad de g\u00e9nero y mejorar la visibilidad de la mujer en las actividades cient\u00edfico-t\u00e9cnicas propias de los servicios geol\u00f3gicos.<\/span>\n\t\t\t\t\t\t\t\t\t<\/li>\n\t\t\t\t\t\t<\/ul>\n\t\t\t\t\t\t<\/div>\n\t\t\t\t<\/div>\n\t\t\t\t\t<\/div>\n\t\t<\/div>\n\t\t\t\t\t<\/div>\n\t\t<\/section>\n\t\t\t\t\t<\/div>\n\t\t<\/div>\n\t\t\t\t\t<\/div>\n\t\t<\/section>\n\t\t\t\t<section class=\"elementor-section elementor-top-section elementor-element elementor-element-4089768 elementor-section-stretched elementor-section-full_width elementor-section-height-default elementor-section-height-default\" data-id=\"4089768\" data-element_type=\"section\" data-settings=\"{&quot;stretch_section&quot;:&quot;section-stretched&quot;,&quot;background_background&quot;:&quot;classic&quot;}\">\n\t\t\t\t\t\t<div class=\"elementor-container elementor-column-gap-default\">\n\t\t\t\t\t<div class=\"elementor-column elementor-col-100 elementor-top-column elementor-element elementor-element-843a4bd\" data-id=\"843a4bd\" data-element_type=\"column\">\n\t\t\t<div class=\"elementor-widget-wrap elementor-element-populated\">\n\t\t\t\t\t\t<section class=\"elementor-section elementor-inner-section elementor-element elementor-element-06e5599 elementor-section-boxed elementor-section-height-default elementor-section-height-default\" data-id=\"06e5599\" data-element_type=\"section\">\n\t\t\t\t\t\t<div class=\"elementor-container elementor-column-gap-default\">\n\t\t\t\t\t<div class=\"elementor-column elementor-col-100 elementor-inner-column elementor-element elementor-element-c5ef128\" data-id=\"c5ef128\" data-element_type=\"column\">\n\t\t\t<div class=\"elementor-widget-wrap elementor-element-populated\">\n\t\t\t\t\t\t<div class=\"elementor-element elementor-element-c37eb6b elementor-widget elementor-widget-heading\" data-id=\"c37eb6b\" data-element_type=\"widget\" data-widget_type=\"heading.default\">\n\t\t\t\t<div class=\"elementor-widget-container\">\n\t\t\t\t\t<h2 class=\"elementor-heading-title elementor-size-default\">INFORMES DE ACTIVIDAD DEL GRUPO:<\/h2>\t\t\t\t<\/div>\n\t\t\t\t<\/div>\n\t\t\t\t<div class=\"elementor-element elementor-element-cfb692c elementor-widget elementor-widget-heading\" data-id=\"cfb692c\" data-element_type=\"widget\" data-widget_type=\"heading.default\">\n\t\t\t\t<div class=\"elementor-widget-container\">\n\t\t\t\t\t<h2 class=\"elementor-heading-title elementor-size-default\">A\u00d1O 2022<\/h2>\t\t\t\t<\/div>\n\t\t\t\t<\/div>\n\t\t\t\t<div class=\"elementor-element elementor-element-f3b9883 elementor-widget elementor-widget-text-editor\" data-id=\"f3b9883\" data-element_type=\"widget\" data-widget_type=\"text-editor.default\">\n\t\t\t\t<div class=\"elementor-widget-container\">\n\t\t\t\t\t\t\t\t\t<p><a href=\"https:\/\/asgmi.org\/wp-content\/uploads\/2024\/02\/Informe-resumen-de-la-actividad-de-los-Grupos-de-Trabajo-de-ASGMI-en-2022.pdf\">Informe Anual 2022<\/a><img decoding=\"async\" class=\"alignleft size-full wp-image-2134\" src=\"https:\/\/asgmi.org\/wp-content\/uploads\/2018\/10\/001-pdf.png\" alt=\"\" width=\"32\" height=\"32\" \/><\/p>\t\t\t\t\t\t\t\t<\/div>\n\t\t\t\t<\/div>\n\t\t\t\t\t<\/div>\n\t\t<\/div>\n\t\t\t\t\t<\/div>\n\t\t<\/section>\n\t\t\t\t\t<\/div>\n\t\t<\/div>\n\t\t\t\t\t<\/div>\n\t\t<\/section>\n\t\t\t\t<\/div>\n\t\t","protected":false},"excerpt":{"rendered":"<p>grupo de expertos en cooperaci\u00f3n internacional ANTECEDENTES: El Grupo de Expertos en Cooperaci\u00f3n Internacional (GECI) se crea por decisi\u00f3n de la Junta Directiva (reuni\u00f3n 08\/2016) con las funciones iniciales de elaborar, cuando proceda, propuestas de proyectos y mantener estrechas relaciones con el grupo hom\u00f3logo de EuroGeoSurveys (EGS). El grupo se integra inicialmente con Diana Ponce [&hellip;]<\/p>\n","protected":false},"author":1,"featured_media":0,"parent":0,"menu_order":0,"comment_status":"closed","ping_status":"closed","template":"elementor_header_footer","meta":{"_genesis_hide_title":false,"_genesis_hide_breadcrumbs":false,"_genesis_hide_singular_image":false,"_genesis_hide_footer_widgets":false,"_genesis_custom_body_class":"","_genesis_custom_post_class":"","_genesis_layout":"","footnotes":""},"class_list":{"0":"post-2979","1":"page","2":"type-page","3":"status-publish","5":"entry","6":"has-post-thumbnail"},"_links":{"self":[{"href":"https:\/\/asgmi.org\/en\/wp-json\/wp\/v2\/pages\/2979","targetHints":{"allow":["GET"]}}],"collection":[{"href":"https:\/\/asgmi.org\/en\/wp-json\/wp\/v2\/pages"}],"about":[{"href":"https:\/\/asgmi.org\/en\/wp-json\/wp\/v2\/types\/page"}],"author":[{"embeddable":true,"href":"https:\/\/asgmi.org\/en\/wp-json\/wp\/v2\/users\/1"}],"replies":[{"embeddable":true,"href":"https:\/\/asgmi.org\/en\/wp-json\/wp\/v2\/comments?post=2979"}],"version-history":[{"count":43,"href":"https:\/\/asgmi.org\/en\/wp-json\/wp\/v2\/pages\/2979\/revisions"}],"predecessor-version":[{"id":4435,"href":"https:\/\/asgmi.org\/en\/wp-json\/wp\/v2\/pages\/2979\/revisions\/4435"}],"wp:attachment":[{"href":"https:\/\/asgmi.org\/en\/wp-json\/wp\/v2\/media?parent=2979"}],"curies":[{"name":"wp","href":"https:\/\/api.w.org\/{rel}","templated":true}]}}