{"id":3218,"date":"2021-04-13T16:46:39","date_gmt":"2021-04-13T16:46:39","guid":{"rendered":"https:\/\/asgmi.org\/?page_id=3218"},"modified":"2025-02-27T08:38:57","modified_gmt":"2025-02-27T08:38:57","slug":"grupo-de-expertos-en-patrimonio-geologico","status":"publish","type":"page","link":"https:\/\/asgmi.org\/en\/grupo-de-expertos-en-patrimonio-geologico\/","title":{"rendered":"Group of Experts in Geological Heritage"},"content":{"rendered":"<h2><strong>BACKGROUND:<\/strong><\/h2>\n<p>The <strong>Group of Experts in Geological Heritage<\/strong> -GEPG- was created in 2017 to comply with the Agreements of the XXIII ASGMI General Assembly held in Havana, Cuba, in November of that year with the priority mission of developing a working methodology for the Inventory of Places of Geological Interest applicable by the geological services members of the Association. It began its work immediately under the coordination of Dr. Marcela G\u00f3mez, Geological Survey of Colombia, with the support of Dr. Luis Carcavilla, Geological and Mining Institute of Spain, and Dr. Fernando Miranda, Geological Mining Service of Argentina.<\/p>\n<h2><strong>MISSION AND VISION OF THE GROUP OF EXPERTS IN GEOLOGICAL HERITAGE:<\/strong><\/h2>\n<p>In its beginnings the group had as its fundamental <strong>mission<\/strong> the elaboration of a common working methodology for the Inventory of Places of Geological Interest. This mission, after the celebration of the I Workshop on Geological Heritage, organized by the Colombian Geological Survey and held in 2018 in the city of Villa de Leyva, Colombia, has been extended to the realization of studies for the characterization of geological heritage and geological context with heritage interest.<\/p>\n<p>The <strong>vision<\/strong> of the group is to become an international reference in terms of inventory, characterization, protection and enhancement of geological and paleontological heritage, as a basis for economic and social development, especially in Latin American countries.<\/p>\n<h2><strong>MEDIUM AND LONG TERM OBJECTIVES:<\/strong><\/h2>\n<p>Consolidate lines of action for the implementation of common methodologies and working procedures for the evaluation of geological and paleontological heritage, highlighting the following:<\/p>\n<ul>\n<li>Project for the study and characterization of Sites and Contexts of Geological Interest in Ibero-America.<\/li>\n<li>Creation of the Geological Heritage Map of South America under the auspices of the Commission for Geological Map of the World.<\/li>\n<li>The role of geological services in the UNESCO Global Geoparks Network initiative.<\/li>\n<\/ul>\n<h2><strong>PUBLICATIONS:<\/strong><\/h2>\n<h2><strong>ASGMI. SITIOS DE INTER\u00c9S GEOL\u00d3GICO EN IBEROAM\u00c9RICA. <\/strong><\/h2>\n<p><iframe src=\"https:\/\/www.slideshare.net\/slideshow\/embed_code\/key\/zKok5lHDNLVDIn?hostedIn=slideshare&#038;page=upload\" width=\"476\" height=\"400\" frameborder=\"0\" marginwidth=\"0\" marginheight=\"0\" scrolling=\"no\"><\/iframe><\/p>\n<h2><strong>WORKSHOPS HELD:<\/strong><\/h2>\n<p><img fetchpriority=\"high\" decoding=\"async\" class=\"size-medium wp-image-3470 alignleft\" src=\"https:\/\/asgmi.org\/wp-content\/uploads\/2021\/11\/02-cartel-segundo-taller-300x217.jpg\" alt=\"\" width=\"300\" height=\"217\" srcset=\"https:\/\/asgmi.org\/wp-content\/uploads\/2021\/11\/02-cartel-segundo-taller-300x217.jpg 300w, https:\/\/asgmi.org\/wp-content\/uploads\/2021\/11\/02-cartel-segundo-taller-768x556.jpg 768w, https:\/\/asgmi.org\/wp-content\/uploads\/2021\/11\/02-cartel-segundo-taller.jpg 900w\" sizes=\"(max-width: 300px) 100vw, 300px\" \/><\/p>\n<p>&nbsp;<\/p>\n<p><strong>Virtual Workshop<\/strong> on <em>The Role of Geological Services in the Valorization of Geological Heritage<\/em> held on November 16 and 17, 2021.<\/p>\n<p><a href=\"https:\/\/asgmi.org\/wp-content\/uploads\/2021\/11\/Seminario-Patrimonio-Geol%C3%B3gico-Agenda-General_Def4.pdf\" target=\"_blank\" rel=\"noopener noreferrer\">WORKSHOP AGENDA<\/a><br \/>\n<a href=\"https:\/\/asgmi.org\/taller-internacional-el-rol-de-los-servicios-geologicos-en-la-valorizacion-del-patrimonio-geologico\/\" target=\"_blank\" rel=\"noopener noreferrer\">PRESENTATIONS<\/a><\/p>\n<p>&nbsp;<\/p>\n<p>&nbsp;<\/p>\n<p><img decoding=\"async\" class=\"size-medium wp-image-2188 alignleft\" src=\"https:\/\/asgmi.org\/wp-content\/uploads\/2018\/10\/Fotograf\u00eda-grupal-Taller-patrimonio-geol\u00f3gico-300x200.jpg\" alt=\"\" width=\"300\" height=\"200\" srcset=\"https:\/\/asgmi.org\/wp-content\/uploads\/2018\/10\/Fotograf\u00eda-grupal-Taller-patrimonio-geol\u00f3gico-300x200.jpg 300w, https:\/\/asgmi.org\/wp-content\/uploads\/2018\/10\/Fotograf\u00eda-grupal-Taller-patrimonio-geol\u00f3gico-768x512.jpg 768w, https:\/\/asgmi.org\/wp-content\/uploads\/2018\/10\/Fotograf\u00eda-grupal-Taller-patrimonio-geol\u00f3gico.jpg 800w\" sizes=\"(max-width: 300px) 100vw, 300px\" \/><\/p>\n<p><strong>International Workshop<\/strong> <em>First ASGMI Heritage Workshop: Ibero-America united for the integrated management of geological heritage<\/em>. Held from June 5 to 7, in Villa de Leyva, Colombia, and organized by the Colombian Geological Survey.<\/p>\n<p><a href=\"https:\/\/asgmi.org\/wp-content\/uploads\/2018\/10\/Acta-de-Acuerdos-Taller-Villa-de-Leyva-Colombia_Jun-2018.pdf\" target=\"_blank\" rel=\"noopener noreferrer\">MINUTES OF AGREEMENTS<\/a><\/p>\n<p>&nbsp;<\/p>\n<h2><strong>GROUP ACTIVITY REPORTS:<\/strong><\/h2>\n<h2><strong>YEAR 2022<\/strong><\/h2>\n<p><img decoding=\"async\" class=\"alignleft size-full wp-image-2134\" src=\"https:\/\/asgmi.org\/wp-content\/uploads\/2018\/10\/001-pdf.png\" alt=\"\" width=\"32\" height=\"32\" \/><a href=\"https:\/\/asgmi.org\/wp-content\/uploads\/2024\/02\/Informe-resumen-de-la-actividad-de-los-Grupos-de-Trabajo-de-ASGMI-en-2022.pdf\">Annual Report 2022<\/a>","protected":false},"excerpt":{"rendered":"<p>BACKGROUND: The Group of Experts in Geological Heritage -GEPG- was created in 2017 to comply with the Agreements of the XXIII ASGMI General Assembly held in Havana, Cuba, in November of that year with the priority mission of developing a working methodology for the Inventory of Places of Geological Interest applicable by the geological services [&hellip;]<\/p>\n","protected":false},"author":1,"featured_media":0,"parent":0,"menu_order":0,"comment_status":"closed","ping_status":"closed","template":"","meta":{"_genesis_hide_title":false,"_genesis_hide_breadcrumbs":false,"_genesis_hide_singular_image":false,"_genesis_hide_footer_widgets":false,"_genesis_custom_body_class":"","_genesis_custom_post_class":"","_genesis_layout":"","footnotes":""},"class_list":{"0":"post-3218","1":"page","2":"type-page","3":"status-publish","5":"entry"},"_links":{"self":[{"href":"https:\/\/asgmi.org\/en\/wp-json\/wp\/v2\/pages\/3218","targetHints":{"allow":["GET"]}}],"collection":[{"href":"https:\/\/asgmi.org\/en\/wp-json\/wp\/v2\/pages"}],"about":[{"href":"https:\/\/asgmi.org\/en\/wp-json\/wp\/v2\/types\/page"}],"author":[{"embeddable":true,"href":"https:\/\/asgmi.org\/en\/wp-json\/wp\/v2\/users\/1"}],"replies":[{"embeddable":true,"href":"https:\/\/asgmi.org\/en\/wp-json\/wp\/v2\/comments?post=3218"}],"version-history":[{"count":16,"href":"https:\/\/asgmi.org\/en\/wp-json\/wp\/v2\/pages\/3218\/revisions"}],"predecessor-version":[{"id":4955,"href":"https:\/\/asgmi.org\/en\/wp-json\/wp\/v2\/pages\/3218\/revisions\/4955"}],"wp:attachment":[{"href":"https:\/\/asgmi.org\/en\/wp-json\/wp\/v2\/media?parent=3218"}],"curies":[{"name":"wp","href":"https:\/\/api.w.org\/{rel}","templated":true}]}}