{"id":3222,"date":"2021-04-13T17:05:06","date_gmt":"2021-04-13T17:05:06","guid":{"rendered":"https:\/\/asgmi.org\/?page_id=3222"},"modified":"2024-03-19T12:25:38","modified_gmt":"2024-03-19T12:25:38","slug":"grupo-de-expertos-en-red-de-museos","status":"publish","type":"page","link":"https:\/\/asgmi.org\/en\/grupo-de-expertos-en-red-de-museos\/","title":{"rendered":"Group of Experts in Museums and Lithotheques Network"},"content":{"rendered":"<h2><strong>BACKGROUND:<\/strong><\/h2>\n<p>The Group of Experts in Museums and Lithotheques Network-GERM- is created to comply with the Agreements of the XXIV ASGMI General Assembly held in August 2018 Salta, Argentina, with the aim of contributing and promoting the conservation and enhancement of movable geological heritage, as well as educational activities in geology. In principle, the geology, paleontology and mining museums existing in the geological services members of ASGMI would be part of the working group.<\/p>\n<p>The Group is coordinated by Dr. Nathalia Wilkelmann Roitberg of the Servi\u00e7o Geol\u00f3gico do Brasil with Dr. Z\u00e9lia Pereira of the Laborat\u00f3rio Nacional de Energia e Geologia as deputy coordinator.<\/p>\n<h2><strong>MISSION AND VISION OF THE GROUP OF EXPERTS IN MUSEUMS AND LITHOTHEQUES NETWORK<\/strong><\/h2>\n<p>According to the criteria considered for its creation, the <strong>mission<\/strong> of the group is to promote the conservation and enhancement of movable geological heritage, in a broad sense, as well as educational activities in the field of geology.<\/p>\n<p>The <strong>vision<\/strong> is to develop geological museums and to have in the near future a common web platform incorporating visual information from the different museums that make up the Network with the general objective of giving greater visibility to them and to the joint work of ASGMI.<\/p>\n<h2><strong>SHORT AND MEDIUM TERM OBJECTIVES:<\/strong><\/h2>\n<p>In the short and medium term, the GERM aims to:<\/p>\n<ul>\n<li>Writing a joint article showing the importance of conservation and dissemination of movable geological heritage, and how Geological Surveys contribute to this objective through their museums and\/or related departments.<\/li>\n<li>Define specific lines of work to give visibility to the activity carried out in Geological Museums and the role they play in the conservation and dissemination of geological heritage and geodiversity.<\/li>\n<\/ul>\n<h2><strong>WORKSHOPS HELD:<\/strong><\/h2>\n<p><a href=\"https:\/\/asgmi.org\/wp-content\/uploads\/2024\/03\/Diapositiva1.jpg\"><img fetchpriority=\"high\" decoding=\"async\" class=\"alignnone size-medium wp-image-4470\" src=\"https:\/\/asgmi.org\/wp-content\/uploads\/2024\/03\/Diapositiva1.jpg\" alt=\"\" width=\"212\" height=\"300\" srcset=\"https:\/\/asgmi.org\/wp-content\/uploads\/2024\/03\/Diapositiva1.jpg 793w, https:\/\/asgmi.org\/wp-content\/uploads\/2024\/03\/Diapositiva1-212x300.jpg 212w, https:\/\/asgmi.org\/wp-content\/uploads\/2024\/03\/Diapositiva1-723x1024.jpg 723w, https:\/\/asgmi.org\/wp-content\/uploads\/2024\/03\/Diapositiva1-768x1088.jpg 768w\" sizes=\"(max-width: 212px) 100vw, 212px\" \/><\/a> <a href=\"https:\/\/asgmi.org\/wp-content\/uploads\/2024\/03\/Diapositiva2.jpg\"><img decoding=\"async\" class=\"alignnone size-medium wp-image-4471\" src=\"https:\/\/asgmi.org\/wp-content\/uploads\/2024\/03\/Diapositiva2.jpg\" alt=\"\" width=\"212\" height=\"300\" srcset=\"https:\/\/asgmi.org\/wp-content\/uploads\/2024\/03\/Diapositiva2.jpg 793w, https:\/\/asgmi.org\/wp-content\/uploads\/2024\/03\/Diapositiva2-212x300.jpg 212w, https:\/\/asgmi.org\/wp-content\/uploads\/2024\/03\/Diapositiva2-723x1024.jpg 723w, https:\/\/asgmi.org\/wp-content\/uploads\/2024\/03\/Diapositiva2-768x1088.jpg 768w\" sizes=\"(max-width: 212px) 100vw, 212px\" \/><\/a><br \/>\n<strong>Online Workshop<\/strong> on <em>Iberoamerican Museums and Lithothem Libraries: Custodians, curators and disseminators of geodiversity<\/em>, held on November 10, 2022.<\/p>\n<p><a href=\"https:\/\/www.youtube.com\/watch?v=ewEMEzzJlKk\">WORKSHOP RECORDINGS<\/a><\/p>\n<h2><strong>DOCUMENTS GENERATED BY THE GROUP OF EXPERTS: <\/strong><\/h2>\n<p>DOWNLOAD THE ASGMI MUSEUM NETWORK BROCHURE:<\/p>\n<p><a href=\"https:\/\/asgmi.org\/wp-content\/uploads\/2021\/09\/00-Folleto-red-museos_def.pdf\"><img decoding=\"async\" class=\"aligncenter size-full wp-image-3336\" src=\"https:\/\/asgmi.org\/wp-content\/uploads\/2021\/09\/Portada-folleto-red-de-museos-asgmi.jpg\" alt=\"\" width=\"865\" height=\"601\" srcset=\"https:\/\/asgmi.org\/wp-content\/uploads\/2021\/09\/Portada-folleto-red-de-museos-asgmi.jpg 865w, https:\/\/asgmi.org\/wp-content\/uploads\/2021\/09\/Portada-folleto-red-de-museos-asgmi-300x208.jpg 300w, https:\/\/asgmi.org\/wp-content\/uploads\/2021\/09\/Portada-folleto-red-de-museos-asgmi-768x534.jpg 768w\" sizes=\"(max-width: 865px) 100vw, 865px\" \/><\/a><\/p>\n<h2><strong>GROUP ACTIVITY REPORTS:<\/strong><\/h2>\n<h2><strong>YEAR 2022<\/strong><\/h2>\n<p><img loading=\"lazy\" decoding=\"async\" class=\"alignleft size-full wp-image-2134\" src=\"https:\/\/asgmi.org\/wp-content\/uploads\/2018\/10\/001-pdf.png\" alt=\"\" width=\"32\" height=\"32\" \/><a href=\"https:\/\/asgmi.org\/wp-content\/uploads\/2024\/02\/Informe-resumen-de-la-actividad-de-los-Grupos-de-Trabajo-de-ASGMI-en-2022.pdf\">Annual Report 2022<\/a>","protected":false},"excerpt":{"rendered":"<p>BACKGROUND: The Group of Experts in Museums and Lithotheques Network-GERM- is created to comply with the Agreements of the XXIV ASGMI General Assembly held in August 2018 Salta, Argentina, with the aim of contributing and promoting the conservation and enhancement of movable geological heritage, as well as educational activities in geology. In principle, the geology, [&hellip;]<\/p>\n","protected":false},"author":1,"featured_media":3336,"parent":0,"menu_order":0,"comment_status":"closed","ping_status":"closed","template":"","meta":{"_genesis_hide_title":false,"_genesis_hide_breadcrumbs":false,"_genesis_hide_singular_image":false,"_genesis_hide_footer_widgets":false,"_genesis_custom_body_class":"","_genesis_custom_post_class":"","_genesis_layout":"","footnotes":""},"class_list":{"0":"post-3222","1":"page","2":"type-page","3":"status-publish","4":"has-post-thumbnail","6":"entry"},"_links":{"self":[{"href":"https:\/\/asgmi.org\/en\/wp-json\/wp\/v2\/pages\/3222","targetHints":{"allow":["GET"]}}],"collection":[{"href":"https:\/\/asgmi.org\/en\/wp-json\/wp\/v2\/pages"}],"about":[{"href":"https:\/\/asgmi.org\/en\/wp-json\/wp\/v2\/types\/page"}],"author":[{"embeddable":true,"href":"https:\/\/asgmi.org\/en\/wp-json\/wp\/v2\/users\/1"}],"replies":[{"embeddable":true,"href":"https:\/\/asgmi.org\/en\/wp-json\/wp\/v2\/comments?post=3222"}],"version-history":[{"count":13,"href":"https:\/\/asgmi.org\/en\/wp-json\/wp\/v2\/pages\/3222\/revisions"}],"predecessor-version":[{"id":4564,"href":"https:\/\/asgmi.org\/en\/wp-json\/wp\/v2\/pages\/3222\/revisions\/4564"}],"wp:featuredmedia":[{"embeddable":true,"href":"https:\/\/asgmi.org\/en\/wp-json\/wp\/v2\/media\/3336"}],"wp:attachment":[{"href":"https:\/\/asgmi.org\/en\/wp-json\/wp\/v2\/media?parent=3222"}],"curies":[{"name":"wp","href":"https:\/\/api.w.org\/{rel}","templated":true}]}}