{"id":3243,"date":"2021-04-16T10:44:34","date_gmt":"2021-04-16T10:44:34","guid":{"rendered":"https:\/\/asgmi.org\/?page_id=3243"},"modified":"2024-03-19T12:27:32","modified_gmt":"2024-03-19T12:27:32","slug":"grupo-de-expertos-en-informacion-geocientifica","status":"publish","type":"page","link":"https:\/\/asgmi.org\/en\/grupo-de-expertos-en-informacion-geocientifica\/","title":{"rendered":"Group of Experts in Geoscientific Information Systems"},"content":{"rendered":"<h2><strong>BACKGROUND:<\/strong><\/h2>\n<p>The <strong>Group of Experts in Geoscientific Information Systems <\/strong>-GESIG-\u00a0is created, in compliance with the agreements of the XXIV ASGMI General Assembly held in the city of Salta, Argentina, with the general objective of having working procedures and methodologies that allow sharing the experiences and geoscientific information generated in the geological services.<\/p>\n<p>The Group is coordinated by Dr. Lucila G\u00f3mez of the Colombian Geological Survey and Dr. Rom\u00e1n Hern\u00e1ndez of the Geological and Mining Institute of Spain as deputy coordinator.<\/p>\n<h2><strong>MISSION AND VISION OF THE GROUP OF EXPERTS IN GEOSCIENTIFIC INFORMATION SYSTEMS:<\/strong><\/h2>\n<p>According to the objectives of the group, its <strong>mission<\/strong> is to lay the foundations to facilitate the implementation of data models that improve the management of geoscientific information, as well as its exchange between the geological surveys that are members of ASGMI.<\/p>\n<p>The <strong>vision<\/strong> of the group is to act as a transversal body within ASGMI to facilitate and stimulate improvements in the management of geoscientific information, and to offer alternatives for its dissemination.<\/p>\n<h2><strong>SHORT- AND MEDIUM-TERM OBJECTIVES:<\/strong><\/h2>\n<p>Through the General Secretariat and the International Cooperation Group -GECI-, GESIG will be coordinated with the rest of the expert groups to analyze their database and GIS needs.<\/p>\n<p>Discussions have been initiated to establish concrete actions for GIS collaboration with the Eurogeosurveys counterpart group. It is hoped that a joint proposal can be developed to find funding for the development of a joint platform for hosting data of geoscientific interest.<\/p>\n<h2><strong>GROUP ACTIVITY REPORTS:<\/strong><\/h2>\n<h2><strong>YEAR 2022<\/strong><\/h2>\n<p><img decoding=\"async\" class=\"alignleft size-full wp-image-2134\" src=\"https:\/\/asgmi.org\/wp-content\/uploads\/2018\/10\/001-pdf.png\" alt=\"\" width=\"32\" height=\"32\" \/><a href=\"https:\/\/asgmi.org\/wp-content\/uploads\/2024\/02\/Informe-resumen-de-la-actividad-de-los-Grupos-de-Trabajo-de-ASGMI-en-2022.pdf\">Annual Report 2022<\/a>","protected":false},"excerpt":{"rendered":"<p>BACKGROUND: The Group of Experts in Geoscientific Information Systems -GESIG-\u00a0is created, in compliance with the agreements of the XXIV ASGMI General Assembly held in the city of Salta, Argentina, with the general objective of having working procedures and methodologies that allow sharing the experiences and geoscientific information generated in the geological services. The Group is [&hellip;]<\/p>\n","protected":false},"author":1,"featured_media":0,"parent":0,"menu_order":0,"comment_status":"closed","ping_status":"closed","template":"","meta":{"_genesis_hide_title":false,"_genesis_hide_breadcrumbs":false,"_genesis_hide_singular_image":false,"_genesis_hide_footer_widgets":false,"_genesis_custom_body_class":"","_genesis_custom_post_class":"","_genesis_layout":"","footnotes":""},"class_list":{"0":"post-3243","1":"page","2":"type-page","3":"status-publish","5":"entry"},"_links":{"self":[{"href":"https:\/\/asgmi.org\/en\/wp-json\/wp\/v2\/pages\/3243","targetHints":{"allow":["GET"]}}],"collection":[{"href":"https:\/\/asgmi.org\/en\/wp-json\/wp\/v2\/pages"}],"about":[{"href":"https:\/\/asgmi.org\/en\/wp-json\/wp\/v2\/types\/page"}],"author":[{"embeddable":true,"href":"https:\/\/asgmi.org\/en\/wp-json\/wp\/v2\/users\/1"}],"replies":[{"embeddable":true,"href":"https:\/\/asgmi.org\/en\/wp-json\/wp\/v2\/comments?post=3243"}],"version-history":[{"count":6,"href":"https:\/\/asgmi.org\/en\/wp-json\/wp\/v2\/pages\/3243\/revisions"}],"predecessor-version":[{"id":4531,"href":"https:\/\/asgmi.org\/en\/wp-json\/wp\/v2\/pages\/3243\/revisions\/4531"}],"wp:attachment":[{"href":"https:\/\/asgmi.org\/en\/wp-json\/wp\/v2\/media?parent=3243"}],"curies":[{"name":"wp","href":"https:\/\/api.w.org\/{rel}","templated":true}]}}