{"id":3246,"date":"2021-04-16T10:47:59","date_gmt":"2021-04-16T10:47:59","guid":{"rendered":"https:\/\/asgmi.org\/?page_id=3246"},"modified":"2021-04-16T10:49:35","modified_gmt":"2021-04-16T10:49:35","slug":"grupo-de-expertos-en-comunicacion","status":"publish","type":"page","link":"https:\/\/asgmi.org\/en\/grupo-de-expertos-en-comunicacion\/","title":{"rendered":"Grupo de Expertos en Comunicaci\u00f3n"},"content":{"rendered":"<h2><strong>ANTECEDENTES<\/strong><\/h2>\n<p>Considerando la importancia de que la actividad de los servicios geol\u00f3gicos tengan mayor visibilidad por parte de la sociedad civil, la Junta Directiva de ASGMI cre\u00eddo oportuno crear un <strong>Grupo de Expertos en Comunicaci\u00f3n<\/strong> con dos objetivos generales: i) facilitar la comunicaci\u00f3n de las actividades de inter\u00e9s entre los servicios geol\u00f3gicos miembros de ASGMI; y ii) elaborar un plan operativo que permita dar mayor difusi\u00f3n y visibilidad interna y externa de las actividades y productos generados por los Grupos de Expertos.<\/p>\n<p>El GECOM est\u00e1 constituido con representantes de los servicios geol\u00f3gicos de Argentina, Colombia, Espa\u00f1a, M\u00e9xico y Per\u00fa, y de la propia Secretar\u00eda General de ASGMI. <\/p>\n<h2><strong>RESUMEN DE \u00daLTIMAS ACTIVIDADES<\/strong><\/h2>\n<p>Dado que GECOM es de reciente creaci\u00f3n y que el n\u00famero de servicios geol\u00f3gicos participantes no es muy alto, en 2020 no se han realizado reuniones virtuales por lo que el grupo se ha mantenido en contacto a trav\u00e9s de correo electr\u00f3nico, compartiendo informaci\u00f3n relevante y apoyando las tareas de difusi\u00f3n tanto de las actividades relacionadas con los proyectos en los que ASGMI participa, como en otros eventos internos. <\/p>\n<p>Algunas acciones llevadas a cabo en 2020 han sido:<\/p>\n<ul>\n<li>Redacci\u00f3n de art\u00edculos para la p\u00e1gina web de ASGMI comunicando los talleres y presentaciones realizadas por la Asociaci\u00f3n<\/li>\n<li>Publicaci\u00f3n en redes sociales de actividades relacionadas con los proyectos en los que ASGMI participa y de los eventos internos<\/li>\n<\/ul>","protected":false},"excerpt":{"rendered":"<p>ANTECEDENTES Considerando la importancia de que la actividad de los servicios geol\u00f3gicos tengan mayor visibilidad por parte de la sociedad civil, la Junta Directiva de ASGMI cre\u00eddo oportuno crear un Grupo de Expertos en Comunicaci\u00f3n con dos objetivos generales: i) facilitar la comunicaci\u00f3n de las actividades de inter\u00e9s entre los servicios geol\u00f3gicos miembros de ASGMI; [&hellip;]<\/p>\n","protected":false},"author":1,"featured_media":0,"parent":0,"menu_order":0,"comment_status":"closed","ping_status":"closed","template":"","meta":{"_genesis_hide_title":false,"_genesis_hide_breadcrumbs":false,"_genesis_hide_singular_image":false,"_genesis_hide_footer_widgets":false,"_genesis_custom_body_class":"","_genesis_custom_post_class":"","_genesis_layout":"","footnotes":""},"class_list":{"0":"post-3246","1":"page","2":"type-page","3":"status-publish","5":"entry"},"_links":{"self":[{"href":"https:\/\/asgmi.org\/en\/wp-json\/wp\/v2\/pages\/3246","targetHints":{"allow":["GET"]}}],"collection":[{"href":"https:\/\/asgmi.org\/en\/wp-json\/wp\/v2\/pages"}],"about":[{"href":"https:\/\/asgmi.org\/en\/wp-json\/wp\/v2\/types\/page"}],"author":[{"embeddable":true,"href":"https:\/\/asgmi.org\/en\/wp-json\/wp\/v2\/users\/1"}],"replies":[{"embeddable":true,"href":"https:\/\/asgmi.org\/en\/wp-json\/wp\/v2\/comments?post=3246"}],"version-history":[{"count":2,"href":"https:\/\/asgmi.org\/en\/wp-json\/wp\/v2\/pages\/3246\/revisions"}],"predecessor-version":[{"id":3248,"href":"https:\/\/asgmi.org\/en\/wp-json\/wp\/v2\/pages\/3246\/revisions\/3248"}],"wp:attachment":[{"href":"https:\/\/asgmi.org\/en\/wp-json\/wp\/v2\/media?parent=3246"}],"curies":[{"name":"wp","href":"https:\/\/api.w.org\/{rel}","templated":true}]}}