{"id":4651,"date":"2024-05-28T20:33:14","date_gmt":"2024-05-28T20:33:14","guid":{"rendered":"https:\/\/asgmi.org\/?page_id=4651"},"modified":"2025-01-31T15:42:58","modified_gmt":"2025-01-31T15:42:58","slug":"curso-virtual-pasivos-ambientales-mineros-y-materias-primas-secundarias","status":"publish","type":"page","link":"https:\/\/asgmi.org\/en\/curso-virtual-pasivos-ambientales-mineros-y-materias-primas-secundarias\/","title":{"rendered":"Virtual Course: Mining Environmental Liabilities and Secondary Raw Materials."},"content":{"rendered":"<h2><strong>Virtual Course: Mining Environmental Liabilities and Secondary Raw Materials.<\/strong><\/h2>\n<p><strong>From September 25 to October 3, 2024<\/strong> (Total duration: 10 hours)<\/p>\n<p><a href=\"https:\/\/asgmi.org\/wp-content\/uploads\/2024\/05\/Curso-PAM-ASGMI-START.jpg\"><img decoding=\"async\" src=\"https:\/\/asgmi.org\/wp-content\/uploads\/2024\/05\/Curso-PAM-ASGMI-START.jpg\" alt=\"\" width=\"1920\" height=\"1080\" class=\"aligncenter size-full wp-image-4652\" srcset=\"https:\/\/asgmi.org\/wp-content\/uploads\/2024\/05\/Curso-PAM-ASGMI-START.jpg 1920w, https:\/\/asgmi.org\/wp-content\/uploads\/2024\/05\/Curso-PAM-ASGMI-START-300x169.jpg 300w, https:\/\/asgmi.org\/wp-content\/uploads\/2024\/05\/Curso-PAM-ASGMI-START-1024x576.jpg 1024w, https:\/\/asgmi.org\/wp-content\/uploads\/2024\/05\/Curso-PAM-ASGMI-START-768x432.jpg 768w, https:\/\/asgmi.org\/wp-content\/uploads\/2024\/05\/Curso-PAM-ASGMI-START-1536x864.jpg 1536w\" sizes=\"(max-width: 1920px) 100vw, 1920px\" \/><\/a><\/p>\n<h3><strong>OBJECTIVES<\/strong><\/H3><\/p>\n<p>Provide participants an in-depth understanding of mining processes, their environmental and social impacts, and to equip them with the necessary tools for the identification, assessment, and remediation of mining environmental liabilities.<\/p>\n<h3><strong>SPECIFIC OBJECTIVES<\/strong><\/h3>\n<ul>\n<li>To improve the students\u2019 knowledge within the field of raw materials sustainability and renewable energies and their role in today\u2019s world.<\/li>\n<li>To spread awareness within the students about mining environmental liabilities, their identification and origins, and their impact on the environment, goods, and living beings.<\/li>\n<li>To improve their knowledge on the remediation of mining environmental liabilities, their protocols of remediation, and tailing processing.<\/li>\n<li>To develop a greater understanding of topics related to the mining environmental liabilities and the objectives of the START project, such as sustainability, ecological impact, circularity, and mining waste.<\/li>\n<\/ul>\n<h3><strong>WHO IS IT FOR?<\/strong><\/h3>\n<p><strong>Postgraduate students from fields such as geology, mining engineering, or environmental engineering.<\/strong><\/p>\n<h3><strong>CONTENT<\/strong><\/h3>\n<p>1. Fundamentals of Mining Environmental Liabilities<br \/>\n2. Environmental and health risks related to MELs. From risk assessment to rehabilitation.<br \/>\n3. Remediation of Environmental Liabilities<br \/>\n4. Reuse of Secondary Raw Materials<br \/>\n5. Environmental Management and Corporate Social Responsibility<\/p>\n<div style=\"border-bottom: 3px solid #fff; clear: both;padding-top:20px; margin-bottom: 20px;\"><\/div>\n<h3>SCHEDULE:<\/h3>\n<p>M\u00e9xico (Ciudad de M\u00e9xico), Guatemala, Honduras, El Salvador, Costa Rica: <strong>09:00 horas<\/strong><br \/>\nColombia, Per\u00fa, Ecuador, Panam\u00e1, Cuba, Rep\u00fablica Dominicana: <strong>10:00 horas<\/strong><br \/>\nVenezuela, Bolivia, Paraguay, Chile, Argentina, Uruguay: <strong>11:00 horas<\/strong><br \/>\nPortugal: <strong>15:00 horas<\/strong><br \/>\nEspa\u00f1a:<strong> 16:00 horas<\/strong><\/p>\n<div class=\"one-half first\">\n<a class=\"button\" href=\"https:\/\/asgmi.org\/wp-content\/uploads\/2024\/09\/00-Program-Mining-Environmental-Liabilities-Workshop-v5.pdf\" target=\"_blank\" rel=\"noopener noreferrer\">DOWNLOAD PROGRAM<\/a><\/div>\n<p><strong><span style=\"color:red;\">The workshop will be conducted in English. <\/span><\/strong><\/p>\n<\/div>\n<h2><strong>WORKSHOP DOCUMENTS:<\/strong><\/h2>\n<h3>Session 1 &#8211; 25th Sept 2024<\/h3>\n<p><strong>Fundamentals of Mining Environmental Liabilities<\/strong><\/p>\n<p><em><a href=\"https:\/\/asgmi.org\/wp-content\/uploads\/2024\/09\/Types-of-environmental-liabilities-in-mining.pdf\" rel=\"noopener\" target=\"_blank\">Types of environmental liabilities in mining. Methodology for conducting an inventory of dormant or abandoned mines.<\/a><\/em> Dr. Fredy Guzm\u00e1n, Servicio Geol\u00f3gico Mexicano. (SGM)<\/p>\n<p><em>Site characterization and sample collection. Field and laboratory tests.<\/em> Dra. Catia Marques Prazeres, Laborat\u00f3rio Nacional de Energia e Geologia (LNEG)<\/p>\n<p><iframe title=\"Virtual Workshop &quot;Mining environmental liabilities and secondary raw materials\u201d Sep-Oct 2024\" width=\"500\" height=\"281\" src=\"https:\/\/www.youtube.com\/embed\/NMJg6BTmirU?feature=oembed\" frameborder=\"0\" allow=\"accelerometer; autoplay; clipboard-write; encrypted-media; gyroscope; picture-in-picture; web-share\" referrerpolicy=\"strict-origin-when-cross-origin\" allowfullscreen><\/iframe><br \/>\n<\/br><\/p>\n<h3>Session 2 &#8211; 26th Sept 2024 <\/h3>\n<p><strong>Environmental and health risks  related to MELs.  From risk assessment to rehabilitation.<\/strong><\/p>\n<p><em>Identification of scenarios and risks. Risk assessment and risk rating. Risk-based<br \/>\nprioritisation of MELs for decision making on rehabilitation. Rehabilitation for risk minimisation.<\/em><br \/>\nMSc. Virginia Rodr\u00edguez, Centro Nacional Instituto Geol\u00f3gico y Minero de Espa\u00f1a. (IGME-CSIC)<\/p>\n<p><a href=\"https:\/\/asgmi.org\/wp-content\/uploads\/2024\/09\/START_ppt-Mining-Environmental-Liabilities_Risks_VRG.pdf\" rel=\"noopener\" target=\"_blank\"><strong>DOWNLOAD PRESENTATION<\/strong><\/a><\/p>\n<p><iframe title=\"Virtual Workshop &quot;Mining environmental liabilities and secondary raw materials\u201d Sep-Oct 2024\" width=\"500\" height=\"281\" src=\"https:\/\/www.youtube.com\/embed\/WZ1p7HX0YvA?feature=oembed\" frameborder=\"0\" allow=\"accelerometer; autoplay; clipboard-write; encrypted-media; gyroscope; picture-in-picture; web-share\" referrerpolicy=\"strict-origin-when-cross-origin\" allowfullscreen><\/iframe><\/p>\n<h3>Session 3 &#8211; 1st Oct 2024<\/h3>\n<p><strong>Remediation of Environmental Liabilities<\/strong><\/p>\n<p><em>Rehabilitation of affected ecosystems: geomorphic approach and practical field examples.<br \/>\nMonitoring Suspended sediment in mining spillages. <\/em><br \/>\nDr. Ignacio Zapico, Assistant Professor at Complutense University of Madrid (UCM) and CTO of STONE161. Spain.<\/p>\n<p><a href=\"https:\/\/asgmi.org\/wp-content\/uploads\/2024\/10\/Presentacion_tillings_2024_2Ignacio_ZApico_compressed.pdf\" rel=\"noopener\" target=\"_blank\">DOWNLOAD PRESENTATION<\/a><\/p>\n<p><iframe title=\"Session 3 - \u201cMining environmental liabilities and secondary raw materials\u201d Virtual Workshop\" width=\"500\" height=\"281\" src=\"https:\/\/www.youtube.com\/embed\/5_4R_NnZER0?feature=oembed\" frameborder=\"0\" allow=\"accelerometer; autoplay; clipboard-write; encrypted-media; gyroscope; picture-in-picture; web-share\" referrerpolicy=\"strict-origin-when-cross-origin\" allowfullscreen><\/iframe><\/p>\n<p><H3>Session 4 &#8211; 2nd Oct 2024<\/h3>\n<p><strong>Reuse of Secondary Raw Materials<\/strong><\/p>\n<p><em>START Project: Selection, sampling and laboratory tests for the extraction of tetrahedrites<br \/>\nin mining wastes.<\/em><br \/>\nDra. Concepci\u00f3n Fern\u00e1ndez-Leyva, Dra. Paula Ad\u00e1nez, Instituto Geol\u00f3gico y Minero de Espa\u00f1a (IGME-CSIC)<\/p>\n<p><a href=\"https:\/\/asgmi.org\/wp-content\/uploads\/2024\/10\/START_ppt-Mining-Environmental-Liabilities_Concha_Paula_compressed.pdf\" rel=\"noopener\" target=\"_blank\">DESCARGAR PRESENTACI\u00d3N<\/a><\/p>\n<p><em>Reuse of Mining Waste in the Manufacturing of Sustainable Construction Materials.<\/em><br \/>\nDra. Patricia P\u00e9rez, Universidad Polit\u00e9cnica de Madrid. <\/p>\n<p><a href=\"https:\/\/asgmi.org\/wp-content\/uploads\/2024\/10\/PPT_Patricia_Perez.pdf\" rel=\"noopener\" target=\"_blank\">DOWNLOAD PRESENTATION<\/a><\/p>\n<p><iframe title=\"Virtual Workshop \u201cMining environmental liabilities and secondary raw materials\u201d Sep- Oct 2024\" width=\"500\" height=\"281\" src=\"https:\/\/www.youtube.com\/embed\/Tudo5osK5gk?feature=oembed\" frameborder=\"0\" allow=\"accelerometer; autoplay; clipboard-write; encrypted-media; gyroscope; picture-in-picture; web-share\" referrerpolicy=\"strict-origin-when-cross-origin\" allowfullscreen><\/iframe><\/p>\n<p><H3>Session 5 &#8211; 3rd Oct 2024<\/h3>\n<p><strong>Environmental Management and Corporate Social Responsibility<\/strong><\/p>\n<p><em>Managing the social impact of extractive industries &#8211; The intersection between mining and<br \/>\nsociety.<\/em><br \/>\nDra. Sara Bj\u00f8rn Aaen, Dra. Anne Merrild, Department of Sustainability and Planning, Aalborg University, Denmark<\/p>\n<p><iframe title=\"Virtual workshop \u201cMining environmental liabilities and secondary raw materials\u201d  Sep - Oct 2024\" width=\"500\" height=\"375\" src=\"https:\/\/www.youtube.com\/embed\/1gIrPazQpzw?feature=oembed\" frameborder=\"0\" allow=\"accelerometer; autoplay; clipboard-write; encrypted-media; gyroscope; picture-in-picture; web-share\" referrerpolicy=\"strict-origin-when-cross-origin\" allowfullscreen><\/iframe><br \/>","protected":false},"excerpt":{"rendered":"<p>Virtual Course: Mining Environmental Liabilities and Secondary Raw Materials. From September 25 to October 3, 2024 (Total duration: 10 hours) OBJECTIVES Provide participants an in-depth understanding of mining processes, their environmental and social impacts, and to equip them with the necessary tools for the identification, assessment, and remediation of mining environmental liabilities. SPECIFIC OBJECTIVES To [&hellip;]<\/p>\n","protected":false},"author":1,"featured_media":0,"parent":0,"menu_order":0,"comment_status":"closed","ping_status":"closed","template":"","meta":{"_genesis_hide_title":false,"_genesis_hide_breadcrumbs":false,"_genesis_hide_singular_image":false,"_genesis_hide_footer_widgets":false,"_genesis_custom_body_class":"","_genesis_custom_post_class":"","_genesis_layout":"","footnotes":""},"class_list":{"0":"post-4651","1":"page","2":"type-page","3":"status-publish","5":"entry","6":"has-post-thumbnail"},"_links":{"self":[{"href":"https:\/\/asgmi.org\/en\/wp-json\/wp\/v2\/pages\/4651","targetHints":{"allow":["GET"]}}],"collection":[{"href":"https:\/\/asgmi.org\/en\/wp-json\/wp\/v2\/pages"}],"about":[{"href":"https:\/\/asgmi.org\/en\/wp-json\/wp\/v2\/types\/page"}],"author":[{"embeddable":true,"href":"https:\/\/asgmi.org\/en\/wp-json\/wp\/v2\/users\/1"}],"replies":[{"embeddable":true,"href":"https:\/\/asgmi.org\/en\/wp-json\/wp\/v2\/comments?post=4651"}],"version-history":[{"count":43,"href":"https:\/\/asgmi.org\/en\/wp-json\/wp\/v2\/pages\/4651\/revisions"}],"predecessor-version":[{"id":4932,"href":"https:\/\/asgmi.org\/en\/wp-json\/wp\/v2\/pages\/4651\/revisions\/4932"}],"wp:attachment":[{"href":"https:\/\/asgmi.org\/en\/wp-json\/wp\/v2\/media?parent=4651"}],"curies":[{"name":"wp","href":"https:\/\/api.w.org\/{rel}","templated":true}]}}