{"id":1941,"date":"2018-05-30T12:48:12","date_gmt":"2018-05-30T12:48:12","guid":{"rendered":"https:\/\/asgmi.org\/?page_id=1941"},"modified":"2019-05-16T21:00:17","modified_gmt":"2019-05-16T21:00:17","slug":"nosotros","status":"publish","type":"page","link":"https:\/\/asgmi.org\/pt\/nosotros\/","title":{"rendered":"NOSOTROS"},"content":{"rendered":"<div class=\"one-half first\">\n<img fetchpriority=\"high\" decoding=\"async\" src=\"https:\/\/asgmi.org\/wp-content\/uploads\/2018\/09\/DSC_7076-1280x853.jpg\" alt=\"\" width=\"1280\" height=\"853\" class=\"aligncenter size-full wp-image-2129\" srcset=\"https:\/\/asgmi.org\/wp-content\/uploads\/2018\/09\/DSC_7076-1280x853.jpg 1280w, https:\/\/asgmi.org\/wp-content\/uploads\/2018\/09\/DSC_7076-1280x853-300x200.jpg 300w, https:\/\/asgmi.org\/wp-content\/uploads\/2018\/09\/DSC_7076-1280x853-768x512.jpg 768w, https:\/\/asgmi.org\/wp-content\/uploads\/2018\/09\/DSC_7076-1280x853-1024x682.jpg 1024w, https:\/\/asgmi.org\/wp-content\/uploads\/2018\/09\/DSC_7076-1280x853-1200x800.jpg 1200w\" sizes=\"(max-width: 1280px) 100vw, 1280px\" \/>\n<\/div>\n<div class=\"one-half\">\n<h2 style=\"color:#803300\";><strong>SOBRE ASGMI<\/strong><\/h2>\n<p>La Asociaci\u00f3n de Servicios de Geolog\u00eda y Miner\u00eda Iberoamericanos, ASGMI, est\u00e1 constituida al amparo de la legislaci\u00f3n espa\u00f1ola conforme con la Ley Org\u00e1nica 1\/2002, de 22 de marzo, y normas complementarias. Tiene personalidad jur\u00eddica y plena capacidad de obrar, sin \u00e1nimo de lucro, y por un periodo de tiempo indefinido.<\/p>\n<p>De acuerdo con sus <a href=\"https:\/\/asgmi.org\/wp-content\/uploads\/2019\/02\/Estatutos_15-09-2018.pdf\" rel=\"noopener\" target=\"_blank\">Estatutos<\/a>, pertenecen, o podr\u00e1n pertenecer a la ASGMI, los Servicios de Geolog\u00eda y Miner\u00eda Iberoamericanos, cualquiera que sea su denominaci\u00f3n formal y su \u00e1mbito de actuaci\u00f3n, as\u00ed como las personas f\u00edsicas que pertenezcan o hayan pertenecido a servicios geol\u00f3gicos y mineros, y que tengan inter\u00e9s en el desarrollo de los fines de la Asociaci\u00f3n.\n<\/div>\n<div style=\"border-bottom: 3px solid #fff; clear: both;padding-top:20px; margin-bottom: 20px;\"><\/div>\n<div class=\"four-fifths only\">\n<h2 style=\"color:#803300\";><strong>\u00c1MBITO DE ACTUACI\u00d3N<\/strong><\/h2>\n<p>El \u00e1mbito de actuaci\u00f3n para el cumplimiento de sus fines y el desarrollo de sus funciones es el territorio de los pa\u00edses de los Servicios Geol\u00f3gicos asociados y, a efectos de comunicaci\u00f3n interna y con la sociedad en general, tiene como idiomas oficiales el espa\u00f1ol y el portugu\u00e9s, indistintamente.<\/p>\n<p><\/br><\/p>\n<h1>VISI\u00d3N Y MISI\u00d3N<\/H1><\/p>\n<p>Considerando que los miembros de la ASGMI son organismos, instituciones y personas f\u00edsicas expertas en el conocimiento geol\u00f3gico del territorio de sus respectivos pa\u00edses, <strong>la visi\u00f3n de la Asociaci\u00f3n<\/strong> es configurarse como una organizaci\u00f3n capaz de brindar este conocimiento cient\u00edfico-t\u00e9cnico para dar respuesta a la creciente sensibilidad social por aspectos tales como:<\/p>\n<\/div>\n<div style=\"border-bottom: 3px solid #fff; clear: both;padding-top:20px; margin-bottom: 10px;\"><\/div>\n<div class=\"one-half first\">\n<div class=\"su-list\" style=\"margin-left:0px\">\n<ul>\n<li><img decoding=\"async\" src=\"https:\/\/asgmi.org\/wp-content\/uploads\/2018\/06\/geology2.png\" alt=\"\" \/> La <strong>prevenci\u00f3n y mitigaci\u00f3n de los desastres naturales<\/strong> derivados de procesos geol\u00f3gicos activos (terremotos, volcanes, movimientos del terreno, etc.).<\/li>\n<li><img decoding=\"async\" src=\"https:\/\/asgmi.org\/wp-content\/uploads\/2018\/06\/geology2.png\" alt=\"\" \/> El <strong>uso racional y sustentable de los recursos minerales, y del agua subterr\u00e1nea.<\/strong><\/li>\n<li><img decoding=\"async\" src=\"https:\/\/asgmi.org\/wp-content\/uploads\/2018\/06\/geology2.png\" alt=\"\" \/> La <strong>contaminaci\u00f3n de los suelos y del agua <\/strong>como consecuencia de la actividad minera.<\/li>\n<li><img decoding=\"async\" src=\"https:\/\/asgmi.org\/wp-content\/uploads\/2018\/06\/geology2.png\" alt=\"\" \/> Los <strong>efectos adversos del cambio clim\u00e1tico <\/strong>como consecuencia de las emisiones a las atm\u00f3sfera de gases de efecto invernadero.<\/li>\n<\/ul>\n<\/div>\n<p style=\"font-size:18px;\">La ASGMI tienen como <strong>misi\u00f3n fundamental:<\/strong><\/p>\n<div class=\"su-list\" style=\"margin-left:0px\">\n<ul>\n<li><img decoding=\"async\" src=\"https:\/\/asgmi.org\/wp-content\/uploads\/2018\/06\/geology2.png\" alt=\"\" \/> La <strong>contribuci\u00f3n al desarrollo socio-econ\u00f3mico <\/strong>de los pueblos mediante la <strong>cooperaci\u00f3n horizontal<\/strong> entre sus asociados, tanto bilateral como multilateral.<\/li>\n<li><img decoding=\"async\" src=\"https:\/\/asgmi.org\/wp-content\/uploads\/2018\/06\/geology2.png\" alt=\"\" \/> El <strong>fortalecimiento institucional de los Servicios de Geolog\u00eda y Miner\u00eda<\/strong> asociados.<\/li>\n<\/ul>\n<\/div>\n<\/div>\n<div class=\"one-half\">\n<img decoding=\"async\" src=\"https:\/\/asgmi.org\/wp-content\/uploads\/2018\/09\/DSC_7089-1280x837.jpg\" alt=\"\" width=\"1280\" height=\"837\" class=\"aligncenter size-full wp-image-2130\" srcset=\"https:\/\/asgmi.org\/wp-content\/uploads\/2018\/09\/DSC_7089-1280x837.jpg 1280w, https:\/\/asgmi.org\/wp-content\/uploads\/2018\/09\/DSC_7089-1280x837-300x196.jpg 300w, https:\/\/asgmi.org\/wp-content\/uploads\/2018\/09\/DSC_7089-1280x837-768x502.jpg 768w, https:\/\/asgmi.org\/wp-content\/uploads\/2018\/09\/DSC_7089-1280x837-1024x670.jpg 1024w\" sizes=\"(max-width: 1280px) 100vw, 1280px\" \/>\n<\/div>\n<div style=\"border-bottom: 3px solid #fff; clear: both;padding-top:20px; margin-bottom: 20px;\"><\/div>\n<div style=\"border-bottom: 1px solid #fff; clear: both;padding-top:5px; margin-bottom: 30px;\"><\/div>\n<div class=\"four-fifths only\">\n<h2 style=\"color:#803300\";><strong>ACTIVIDADES<\/strong><\/h2>\n<p style=\"font-size:18px;\">Para materializar la visi\u00f3n de la ASGMI y cumplir con acierto su misi\u00f3n, <strong>La Asociaci\u00f3n desarrolla acciones tendentes a:<\/strong><\/p>\n<div class=\"su-list\" style=\"margin-left:0px\">\n<ul>\n<li><img decoding=\"async\" src=\"https:\/\/asgmi.org\/wp-content\/uploads\/2018\/06\/geology2.png\" alt=\"\" \/> <strong>Promover reuniones de car\u00e1cter cient\u00edfico, t\u00e9cnico y de divulgaci\u00f3n<\/strong>, en el \u00e1mbito de la geolog\u00eda, la miner\u00eda, las aguas subterr\u00e1neas, los procesos geol\u00f3gicos activos, el medio ambiente y dem\u00e1s materias afines.<\/li>\n<li><img decoding=\"async\" src=\"https:\/\/asgmi.org\/wp-content\/uploads\/2018\/06\/geology2.png\" alt=\"\" \/> <strong>Promover el desarrollo de proyectos de cooperaci\u00f3n internacional,<\/strong> tanto bilateral como multilateral, ya sea con recursos econ\u00f3micos propios de cada asociado, o mediante la financiaci\u00f3n de Agencias e Instituciones de Cooperaci\u00f3n Internacional.<\/li>\n<li><img decoding=\"async\" src=\"https:\/\/asgmi.org\/wp-content\/uploads\/2018\/06\/geology2.png\" alt=\"\" \/> <strong>Promover el intercambio de informaci\u00f3n geocient\u00edfica<\/strong>, mediante procedimientos que permitan el acceso a las bases de datos de los centros de documentaci\u00f3n y bibliotecas de sus asociados.<\/li>\n<li><img decoding=\"async\" src=\"https:\/\/asgmi.org\/wp-content\/uploads\/2018\/06\/geology2.png\" alt=\"\" \/> <strong>Promover y fomentar la capacitaci\u00f3n profesional<\/strong>, mediante la organizaci\u00f3n de cursos, talleres, seminarios y\/o el intercambio y estad\u00edas temporales de profesionales entre los diferentes Servicios de Geolog\u00eda y Miner\u00eda, miembros de la Asociaci\u00f3n.<\/li>\n<li><img decoding=\"async\" src=\"https:\/\/asgmi.org\/wp-content\/uploads\/2018\/06\/geology2.png\" alt=\"\" \/> <strong>Divulgar<\/strong> en los diferentes \u00e1mbitos de la comunidad, pol\u00edticos, econ\u00f3micos y sociales, los fines y objetivos de la Asociaci\u00f3n, as\u00ed como las actividades y logros de la misma, y de sus asociados.<\/li>\n<li><img decoding=\"async\" src=\"https:\/\/asgmi.org\/wp-content\/uploads\/2018\/06\/geology2.png\" alt=\"\" \/> <strong>Crear comisiones y grupos de trabajo para el desarrollo de programas <\/strong>relacionados con las actividades propias de la Asociaci\u00f3n y de los Servicios de Geolog\u00eda y Miner\u00eda que la integran.<\/li>\n<li><img decoding=\"async\" src=\"https:\/\/asgmi.org\/wp-content\/uploads\/2018\/06\/geology2.png\" alt=\"\" \/> Realizar cuantas actuaciones sean convenientes a fin de contribuir al <strong>fortalecimiento institucional <\/strong>de sus asociados en sus respectivos \u00e1mbitos de actuaci\u00f3n.<\/li>\n<\/ul>\n<\/div><\/div>\n<div class=\"one-third\">\n<\/div>\n<p>","protected":false},"excerpt":{"rendered":"<p>SOBRE ASGMI La Asociaci\u00f3n de Servicios de Geolog\u00eda y Miner\u00eda Iberoamericanos, ASGMI, est\u00e1 constituida al amparo de la legislaci\u00f3n espa\u00f1ola conforme con la Ley Org\u00e1nica 1\/2002, de 22 de marzo, y normas complementarias. Tiene personalidad jur\u00eddica y plena capacidad de obrar, sin \u00e1nimo de lucro, y por un periodo de tiempo indefinido. De acuerdo con [&hellip;]<\/p>\n","protected":false},"author":1,"featured_media":0,"parent":0,"menu_order":0,"comment_status":"closed","ping_status":"closed","template":"","meta":{"_genesis_hide_title":false,"_genesis_hide_breadcrumbs":false,"_genesis_hide_singular_image":false,"_genesis_hide_footer_widgets":false,"_genesis_custom_body_class":"full ","_genesis_custom_post_class":"","_genesis_layout":"","footnotes":""},"class_list":{"0":"post-1941","1":"page","2":"type-page","3":"status-publish","5":"entry","6":"has-post-thumbnail"},"_links":{"self":[{"href":"https:\/\/asgmi.org\/pt\/wp-json\/wp\/v2\/pages\/1941","targetHints":{"allow":["GET"]}}],"collection":[{"href":"https:\/\/asgmi.org\/pt\/wp-json\/wp\/v2\/pages"}],"about":[{"href":"https:\/\/asgmi.org\/pt\/wp-json\/wp\/v2\/types\/page"}],"author":[{"embeddable":true,"href":"https:\/\/asgmi.org\/pt\/wp-json\/wp\/v2\/users\/1"}],"replies":[{"embeddable":true,"href":"https:\/\/asgmi.org\/pt\/wp-json\/wp\/v2\/comments?post=1941"}],"version-history":[{"count":18,"href":"https:\/\/asgmi.org\/pt\/wp-json\/wp\/v2\/pages\/1941\/revisions"}],"predecessor-version":[{"id":2445,"href":"https:\/\/asgmi.org\/pt\/wp-json\/wp\/v2\/pages\/1941\/revisions\/2445"}],"wp:attachment":[{"href":"https:\/\/asgmi.org\/pt\/wp-json\/wp\/v2\/media?parent=1941"}],"curies":[{"name":"wp","href":"https:\/\/api.w.org\/{rel}","templated":true}]}}