{"id":1945,"date":"2018-05-30T13:07:22","date_gmt":"2018-05-30T13:07:22","guid":{"rendered":"https:\/\/asgmi.org\/?page_id=1945"},"modified":"2019-06-14T12:28:25","modified_gmt":"2019-06-14T12:28:25","slug":"antecedentes","status":"publish","type":"page","link":"https:\/\/asgmi.org\/pt\/antecedentes\/","title":{"rendered":"ANTECEDENTES"},"content":{"rendered":"<div class=\"one-half first\">\n<img fetchpriority=\"high\" decoding=\"async\" src=\"https:\/\/asgmi.org\/wp-content\/uploads\/2019\/06\/Foto-reuni\u00f3n-Cochabamba.jpg\" alt=\"\" width=\"827\" height=\"512\" class=\"alignleft size-full wp-image-2541\" srcset=\"https:\/\/asgmi.org\/wp-content\/uploads\/2019\/06\/Foto-reuni\u00f3n-Cochabamba.jpg 827w, https:\/\/asgmi.org\/wp-content\/uploads\/2019\/06\/Foto-reuni\u00f3n-Cochabamba-300x186.jpg 300w, https:\/\/asgmi.org\/wp-content\/uploads\/2019\/06\/Foto-reuni\u00f3n-Cochabamba-768x475.jpg 768w\" sizes=\"(max-width: 827px) 100vw, 827px\" \/><\/p>\n<\/div>\n<div class=\"one-half\">\n<div class=\"four-fifths only\">\n<h2 style=\"color:#803300\";><strong>ANTECEDENTES DA ASGMI<\/strong><\/h2>\n<p>Numa perspetiva de continuidade, a Associa\u00e7\u00e3o \u00e9 herdeira da que, com a mesma designa\u00e7\u00e3o, foi constitu\u00edda pela livre vontade dos Diretores dos Servi\u00e7os Governamentais de Geologia e Minera\u00e7\u00e3o dos pa\u00edses ibero-americanos e que assumia implicitamente a tradi\u00e7\u00e3o do antigo Conselho Consultivo de Diretores de Servi\u00e7os Geol\u00f3gicos da Am\u00e9rica Latina e das Cara\u00edbas.<\/p>\n<p>Entre os antecedentes da ASGMI, destacam-se dois marcos importantes.<\/p>\n<ol>\n<li>La <a href=\"https:\/\/asgmi.org\/wp-content\/uploads\/2019\/06\/Declaraci\u00f3n-Conjunta_Cochabamba_Foto.pdf\" rel=\"noopener\" target=\"_blank\">A Declara\u00e7\u00e3o Conjunta<\/a> dos Diretores dos Servi\u00e7os Geol\u00f3gicos presentes na III Reuni\u00e3o Latino-Americana de Ministros da Minera\u00e7\u00e3o, em 21 de maio de 1993, em Cochabamba (Bol\u00edvia), que deu origem \u00e0 &#8220;primeira&#8221; ASGMI.<\/li>\n<li> A reuni\u00e3o na Assembleia-Geral Ordin\u00e1ria, realizada em mar\u00e7o de 2006 em Santa Cruz de la Sierra, Bol\u00edvia, por ocasi\u00e3o da reuni\u00e3o &#8220;Servi\u00e7os Geol\u00f3gicos Nacionais: Institui\u00e7\u00f5es P\u00fablicas para o Desenvolvimento Sustent\u00e1vel &#8220;, no qual foi assinada a chamada  <a href=\"https:\/\/asgmi.org\/wp-content\/uploads\/2018\/05\/Declaraci\u00f3n-de-Santa-Cruz.pdf\" rel=\"noopener\" target=\"_blank\">Declara\u00e7\u00e3o de Santa Cruz<\/a>, documento que reflete a ideologia sobre a qual assentam a vis\u00e3o e miss\u00e3o da ASGMI<\/li>\n<\/ol>\n<\/div>\n<\/div>","protected":false},"excerpt":{"rendered":"<p>ANTECEDENTES DA ASGMI Numa perspetiva de continuidade, a Associa\u00e7\u00e3o \u00e9 herdeira da que, com a mesma designa\u00e7\u00e3o, foi constitu\u00edda pela livre vontade dos Diretores dos Servi\u00e7os Governamentais de Geologia e Minera\u00e7\u00e3o dos pa\u00edses ibero-americanos e que assumia implicitamente a tradi\u00e7\u00e3o do antigo Conselho Consultivo de Diretores de Servi\u00e7os Geol\u00f3gicos da Am\u00e9rica Latina e das Cara\u00edbas. [&hellip;]<\/p>\n","protected":false},"author":1,"featured_media":0,"parent":0,"menu_order":0,"comment_status":"closed","ping_status":"closed","template":"","meta":{"_genesis_hide_title":false,"_genesis_hide_breadcrumbs":false,"_genesis_hide_singular_image":false,"_genesis_hide_footer_widgets":false,"_genesis_custom_body_class":"full title-hidden","_genesis_custom_post_class":"","_genesis_layout":"","footnotes":""},"class_list":{"0":"post-1945","1":"page","2":"type-page","3":"status-publish","5":"entry","6":"has-post-thumbnail"},"_links":{"self":[{"href":"https:\/\/asgmi.org\/pt\/wp-json\/wp\/v2\/pages\/1945","targetHints":{"allow":["GET"]}}],"collection":[{"href":"https:\/\/asgmi.org\/pt\/wp-json\/wp\/v2\/pages"}],"about":[{"href":"https:\/\/asgmi.org\/pt\/wp-json\/wp\/v2\/types\/page"}],"author":[{"embeddable":true,"href":"https:\/\/asgmi.org\/pt\/wp-json\/wp\/v2\/users\/1"}],"replies":[{"embeddable":true,"href":"https:\/\/asgmi.org\/pt\/wp-json\/wp\/v2\/comments?post=1945"}],"version-history":[{"count":8,"href":"https:\/\/asgmi.org\/pt\/wp-json\/wp\/v2\/pages\/1945\/revisions"}],"predecessor-version":[{"id":2542,"href":"https:\/\/asgmi.org\/pt\/wp-json\/wp\/v2\/pages\/1945\/revisions\/2542"}],"wp:attachment":[{"href":"https:\/\/asgmi.org\/pt\/wp-json\/wp\/v2\/media?parent=1945"}],"curies":[{"name":"wp","href":"https:\/\/api.w.org\/{rel}","templated":true}]}}