{"id":2837,"date":"2020-07-01T05:40:44","date_gmt":"2020-07-01T05:40:44","guid":{"rendered":"https:\/\/asgmi.org\/grupo-de-expertos-en-pasivos-ambientales-mineros-2-copy\/"},"modified":"2020-09-24T11:09:37","modified_gmt":"2020-09-24T11:09:37","slug":"taller-internacional-pasivos-ambientales-mineros","status":"publish","type":"page","link":"https:\/\/asgmi.org\/pt\/taller-internacional-pasivos-ambientales-mineros\/","title":{"rendered":"Copia"},"content":{"rendered":"\t\t<div data-elementor-type=\"wp-page\" data-elementor-id=\"2837\" class=\"elementor elementor-2837\" data-elementor-post-type=\"page\">\n\t\t\t\t\t\t<section class=\"elementor-section elementor-top-section elementor-element elementor-element-02dae4f elementor-section-stretched elementor-section-full_width elementor-section-height-default elementor-section-height-default\" data-id=\"02dae4f\" data-element_type=\"section\" data-settings=\"{&quot;stretch_section&quot;:&quot;section-stretched&quot;,&quot;background_background&quot;:&quot;classic&quot;}\">\n\t\t\t\t\t\t<div class=\"elementor-container elementor-column-gap-default\">\n\t\t\t\t\t<div class=\"elementor-column elementor-col-100 elementor-top-column elementor-element elementor-element-6e3a394\" data-id=\"6e3a394\" data-element_type=\"column\">\n\t\t\t<div class=\"elementor-widget-wrap elementor-element-populated\">\n\t\t\t\t\t\t<section class=\"elementor-section elementor-inner-section elementor-element elementor-element-c37c1f5 elementor-section-full_width elementor-section-height-default elementor-section-height-default\" data-id=\"c37c1f5\" data-element_type=\"section\" data-settings=\"{&quot;background_background&quot;:&quot;classic&quot;}\">\n\t\t\t\t\t\t<div class=\"elementor-container elementor-column-gap-default\">\n\t\t\t\t\t<div class=\"elementor-column elementor-col-100 elementor-inner-column elementor-element elementor-element-3550753\" data-id=\"3550753\" data-element_type=\"column\">\n\t\t\t<div class=\"elementor-widget-wrap elementor-element-populated\">\n\t\t\t\t\t\t<div class=\"elementor-element elementor-element-178c158 elementor-widget elementor-widget-image\" data-id=\"178c158\" data-element_type=\"widget\" data-widget_type=\"image.default\">\n\t\t\t\t<div class=\"elementor-widget-container\">\n\t\t\t\t\t\t\t\t\t\t\t\t\t\t\t<img fetchpriority=\"high\" decoding=\"async\" width=\"2028\" height=\"1128\" src=\"https:\/\/asgmi.org\/wp-content\/uploads\/2020\/08\/200812_Cartel-Taller-Virtual-v9.jpg\" class=\"attachment-full size-full wp-image-2976\" alt=\"\" srcset=\"https:\/\/asgmi.org\/wp-content\/uploads\/2020\/08\/200812_Cartel-Taller-Virtual-v9.jpg 2028w, https:\/\/asgmi.org\/wp-content\/uploads\/2020\/08\/200812_Cartel-Taller-Virtual-v9-300x167.jpg 300w, https:\/\/asgmi.org\/wp-content\/uploads\/2020\/08\/200812_Cartel-Taller-Virtual-v9-1024x570.jpg 1024w, https:\/\/asgmi.org\/wp-content\/uploads\/2020\/08\/200812_Cartel-Taller-Virtual-v9-768x427.jpg 768w, https:\/\/asgmi.org\/wp-content\/uploads\/2020\/08\/200812_Cartel-Taller-Virtual-v9-1536x854.jpg 1536w, https:\/\/asgmi.org\/wp-content\/uploads\/2020\/08\/200812_Cartel-Taller-Virtual-v9-900x500.jpg 900w\" sizes=\"(max-width: 2028px) 100vw, 2028px\" \/>\t\t\t\t\t\t\t\t\t\t\t\t\t\t\t<\/div>\n\t\t\t\t<\/div>\n\t\t\t\t\t<\/div>\n\t\t<\/div>\n\t\t\t\t\t<\/div>\n\t\t<\/section>\n\t\t\t\t\t<\/div>\n\t\t<\/div>\n\t\t\t\t\t<\/div>\n\t\t<\/section>\n\t\t\t\t<section class=\"elementor-section elementor-top-section elementor-element elementor-element-af8f3b0 elementor-section-stretched elementor-section-full_width elementor-section-height-default elementor-section-height-default\" data-id=\"af8f3b0\" data-element_type=\"section\" data-settings=\"{&quot;stretch_section&quot;:&quot;section-stretched&quot;,&quot;background_background&quot;:&quot;classic&quot;}\">\n\t\t\t\t\t\t<div class=\"elementor-container elementor-column-gap-default\">\n\t\t\t\t\t<div class=\"elementor-column elementor-col-100 elementor-top-column elementor-element elementor-element-4b2a7dd\" data-id=\"4b2a7dd\" data-element_type=\"column\">\n\t\t\t<div class=\"elementor-widget-wrap elementor-element-populated\">\n\t\t\t\t\t\t<section class=\"elementor-section elementor-inner-section elementor-element elementor-element-944abce elementor-section-boxed elementor-section-height-default elementor-section-height-default\" data-id=\"944abce\" data-element_type=\"section\" data-settings=\"{&quot;background_background&quot;:&quot;classic&quot;}\">\n\t\t\t\t\t\t<div class=\"elementor-container elementor-column-gap-default\">\n\t\t\t\t\t<div class=\"elementor-column elementor-col-100 elementor-inner-column elementor-element elementor-element-da69660\" data-id=\"da69660\" data-element_type=\"column\">\n\t\t\t<div class=\"elementor-widget-wrap elementor-element-populated\">\n\t\t\t\t\t\t<div class=\"elementor-element elementor-element-16bb743 elementor-widget elementor-widget-heading\" data-id=\"16bb743\" data-element_type=\"widget\" data-widget_type=\"heading.default\">\n\t\t\t\t<div class=\"elementor-widget-container\">\n\t\t\t\t\t<h2 class=\"elementor-heading-title elementor-size-default\">TALLER INTERNACIONAL VIRTUAL SOBRE PASIVOS AMBIENTALES MINEROS: HACIA UNA GESTI\u00d3N SOSTENIBLE. VISI\u00d3N GLOBAL EN IBEROAM\u00c9RICA.<\/h2>\t\t\t\t<\/div>\n\t\t\t\t<\/div>\n\t\t\t\t<div class=\"elementor-element elementor-element-b272435 elementor-widget elementor-widget-heading\" data-id=\"b272435\" data-element_type=\"widget\" data-widget_type=\"heading.default\">\n\t\t\t\t<div class=\"elementor-widget-container\">\n\t\t\t\t\t<h2 class=\"elementor-heading-title elementor-size-default\">GRUPO DE EXPERTOS EN PASIVOS AMBIENTALES DE ASGMI (GEPAM):<\/h2>\t\t\t\t<\/div>\n\t\t\t\t<\/div>\n\t\t\t\t<div class=\"elementor-element elementor-element-a8c4860 elementor-widget elementor-widget-text-editor\" data-id=\"a8c4860\" data-element_type=\"widget\" data-widget_type=\"text-editor.default\">\n\t\t\t\t<div class=\"elementor-widget-container\">\n\t\t\t\t\t\t\t\t\tLa misi\u00f3n del <strong>Grupo de <a href=\"https:\/\/asgmi.org\/grupo-de-expertos-en-pasivos-ambientales-mineros-2\/\" rel=\"noopener\" target=\"_blank\">Expertos en Pasivos Ambientales Mineros <\/a><\/strong>es elaborar una <strong>metodolog\u00eda com\u00fan para la caracterizaci\u00f3n de la peligrosidad\/riesgo de los PAM sobre el an\u00e1lisis matricial de la severidad del impacto causado por los PAM previamente inventariados, y la probabilidad de ocurrencia del fen\u00f3meno susceptible de poner en riesgo la salud, los bienes y\/o el medioambiente.<\/strong> \t\t\t\t\t\t\t\t<\/div>\n\t\t\t\t<\/div>\n\t\t\t\t<div class=\"elementor-element elementor-element-507732d elementor-widget elementor-widget-spacer\" data-id=\"507732d\" data-element_type=\"widget\" data-widget_type=\"spacer.default\">\n\t\t\t\t<div class=\"elementor-widget-container\">\n\t\t\t\t\t\t\t<div class=\"elementor-spacer\">\n\t\t\t<div class=\"elementor-spacer-inner\"><\/div>\n\t\t<\/div>\n\t\t\t\t\t\t<\/div>\n\t\t\t\t<\/div>\n\t\t\t\t\t<\/div>\n\t\t<\/div>\n\t\t\t\t\t<\/div>\n\t\t<\/section>\n\t\t\t\t<section class=\"elementor-section elementor-inner-section elementor-element elementor-element-a8b7b37 elementor-section-boxed elementor-section-height-default elementor-section-height-default\" data-id=\"a8b7b37\" data-element_type=\"section\" data-settings=\"{&quot;background_background&quot;:&quot;classic&quot;}\">\n\t\t\t\t\t\t<div class=\"elementor-container elementor-column-gap-default\">\n\t\t\t\t\t<div class=\"elementor-column elementor-col-100 elementor-inner-column elementor-element elementor-element-f8cf716\" data-id=\"f8cf716\" data-element_type=\"column\">\n\t\t\t<div class=\"elementor-widget-wrap elementor-element-populated\">\n\t\t\t\t\t\t<div class=\"elementor-element elementor-element-bab08dd elementor-widget elementor-widget-heading\" data-id=\"bab08dd\" data-element_type=\"widget\" data-widget_type=\"heading.default\">\n\t\t\t\t<div class=\"elementor-widget-container\">\n\t\t\t\t\t<h2 class=\"elementor-heading-title elementor-size-default\">OBJETIVOS DEL TALLER:<\/h2>\t\t\t\t<\/div>\n\t\t\t\t<\/div>\n\t\t\t\t<div class=\"elementor-element elementor-element-b899cfa elementor-widget elementor-widget-text-editor\" data-id=\"b899cfa\" data-element_type=\"widget\" data-widget_type=\"text-editor.default\">\n\t\t\t\t<div class=\"elementor-widget-container\">\n\t\t\t\t\t\t\t\t\tComo <strong>objetivos generales<\/strong>, con este taller se pretende: \t\t\t\t\t\t\t\t<\/div>\n\t\t\t\t<\/div>\n\t\t\t\t<div class=\"elementor-element elementor-element-d2a9974 elementor-icon-list--layout-traditional elementor-list-item-link-full_width elementor-widget elementor-widget-icon-list\" data-id=\"d2a9974\" data-element_type=\"widget\" data-widget_type=\"icon-list.default\">\n\t\t\t\t<div class=\"elementor-widget-container\">\n\t\t\t\t\t\t\t<ul class=\"elementor-icon-list-items\">\n\t\t\t\t\t\t\t<li class=\"elementor-icon-list-item\">\n\t\t\t\t\t\t\t\t\t\t\t<span class=\"elementor-icon-list-icon\">\n\t\t\t\t\t\t\t<i aria-hidden=\"true\" class=\"fas fa-check\"><\/i>\t\t\t\t\t\t<\/span>\n\t\t\t\t\t\t\t\t\t\t<span class=\"elementor-icon-list-text\">Tomar plena conciencia del impacto ambiental de los pasivos mineros y su potencial amenaza para la salud y el medioambiente.<\/span>\n\t\t\t\t\t\t\t\t\t<\/li>\n\t\t\t\t\t\t<\/ul>\n\t\t\t\t\t\t<\/div>\n\t\t\t\t<\/div>\n\t\t\t\t<div class=\"elementor-element elementor-element-a716d36 elementor-icon-list--layout-traditional elementor-list-item-link-full_width elementor-widget elementor-widget-icon-list\" data-id=\"a716d36\" data-element_type=\"widget\" data-widget_type=\"icon-list.default\">\n\t\t\t\t<div class=\"elementor-widget-container\">\n\t\t\t\t\t\t\t<ul class=\"elementor-icon-list-items\">\n\t\t\t\t\t\t\t<li class=\"elementor-icon-list-item\">\n\t\t\t\t\t\t\t\t\t\t\t<span class=\"elementor-icon-list-icon\">\n\t\t\t\t\t\t\t<i aria-hidden=\"true\" class=\"fas fa-check\"><\/i>\t\t\t\t\t\t<\/span>\n\t\t\t\t\t\t\t\t\t\t<span class=\"elementor-icon-list-text\">Analizar la viabilidad, oportunidad y alternativas para que los servicios geol\u00f3gicos puedan desempe\u00f1ar una funci\u00f3n sustancial en relaci\u00f3n con la evaluaci\u00f3n del impacto de los PAM, as\u00ed como con su rehabilitaci\u00f3n ambiental y su eventual aprovechamiento econ\u00f3mico.<\/span>\n\t\t\t\t\t\t\t\t\t<\/li>\n\t\t\t\t\t\t<\/ul>\n\t\t\t\t\t\t<\/div>\n\t\t\t\t<\/div>\n\t\t\t\t<div class=\"elementor-element elementor-element-c6ad045 elementor-widget elementor-widget-text-editor\" data-id=\"c6ad045\" data-element_type=\"widget\" data-widget_type=\"text-editor.default\">\n\t\t\t\t<div class=\"elementor-widget-container\">\n\t\t\t\t\t\t\t\t\t<strong>Objetivos espec\u00edficos<\/strong> del taller son:  \t\t\t\t\t\t\t\t<\/div>\n\t\t\t\t<\/div>\n\t\t\t\t<div class=\"elementor-element elementor-element-9c0eaeb elementor-icon-list--layout-traditional elementor-list-item-link-full_width elementor-widget elementor-widget-icon-list\" data-id=\"9c0eaeb\" data-element_type=\"widget\" data-widget_type=\"icon-list.default\">\n\t\t\t\t<div class=\"elementor-widget-container\">\n\t\t\t\t\t\t\t<ul class=\"elementor-icon-list-items\">\n\t\t\t\t\t\t\t<li class=\"elementor-icon-list-item\">\n\t\t\t\t\t\t\t\t\t\t\t<span class=\"elementor-icon-list-icon\">\n\t\t\t\t\t\t\t<i aria-hidden=\"true\" class=\"fas fa-check\"><\/i>\t\t\t\t\t\t<\/span>\n\t\t\t\t\t\t\t\t\t\t<span class=\"elementor-icon-list-text\">Exponer los avances y resultados de los trabajos del Grupo de Expertos de ASGMI en Pasivos Ambientales Mineros. <\/span>\n\t\t\t\t\t\t\t\t\t<\/li>\n\t\t\t\t\t\t<\/ul>\n\t\t\t\t\t\t<\/div>\n\t\t\t\t<\/div>\n\t\t\t\t<div class=\"elementor-element elementor-element-cfa3ecf elementor-icon-list--layout-traditional elementor-list-item-link-full_width elementor-widget elementor-widget-icon-list\" data-id=\"cfa3ecf\" data-element_type=\"widget\" data-widget_type=\"icon-list.default\">\n\t\t\t\t<div class=\"elementor-widget-container\">\n\t\t\t\t\t\t\t<ul class=\"elementor-icon-list-items\">\n\t\t\t\t\t\t\t<li class=\"elementor-icon-list-item\">\n\t\t\t\t\t\t\t\t\t\t\t<span class=\"elementor-icon-list-icon\">\n\t\t\t\t\t\t\t<i aria-hidden=\"true\" class=\"fas fa-check\"><\/i>\t\t\t\t\t\t<\/span>\n\t\t\t\t\t\t\t\t\t\t<span class=\"elementor-icon-list-text\">Mostrar casos estudio de caracterizaci\u00f3n y evaluaci\u00f3n de pasivos ambientales mineros en los pa\u00edses cuyos servicios geol\u00f3gicos son miembros de ASGMI. <\/span>\n\t\t\t\t\t\t\t\t\t<\/li>\n\t\t\t\t\t\t<\/ul>\n\t\t\t\t\t\t<\/div>\n\t\t\t\t<\/div>\n\t\t\t\t<div class=\"elementor-element elementor-element-67e4ded elementor-icon-list--layout-traditional elementor-list-item-link-full_width elementor-widget elementor-widget-icon-list\" data-id=\"67e4ded\" data-element_type=\"widget\" data-widget_type=\"icon-list.default\">\n\t\t\t\t<div class=\"elementor-widget-container\">\n\t\t\t\t\t\t\t<ul class=\"elementor-icon-list-items\">\n\t\t\t\t\t\t\t<li class=\"elementor-icon-list-item\">\n\t\t\t\t\t\t\t\t\t\t\t<span class=\"elementor-icon-list-icon\">\n\t\t\t\t\t\t\t<i aria-hidden=\"true\" class=\"fas fa-check\"><\/i>\t\t\t\t\t\t<\/span>\n\t\t\t\t\t\t\t\t\t\t<span class=\"elementor-icon-list-text\">Configurar a ASGMI, y particularmente a su grupo de expertos GEPAM, como referente internacional en materia de pasivos ambientales mineros.<\/span>\n\t\t\t\t\t\t\t\t\t<\/li>\n\t\t\t\t\t\t<\/ul>\n\t\t\t\t\t\t<\/div>\n\t\t\t\t<\/div>\n\t\t\t\t\t<\/div>\n\t\t<\/div>\n\t\t\t\t\t<\/div>\n\t\t<\/section>\n\t\t\t\t\t<\/div>\n\t\t<\/div>\n\t\t\t\t\t<\/div>\n\t\t<\/section>\n\t\t\t\t<section class=\"elementor-section elementor-top-section elementor-element elementor-element-29ffd68 elementor-section-boxed elementor-section-height-default elementor-section-height-default\" data-id=\"29ffd68\" data-element_type=\"section\">\n\t\t\t\t\t\t<div class=\"elementor-container elementor-column-gap-default\">\n\t\t\t\t\t<div class=\"elementor-column elementor-col-100 elementor-top-column elementor-element elementor-element-5c0db8c\" data-id=\"5c0db8c\" data-element_type=\"column\">\n\t\t\t<div class=\"elementor-widget-wrap elementor-element-populated\">\n\t\t\t\t\t\t<div class=\"elementor-element elementor-element-0068bf6 elementor-align-center elementor-widget elementor-widget-button\" data-id=\"0068bf6\" data-element_type=\"widget\" data-widget_type=\"button.default\">\n\t\t\t\t<div class=\"elementor-widget-container\">\n\t\t\t\t\t\t\t\t\t<div class=\"elementor-button-wrapper\">\n\t\t\t\t\t<a class=\"elementor-button elementor-button-link elementor-size-xl\" href=\"https:\/\/asgmi.org\/wp-content\/uploads\/2020\/09\/Agenda-Taller-ASGMI_Pasivos-Ambientales-Mineros-Final-y-Ponentes.pdf\">\n\t\t\t\t\t\t<span class=\"elementor-button-content-wrapper\">\n\t\t\t\t\t\t\t\t\t<span class=\"elementor-button-text\">PROGRAMA DEL TALLER<\/span>\n\t\t\t\t\t<\/span>\n\t\t\t\t\t<\/a>\n\t\t\t\t<\/div>\n\t\t\t\t\t\t\t\t<\/div>\n\t\t\t\t<\/div>\n\t\t\t\t<div class=\"elementor-element elementor-element-ee12fbe elementor-widget elementor-widget-html\" data-id=\"ee12fbe\" data-element_type=\"widget\" data-widget_type=\"html.default\">\n\t\t\t\t<div class=\"elementor-widget-container\">\n\t\t\t\t\t<h3 style=\"text-align: center;\"><strong>PRESENTACIONES DEL TALLER<\/strong><\/h3>\r\n\r\n\r\n<div class=\"su-accordion su-u-trim\">\r\n  <div class=\"su-spoiler su-spoiler-style-default su-spoiler-icon-plus su-spoiler-closed\" data-scroll-offset=\"0\" data-anchor-in-url=\"no\"><div class=\"su-spoiler-title\" tabindex=\"0\" role=\"button\"><span class=\"su-spoiler-icon\"><\/span>PRESENTACIONES SESI\u00d3N 1: D\u00cdA 22 SEPT.<\/div><div class=\"su-spoiler-content su-u-clearfix su-u-trim\"><\/br>\r\n<a href=\"https:\/\/asgmi.org\/wp-content\/uploads\/2020\/09\/01-Presentaci\u00f3n-Taller-PAM_VG.pdf\" rel=\"noopener noreferrer\" target=\"_blank\">Presentaci\u00f3n del Taller<\/a><\/br>\r\n<a href=\"https:\/\/asgmi.org\/wp-content\/uploads\/2020\/09\/02-FINAL-Objetivos_GEPAM-1.pdf\" rel=\"noopener noreferrer\" target=\"_blank\">Objetivos, logros, avances y perspectivas del Grupo de Expertos de ASGMI en Pasivos Ambientales Mineros -GEPAM-.<\/a><\/br>\r\n<a href=\"https:\/\/asgmi.org\/wp-content\/uploads\/2020\/09\/03-Final-Manual_Inventario-2.pdf\" rel=\"noopener noreferrer\" target=\"_blank\">Presentaci\u00f3n del Manual para el Inventario de Minas Abandonadas o Paralizadas (2\u00aa Edici\u00f3n).<\/a><\/br>\r\n<a href=\"https:\/\/asgmi.org\/wp-content\/uploads\/2020\/09\/04-Presentaci\u00f3n-glosario-y-avances-manual-evaluaci\u00f3n-1.pdf\" rel=\"noopener noreferrer\" target=\"_blank\">Presentaci\u00f3n del Glosario T\u00e9cnico en Materia de Gesti\u00f3n de Pasivos Ambientales Mineros<\/a><\/br>\r\n<a href=\"https:\/\/asgmi.org\/wp-content\/uploads\/2020\/09\/05-REUTILIZACION_FINAL_LF.pdf\" rel=\"noopener noreferrer\" target=\"_blank\">Presentaci\u00f3n de la Gu\u00eda para reprocesamiento y\/o reutilizaci\u00f3n de los pasivos ambientales mineros.<\/a><\/br>\r\n<a href=\"https:\/\/asgmi.org\/wp-content\/uploads\/2020\/09\/06-Seal-USGS_ASGMI_091020_espanol.pdf\" rel=\"noopener noreferrer\" target=\"_blank\">Conferencia invitada: Life cycle approach to environmental issues related mining &#8211; past, present, and future. The USGS perspective<\/a><\/br>\r\n<a href=\"https:\/\/asgmi.org\/wp-content\/uploads\/2020\/09\/07-Ley-de-Cierre-CHILE-Sernageomin-ADL.pdf\" rel=\"noopener noreferrer\" target=\"_blank\">Nuevo r\u00e9gimen legal de cierre de faenas mineras y garant\u00edas en Chile.<\/a><\/br>\r\n<\/div><\/div>\r\n<\/div>\r\n<div class=\"su-accordion su-u-trim\">\r\n  <div class=\"su-spoiler su-spoiler-style-default su-spoiler-icon-plus su-spoiler-closed\" data-scroll-offset=\"0\" data-anchor-in-url=\"no\"><div class=\"su-spoiler-title\" tabindex=\"0\" role=\"button\"><span class=\"su-spoiler-icon\"><\/span>PRESENTACIONES SESI\u00d3N 2: D\u00cdA 23 SEPT.<\/div><div class=\"su-spoiler-content su-u-clearfix su-u-trim\">\r\n<a href=\"https:\/\/asgmi.org\/wp-content\/uploads\/2020\/09\/01-REV-Presentacion-SGC-ASGMI-SEPTIEMBRE-2020-CORREGIDA.pdf\" rel=\"noopener noreferrer\" target=\"_blank\">Desaf\u00edos de proyectos mineros en Colombia ante concepciones de protecci\u00f3n ambiental del siglo XXI.<\/a><\/br>\r\n\r\n<a href=\"https:\/\/asgmi.org\/wp-content\/uploads\/2020\/09\/02-PonenciaSEGEMAR_Definitiva-1.pdf\" rel=\"noopener noreferrer\" target=\"_blank\">Caracterizaci\u00f3n de pasivos ambientales mineros en el marco de estudios geoambientales. Estudio Geoambiental San Antonio de los Cobres.<\/a><\/br>\r\n\r\n<a href=\"https:\/\/asgmi.org\/wp-content\/uploads\/2020\/09\/03-Presentaci\u00f3n-Julio-C\u00e9sar-Arranz-IGME.pdf\" rel=\"noopener noreferrer\" target=\"_blank\">San Crist\u00f3bal (Mazarr\u00f3n, Murcia). Un caso de inventario, caracterizaci\u00f3n, evaluaci\u00f3n de riesgos, priorizaci\u00f3n y rehabilitaci\u00f3n de una presa minera en Espa\u00f1a.<\/a><\/br>\r\n\r\n<a href=\"https:\/\/asgmi.org\/wp-content\/uploads\/2020\/09\/04-Las-Animas-Honduras-Taller-GEPAM-2020-VF-1.pdf\" rel=\"noopener noreferrer\" target=\"_blank\">Las \u00c1nimas: Una propuesta de remediaci\u00f3n t\u00e9cnica y de patrimonio minero en Francisco Moraz\u00e1n, Honduras.<\/a>\r\n\r\n<\/br>\r\n<a href=\"https:\/\/asgmi.org\/wp-content\/uploads\/2020\/09\/05-EcuadorTALLER-AGSMI_IIGE.pdf\" rel=\"noopener noreferrer\" target=\"_blank\">Aprovechamiento de relaves como agregados para la fabricaci\u00f3n de adoquines: Relaves de la Planta de beneficio Campanillas, Ecuador.<\/a>\r\n\r\n<\/br>\r\n<a href=\"https:\/\/asgmi.org\/wp-content\/uploads\/2020\/09\/06-Proceso-de-digitalizaci\u00f3n-para-el-Catastro-de-Pasivos-Mineros-Costa-Rica-Sin-Audio.pdf\" rel=\"noopener noreferrer\" target=\"_blank\">Procesos de digitalizaci\u00f3n para el catastro de pasivos ambientales mineros de Costa Rica.<\/a>\r\n<\/br>\r\n\r\n<a href=\"https:\/\/asgmi.org\/wp-content\/uploads\/2020\/09\/07-Mexico-SGM-DIAGN\u00d3STICO-DE-PASIVOS-AMBIENTALES-MINEROS-ESTADO-DE-HIDALGO-M\u00c9XICO-1.pdf\" rel=\"noopener noreferrer\" target=\"_blank\">Diagn\u00f3stico de los pasivos ambientales mineros en el estado de Hidalgo, M\u00e9xico.<\/a>\r\n<\/br>\r\n<a href=\"https:\/\/asgmi.org\/wp-content\/uploads\/2020\/09\/08-TALLER_PERU_V3.pdf\" rel=\"noopener noreferrer\" target=\"_blank\">Los pasivos ambientales mineros en Per\u00fa. Estado del arte, lineamientos y rol del INGEMMET.<\/a>\r\n<\/br>\r\n<a href=\"https:\/\/asgmi.org\/wp-content\/uploads\/2020\/09\/09-TallerPAM_LNEG.pdf\" rel=\"noopener noreferrer\" target=\"_blank\">Passivos ambientais mineiros em Portugal \u2013 Hist\u00f3ria e Estado actual<\/a>\r\n\r\n<\/br>\r\n<a href=\"https:\/\/asgmi.org\/wp-content\/uploads\/2020\/09\/10-Pasivos-Ambientales-Mineros-en-Uruguay-DINAMIGE-Patricia-Gallardo.pdf\" rel=\"noopener noreferrer\" target=\"_blank\">Pasivos ambientales mineros en Uruguay.<\/a>\r\n<\/br>\r\n\r\n<\/div><\/div>\r\n<\/div>\r\n\r\n\r\n\r\n\r\n\t\t\t\t<\/div>\n\t\t\t\t<\/div>\n\t\t\t\t<div class=\"elementor-element elementor-element-7d0664a elementor-widget elementor-widget-html\" data-id=\"7d0664a\" data-element_type=\"widget\" data-widget_type=\"html.default\">\n\t\t\t\t<div class=\"elementor-widget-container\">\n\t\t\t\t\t<h3 style=\"text-align: center;\"><strong>GRABACIONES<\/strong><\/h3>\r\n\r\n\r\n\r\n\t\t\t\t<\/div>\n\t\t\t\t<\/div>\n\t\t\t\t<div class=\"elementor-element elementor-element-51f3ac4 elementor-widget elementor-widget-html\" data-id=\"51f3ac4\" data-element_type=\"widget\" data-widget_type=\"html.default\">\n\t\t\t\t<div class=\"elementor-widget-container\">\n\t\t\t\t\t<h3 style=\"text-align: center;\"><strong>SESI\u00d3N 1 - D\u00eda 22 de septiembre<\/strong><\/h3>\r\n\r\n\r\n\r\n\t\t\t\t<\/div>\n\t\t\t\t<\/div>\n\t\t\t\t<div class=\"elementor-element elementor-element-a693670 elementor-widget elementor-widget-video\" data-id=\"a693670\" data-element_type=\"widget\" data-settings=\"{&quot;youtube_url&quot;:&quot;https:\\\/\\\/youtu.be\\\/PnE4rPhvn90&quot;,&quot;video_type&quot;:&quot;youtube&quot;,&quot;controls&quot;:&quot;yes&quot;}\" data-widget_type=\"video.default\">\n\t\t\t\t<div class=\"elementor-widget-container\">\n\t\t\t\t\t\t\t<div class=\"elementor-wrapper elementor-open-inline\">\n\t\t\t<div class=\"elementor-video\"><\/div>\t\t<\/div>\n\t\t\t\t\t\t<\/div>\n\t\t\t\t<\/div>\n\t\t\t\t<div class=\"elementor-element elementor-element-7b78812 elementor-widget elementor-widget-html\" data-id=\"7b78812\" data-element_type=\"widget\" data-widget_type=\"html.default\">\n\t\t\t\t<div class=\"elementor-widget-container\">\n\t\t\t\t\t<h3 style=\"text-align: center;\"><strong>SESI\u00d3N 1 - D\u00eda 23 de septiembre<\/strong><\/h3>\r\n\r\n\r\n\r\n\t\t\t\t<\/div>\n\t\t\t\t<\/div>\n\t\t\t\t<div class=\"elementor-element elementor-element-a272e84 elementor-widget elementor-widget-video\" data-id=\"a272e84\" data-element_type=\"widget\" data-settings=\"{&quot;youtube_url&quot;:&quot;https:\\\/\\\/www.youtube.com\\\/watch?v=j0BehV3gjgM&quot;,&quot;video_type&quot;:&quot;youtube&quot;,&quot;controls&quot;:&quot;yes&quot;}\" data-widget_type=\"video.default\">\n\t\t\t\t<div class=\"elementor-widget-container\">\n\t\t\t\t\t\t\t<div class=\"elementor-wrapper elementor-open-inline\">\n\t\t\t<div class=\"elementor-video\"><\/div>\t\t<\/div>\n\t\t\t\t\t\t<\/div>\n\t\t\t\t<\/div>\n\t\t\t\t\t<\/div>\n\t\t<\/div>\n\t\t\t\t\t<\/div>\n\t\t<\/section>\n\t\t\t\t<\/div>\n\t\t","protected":false},"excerpt":{"rendered":"<p>TALLER INTERNACIONAL VIRTUAL SOBRE PASIVOS AMBIENTALES MINEROS: HACIA UNA GESTI\u00d3N SOSTENIBLE. VISI\u00d3N GLOBAL EN IBEROAM\u00c9RICA. GRUPO DE EXPERTOS EN PASIVOS AMBIENTALES DE ASGMI (GEPAM): La misi\u00f3n del Grupo de Expertos en Pasivos Ambientales Mineros es elaborar una metodolog\u00eda com\u00fan para la caracterizaci\u00f3n de la peligrosidad\/riesgo de los PAM sobre el an\u00e1lisis matricial de la severidad [&hellip;]<\/p>\n","protected":false},"author":1,"featured_media":2978,"parent":0,"menu_order":0,"comment_status":"closed","ping_status":"closed","template":"elementor_header_footer","meta":{"_genesis_hide_title":false,"_genesis_hide_breadcrumbs":false,"_genesis_hide_singular_image":false,"_genesis_hide_footer_widgets":false,"_genesis_custom_body_class":"","_genesis_custom_post_class":"","_genesis_layout":"","footnotes":""},"class_list":{"0":"post-2837","1":"page","2":"type-page","3":"status-publish","4":"has-post-thumbnail","6":"entry"},"_links":{"self":[{"href":"https:\/\/asgmi.org\/pt\/wp-json\/wp\/v2\/pages\/2837","targetHints":{"allow":["GET"]}}],"collection":[{"href":"https:\/\/asgmi.org\/pt\/wp-json\/wp\/v2\/pages"}],"about":[{"href":"https:\/\/asgmi.org\/pt\/wp-json\/wp\/v2\/types\/page"}],"author":[{"embeddable":true,"href":"https:\/\/asgmi.org\/pt\/wp-json\/wp\/v2\/users\/1"}],"replies":[{"embeddable":true,"href":"https:\/\/asgmi.org\/pt\/wp-json\/wp\/v2\/comments?post=2837"}],"version-history":[{"count":94,"href":"https:\/\/asgmi.org\/pt\/wp-json\/wp\/v2\/pages\/2837\/revisions"}],"predecessor-version":[{"id":3077,"href":"https:\/\/asgmi.org\/pt\/wp-json\/wp\/v2\/pages\/2837\/revisions\/3077"}],"wp:featuredmedia":[{"embeddable":true,"href":"https:\/\/asgmi.org\/pt\/wp-json\/wp\/v2\/media\/2978"}],"wp:attachment":[{"href":"https:\/\/asgmi.org\/pt\/wp-json\/wp\/v2\/media?parent=2837"}],"curies":[{"name":"wp","href":"https:\/\/api.w.org\/{rel}","templated":true}]}}