{"id":32,"date":"2018-05-23T09:31:11","date_gmt":"2018-05-23T09:31:11","guid":{"rendered":"https:\/\/asgmi.org\/?page_id=32"},"modified":"2018-10-24T22:17:19","modified_gmt":"2018-10-24T22:17:19","slug":"area-educativa","status":"publish","type":"page","link":"https:\/\/asgmi.org\/pt\/area-educativa\/","title":{"rendered":"\u00c1REA EDUCATIVA"},"content":{"rendered":"<h4>Hiperliga\u00e7\u00f5es para documentos e outros materiais did\u00e1ticos e educacionais dos Servi\u00e7os Geol\u00f3gicos membros da ASGMI<\/h4>\n<p>Argentina &#8211; <span style=\"color: #0000ff;\"><a href=\"http:\/\/www.segemar.gov.ar\" target=\"_blank\" rel=\"noopener\"><span style=\"color: #0000ff;\">SEGEMAR<\/span><\/a><\/span>:\u00a0<a href=\"http:\/\/www.segemar.gov.ar\/terremotos\/qh.pdf\" target=\"_blank\" rel=\"noopener\">o que fazer em caso de terremotos?<\/a><\/p>\n<p>Bolivia &#8211; <span style=\"color: #0000ff;\"><a href=\"http:\/\/www.sergeotecmin.gob.bo\" target=\"_blank\" rel=\"noopener\"><span style=\"color: #0000ff;\">SERGEOTECMIN<\/span><\/a><span style=\"color: #0000ff;\">:<\/span><\/span>\u00a0<a href=\"http:\/\/www.sergeotecmin.gob.bo\/?q=node\/62\" target=\"_blank\" rel=\"noopener\">Museu Mineral\u00f3gico, Petrogr\u00e1fico, Paleontol\u00f3gico &#8220;Jorge Mu\u00f1oz Reyes&#8221;<\/a><\/p>\n<p>Brasil &#8211; <span style=\"color: #0000ff;\"><a href=\"http:\/\/www.cprm.gov.br\/\"><span style=\"color: #0000ff;\">CPRM-Servi\u00e7o Geol\u00f3gico do Brasil<\/span><\/a><\/span>: <a href=\"http:\/\/www.cprm.gov.br\/publique\/cgi\/cgilua.exe\/sys\/start.htm?UserActiveTemplate=cprm_layout&amp;sid=129\" target=\"_blank\" rel=\"noopener\">Canal Escola<\/a><\/p>\n<p>Chile &#8211;\u00a0<span style=\"color: #0000ff;\"><a href=\"http:\/\/www.sernageomin.cl\" target=\"_blank\" rel=\"noopener\"><span style=\"color: #0000ff;\">SERNAGEOMIN<\/span><\/a><\/span>: <a href=\"http:\/\/www.sernageomin.cl\/Museo_Geologico\/index.htm\" target=\"_blank\" rel=\"noopener\">Museu Geol\u00f3gico<\/a><\/p>\n<p>Colombia &#8211; <span style=\"color: #0000ff;\"><a href=\"http:\/\/www.sgc.gov.co\" target=\"_blank\" rel=\"noopener\"><span style=\"color: #0000ff;\">Servicio Geol\u00f3gico Colombiano<\/span><\/a><\/span>: <a href=\"http:\/\/www.sgc.gov.co\/ninos.aspx\" target=\"_blank\" rel=\"noopener\">Portal das Crian\u00e7as<\/a><\/p>\n<p>Espa\u00f1a &#8211; <a href=\"http:\/\/www.igme.es\" target=\"_blank\" rel=\"noopener\"><span style=\"color: #0000ff;\"><span style=\"color: #0000ff;\">I<\/span>GME<\/span><\/a>: <a href=\"http:\/\/www.igme.es\/infoigme\/catalogo\/catalogo.aspx?tab=6\" target=\"_blank\" rel=\"noopener\">Divulga\u00e7\u00e3o e Did\u00e1tica<\/a><\/p>\n<p>M\u00e9xico &#8211; <span style=\"color: #0000ff;\"><a href=\"http:\/\/www.sgm.gob.mx\" target=\"_blank\" rel=\"noopener\"><span style=\"color: #0000ff;\">Servi\u00e7o Geol\u00f3gico Mexicano: <\/span><\/a><\/span>: <a href=\"http:\/\/www.sgm.gob.mx\/index.php?option=com_content&amp;task=view&amp;id=18&amp;Itemid=31\"> Educa\u00e7\u00e3o<\/a><\/p>\n<p>Per\u00fa &#8211; <a href=\"ftp:\/\/190.223.41.109\" target=\"_blank\" rel=\"noopener\">Material educacional <\/a>\u00a0\u2014 Para acesso \u00e0 FTP \u2014 Utilizador: user; palavra-passe: user<\/p>\n<p>Portugal &#8211; <span style=\"color: #0000ff;\"><a href=\"http:\/\/www.lneg.pt\" target=\"_blank\" rel=\"noopener\"><span style=\"color: #0000ff;\">LNEG<\/span><\/a><\/span>: <a href=\"http:\/\/www.lneg.pt\/CienciaParaTodos\/ciencia_viva\" target=\"_blank\" rel=\"noopener\">Ci\u00eancia para todos<\/a><\/p>\n<p>Rep\u00fablica Dominicana &#8211; <span style=\"color: #0000ff;\"><a href=\"http:\/\/www.sgn.gov.do\" target=\"_blank\" rel=\"noopener\"><span style=\"color: #0000ff;\">Servi\u00e7o Geol\u00f3gico Nacional: <\/span><\/a><\/span>:\u00a0<a href=\"http:\/\/www.sgn.gov.do\/musvirtual.html\" target=\"_blank\" rel=\"noopener\">Museu Virtual<\/a><\/p>\n<p>&nbsp;","protected":false},"excerpt":{"rendered":"<p>Hiperliga\u00e7\u00f5es para documentos e outros materiais did\u00e1ticos e educacionais dos Servi\u00e7os Geol\u00f3gicos membros da ASGMI Argentina &#8211; SEGEMAR:\u00a0o que fazer em caso de terremotos? Bolivia &#8211; SERGEOTECMIN:\u00a0Museu Mineral\u00f3gico, Petrogr\u00e1fico, Paleontol\u00f3gico &#8220;Jorge Mu\u00f1oz Reyes&#8221; Brasil &#8211; CPRM-Servi\u00e7o Geol\u00f3gico do Brasil: Canal Escola Chile &#8211;\u00a0SERNAGEOMIN: Museu Geol\u00f3gico Colombia &#8211; Servicio Geol\u00f3gico Colombiano: Portal das Crian\u00e7as Espa\u00f1a &#8211; [&hellip;]<\/p>\n","protected":false},"author":1,"featured_media":0,"parent":0,"menu_order":0,"comment_status":"closed","ping_status":"closed","template":"","meta":{"_genesis_hide_title":false,"_genesis_hide_breadcrumbs":false,"_genesis_hide_singular_image":false,"_genesis_hide_footer_widgets":false,"_genesis_custom_body_class":"","_genesis_custom_post_class":"","_genesis_layout":"","footnotes":""},"class_list":{"0":"post-32","1":"page","2":"type-page","3":"status-publish","5":"entry"},"_links":{"self":[{"href":"https:\/\/asgmi.org\/pt\/wp-json\/wp\/v2\/pages\/32","targetHints":{"allow":["GET"]}}],"collection":[{"href":"https:\/\/asgmi.org\/pt\/wp-json\/wp\/v2\/pages"}],"about":[{"href":"https:\/\/asgmi.org\/pt\/wp-json\/wp\/v2\/types\/page"}],"author":[{"embeddable":true,"href":"https:\/\/asgmi.org\/pt\/wp-json\/wp\/v2\/users\/1"}],"replies":[{"embeddable":true,"href":"https:\/\/asgmi.org\/pt\/wp-json\/wp\/v2\/comments?post=32"}],"version-history":[{"count":6,"href":"https:\/\/asgmi.org\/pt\/wp-json\/wp\/v2\/pages\/32\/revisions"}],"predecessor-version":[{"id":2173,"href":"https:\/\/asgmi.org\/pt\/wp-json\/wp\/v2\/pages\/32\/revisions\/2173"}],"wp:attachment":[{"href":"https:\/\/asgmi.org\/pt\/wp-json\/wp\/v2\/media?parent=32"}],"curies":[{"name":"wp","href":"https:\/\/api.w.org\/{rel}","templated":true}]}}