{"id":3214,"date":"2021-04-13T16:26:38","date_gmt":"2021-04-13T16:26:38","guid":{"rendered":"https:\/\/asgmi.org\/?page_id=3214"},"modified":"2024-03-19T12:18:15","modified_gmt":"2024-03-19T12:18:15","slug":"grupo-de-expertos-en-cartografia-geologica-y-geologia-regional","status":"publish","type":"page","link":"https:\/\/asgmi.org\/pt\/grupo-de-expertos-en-cartografia-geologica-y-geologia-regional\/","title":{"rendered":"Grupo de Especialistas em Cartografia Geol\u00f3gica e Geologia Regional"},"content":{"rendered":"<h2><strong>ANTECEDENTES:<\/strong><\/h2>\n<p>O <strong>Grupo de Especialistas em Geologia Regional e Cartografia Geol\u00f3gica<\/strong> &#8211; GEGEO &#8211; foi criado e iniciou a sua atividade no in\u00edcio de 2020 por acordo do Conselho de Administra\u00e7\u00e3o, a pedido de alguns membros da ASGMI e do Grupo de Especialistas em Hidrogeologia e Cartografia Hidrogeol\u00f3gica.<\/p>\n<p>O GEGEO \u00e9 coordenado por Alicia Folguera (Servicio Geol\u00f3gico y Minero Argentino, SEGEMAR) como coordenadora e Sof\u00eda Huapaya (Direcci\u00f3n de Geolog\u00eda y Minas de Costa Rica, DGM) e Andrea Alb\u00e1n (Instituto de Investigaci\u00f3n Geol\u00f3gica y Energ\u00e9tica de Ecuador, IIGE).<\/p>\n<h2><strong>MISS\u00c3O E VIS\u00c3O DO GRUPO DE ESPECIALISTAS EM MAPEAMENTO GEOL\u00d3GICO E GEOLOGIA REGIONAL:<\/strong><\/h2>\n<p>A <strong>miss\u00e3o<\/strong> do GEGEO \u00e9 promover e facilitar o interc\u00e2mbio de experi\u00eancias, conhecimentos e metodologias de trabalho relacionadas com a prospe\u00e7\u00e3o e cartografia geol\u00f3gica entre os servi\u00e7os geol\u00f3gicos membros da ASGMI. Como objectivos espec\u00edficos para o cumprimento da sua miss\u00e3o, s\u00e3o considerados os seguintes:<\/p>\n<ul>\n<li>Promover acordos de coopera\u00e7\u00e3o espec\u00edficos para a transfer\u00eancia de conhecimentos, protocolos e procedimentos operacionais em cartografia geol\u00f3gica a diferentes escalas.<\/li>\n<li>Cooperar, atrav\u00e9s de acompanhamento e apoio t\u00e9cnico-cient\u00edfico, para o planeamento e implementa\u00e7\u00e3o de programas nacionais de cartografia geol\u00f3gica para os servi\u00e7os membros da ASGMI que n\u00e3o realizam cartografia geol\u00f3gica de forma sistem\u00e1tica.<\/li>\n<li>Harmonizar a cartografia geol\u00f3gica em zonas transfronteiri\u00e7as, mediante acordo entre os servi\u00e7os geol\u00f3gicos envolvidos.<\/li>\n<\/ul>\n<p>A <strong>vis\u00e3o<\/strong> do grupo \u00e9 configurar-se e atuar como um \u00f3rg\u00e3o consultivo em mat\u00e9ria de geologia regional e cartografia geol\u00f3gica para os grupos de peritos da ASGMI que o requeiram, assim como para outros organismos e institui\u00e7\u00f5es da regi\u00e3o para os quais o conhecimento geol\u00f3gico \u00e9 um insumo b\u00e1sico para a gest\u00e3o adequada das suas compet\u00eancias.<\/p>\n<h2><strong>OBJETIVOS DE CURTO E M\u00c9DIO PRAZO:<\/strong><\/h2>\n<p>Os objetivos do Grupo s\u00e3o os seguintes:<\/p>\n<ul>\n<li>Elabora\u00e7\u00e3o de um Gloss\u00e1rio ou padroniza\u00e7\u00e3o dos termos geol\u00f3gicos dos diferentes pa\u00edses que aparecem nos mapas geol\u00f3gicos.<\/li>\n<li>Elabora\u00e7\u00e3o de um Guia com o que um mapa geol\u00f3gico b\u00e1sico deve conter. Guia com conte\u00fado proposto e metodologia de trabalho.<\/li>\n<li>Realiza\u00e7\u00e3o, em novembro de 2023, do Workshop virtual conjunto EGS &#8211; ASGMI sobre Mapeamento Geol\u00f3gico e Geologia Regional.<\/li>\n<\/ul>\n<p>&nbsp;<\/p>\n<h2><strong>WORKSHOPS REALIZADOS:<\/strong><\/h2>\n<p><img loading=\"lazy\" decoding=\"async\" class=\"size-medium wp-image-4066 alignleft\" src=\"https:\/\/asgmi.org\/wp-content\/uploads\/2023\/12\/asgmi-egs-workshop-300x169.jpg\" alt=\"\" width=\"300\" height=\"169\" srcset=\"https:\/\/asgmi.org\/wp-content\/uploads\/2023\/12\/asgmi-egs-workshop-300x169.jpg 300w, https:\/\/asgmi.org\/wp-content\/uploads\/2023\/12\/asgmi-egs-workshop-1024x576.jpg 1024w, https:\/\/asgmi.org\/wp-content\/uploads\/2023\/12\/asgmi-egs-workshop-768x432.jpg 768w, https:\/\/asgmi.org\/wp-content\/uploads\/2023\/12\/asgmi-egs-workshop.jpg 1280w\" sizes=\"(max-width: 300px) 100vw, 300px\" \/>Workshop on-line dos Grupos de Especialistas da EGS e da ASGMI sobre Geologia Regional e Mapeamento Geol\u00f3gico, sobre Mapeamento Geol\u00f3gico e Modelagem 3D, realizado em 15 e 16 de novembro de 2023.<br \/>\n<a href=\"https:\/\/asgmi.org\/wp-content\/uploads\/2023\/12\/00-Mintues-of-WS-ASGMI-EGS-Geology.pdf\">REGISTRO DE ACORDOS<\/a>\u00a0(em ingl\u00eas)<\/p>\n<p>&nbsp;<\/p>\n<p>&nbsp;<\/p>\n<h2><img loading=\"lazy\" decoding=\"async\" class=\"alignleft\" style=\"font-size: 16px; font-weight: 400;\" src=\"https:\/\/asgmi.org\/wp-content\/uploads\/2021\/01\/Imagen-portada-300x223.jpg\" alt=\"\" width=\"300\" height=\"223\" \/><\/h2>\n<h2><\/h2>\n<p>Workshop virtual sobre a situa\u00e7\u00e3o da cartografia geol\u00f3gica e a metodologia aplicada nos pa\u00edses ibero-americanos, realizado em 16 e 17 de dezembro de 2020.<br \/>\n<a href=\"https:\/\/asgmi.org\/wp-content\/uploads\/2021\/01\/PRESENTACION-ASGMI-16-Junio_COMPILADA.pdf\">APRESENTA\u00c7\u00d5ES EM 16 DE DEZEMBRO<\/a>\u00a0(em espanhol e portugu\u00eas)<br \/>\n<a href=\"https:\/\/asgmi.org\/wp-content\/uploads\/2021\/01\/PRESENTACION-ASGMI-17_Dic_COMPILADA-1.pdf\">APRESENTA\u00c7\u00d5ES EM 17 DE DEZEMBRO <\/a>\u00a0(em espanhol)<\/p>\n<p>&nbsp;<\/p>\n<h2><strong>PUBLICA\u00c7\u00d5ES DO GRUPO:<\/strong><\/h2>\n<p><strong><a href=\"https:\/\/asgmi.org\/wp-content\/uploads\/2022\/04\/Carta-importancia-de-los-Planes-Nacionales-de-Cartograf\u00eda.pdf\" target=\"_blank\" rel=\"noopener noreferrer\">Manifesto sobre a Import\u00e2ncia da Implementa\u00e7\u00e3o dos Planos Nacionais de Cartografia Geol\u00f3gica<\/a> (em espanhol).<\/strong><\/p>\n<h2><strong>RELAT\u00d3RIOS DE ATIVIDADES DO GRUPO:<\/strong><\/h2>\n<h2><strong>ANO 2022<\/strong><\/h2>\n<p><img decoding=\"async\" class=\"alignleft size-full wp-image-2134\" src=\"https:\/\/asgmi.org\/wp-content\/uploads\/2018\/10\/001-pdf.png\" alt=\"\" width=\"32\" height=\"32\" \/><a href=\"https:\/\/asgmi.org\/wp-content\/uploads\/2024\/02\/Informe-resumen-de-la-actividad-de-los-Grupos-de-Trabajo-de-ASGMI-en-2022.pdf\">Relat\u00f3rio Anual 2022<\/a>","protected":false},"excerpt":{"rendered":"<p>ANTECEDENTES: O Grupo de Especialistas em Geologia Regional e Cartografia Geol\u00f3gica &#8211; GEGEO &#8211; foi criado e iniciou a sua atividade no in\u00edcio de 2020 por acordo do Conselho de Administra\u00e7\u00e3o, a pedido de alguns membros da ASGMI e do Grupo de Especialistas em Hidrogeologia e Cartografia Hidrogeol\u00f3gica. O GEGEO \u00e9 coordenado por Alicia Folguera [&hellip;]<\/p>\n","protected":false},"author":1,"featured_media":0,"parent":0,"menu_order":0,"comment_status":"closed","ping_status":"closed","template":"","meta":{"_genesis_hide_title":false,"_genesis_hide_breadcrumbs":false,"_genesis_hide_singular_image":false,"_genesis_hide_footer_widgets":false,"_genesis_custom_body_class":"","_genesis_custom_post_class":"","_genesis_layout":"","footnotes":""},"class_list":{"0":"post-3214","1":"page","2":"type-page","3":"status-publish","5":"entry"},"_links":{"self":[{"href":"https:\/\/asgmi.org\/pt\/wp-json\/wp\/v2\/pages\/3214","targetHints":{"allow":["GET"]}}],"collection":[{"href":"https:\/\/asgmi.org\/pt\/wp-json\/wp\/v2\/pages"}],"about":[{"href":"https:\/\/asgmi.org\/pt\/wp-json\/wp\/v2\/types\/page"}],"author":[{"embeddable":true,"href":"https:\/\/asgmi.org\/pt\/wp-json\/wp\/v2\/users\/1"}],"replies":[{"embeddable":true,"href":"https:\/\/asgmi.org\/pt\/wp-json\/wp\/v2\/comments?post=3214"}],"version-history":[{"count":24,"href":"https:\/\/asgmi.org\/pt\/wp-json\/wp\/v2\/pages\/3214\/revisions"}],"predecessor-version":[{"id":4558,"href":"https:\/\/asgmi.org\/pt\/wp-json\/wp\/v2\/pages\/3214\/revisions\/4558"}],"wp:attachment":[{"href":"https:\/\/asgmi.org\/pt\/wp-json\/wp\/v2\/media?parent=3214"}],"curies":[{"name":"wp","href":"https:\/\/api.w.org\/{rel}","templated":true}]}}