{"id":3218,"date":"2021-04-13T16:46:39","date_gmt":"2021-04-13T16:46:39","guid":{"rendered":"https:\/\/asgmi.org\/?page_id=3218"},"modified":"2025-02-27T08:38:57","modified_gmt":"2025-02-27T08:38:57","slug":"grupo-de-expertos-en-patrimonio-geologico","status":"publish","type":"page","link":"https:\/\/asgmi.org\/pt\/grupo-de-expertos-en-patrimonio-geologico\/","title":{"rendered":"Grupo de Especialistas em Patrim\u00f4nio Geol\u00f3gico"},"content":{"rendered":"<h2><strong>ANTECEDENTES:<\/strong><\/h2>\n<p>O <strong>Grupo de Especialistas em Patrim\u00f4nio Geol\u00f3gico<\/strong> -GEPG- foi criado em 2017 para cumprir os Acordos da XXIII Assembleia Geral da ASGMI realizada em Havana, Cuba, em novembro daquele ano, com a miss\u00e3o priorit\u00e1ria de desenvolver uma metodologia de trabalho para o Invent\u00e1rio de S\u00edtios de Interesse Geol\u00f3gico aplic\u00e1vel pelos servi\u00e7os geol\u00f3gicos membros da Associa\u00e7\u00e3o. O trabalho come\u00e7ou imediatamente sob a coordena\u00e7\u00e3o da Dra. Marcela G\u00f3mez, Servi\u00e7o Geol\u00f3gico da Col\u00f4mbia, com o apoio do Dr. Luis Carcavilla, Instituto Geol\u00f3gico e de Minera\u00e7\u00e3o da Espanha, e do Dr. Fernando Miranda, Servi\u00e7o Geol\u00f3gico de Minera\u00e7\u00e3o da Argentina.<\/p>\n<h2><strong>MISS\u00c3O E VIS\u00c3O DO GRUPO DE ESPECIALISTAS EM PATRIM\u00d4NIO GEOL\u00d3GICO:<\/strong><\/h2>\n<p>Em seu in\u00edcio, o grupo tinha como <strong>miss\u00e3o<\/strong> fundamental a elabora\u00e7\u00e3o de uma metodologia de trabalho comum para o Invent\u00e1rio de Locais de Interesse Geol\u00f3gico. Essa miss\u00e3o, ap\u00f3s a celebra\u00e7\u00e3o do I Workshop sobre Patrim\u00f4nio Geol\u00f3gico, organizado pelo Servi\u00e7o Geol\u00f3gico da Col\u00f4mbia e realizado em 2018 na cidade de Villa de Leyva, Col\u00f4mbia, foi estendida para a realiza\u00e7\u00e3o de estudos sobre a caracteriza\u00e7\u00e3o do patrim\u00f4nio geol\u00f3gico e contextos geol\u00f3gicos de interesse patrimonial.<\/p>\n<p>A <strong>vis\u00e3o<\/strong> do grupo \u00e9 tornar-se uma refer\u00eancia internacional para o invent\u00e1rio, a caracteriza\u00e7\u00e3o, a prote\u00e7\u00e3o e a valoriza\u00e7\u00e3o do patrim\u00f4nio geol\u00f3gico e paleontol\u00f3gico, como base para o desenvolvimento econ\u00f4mico e social, especialmente nos pa\u00edses da Am\u00e9rica Latina.<\/p>\n<p>OBJETIVOS DE M\u00c9DIO E LONGO PRAZO:<\/p>\n<p>Consolidar linhas de a\u00e7\u00e3o para a implementa\u00e7\u00e3o de metodologias e procedimentos de trabalho comuns para a avalia\u00e7\u00e3o do patrim\u00f4nio geol\u00f3gico e paleontol\u00f3gico, destacando as seguintes:<\/p>\n<ul>\n<li>Projeto de estudo e caracteriza\u00e7\u00e3o de S\u00edtios e Contextos de Interesse Geol\u00f3gico na Ibero-Am\u00e9rica.<br \/>\nA cria\u00e7\u00e3o do Mapa do Patrim\u00f4nio Geol\u00f3gico da Am\u00e9rica do Sul sob os ausp\u00edcios da Comiss\u00e3o da Carta Geol\u00f3gica do Mundo.<\/li>\n<li>O papel dos servi\u00e7os geol\u00f3gicos na iniciativa da Rede Global de Geoparques da UNESCO.<\/li>\n<\/ul>\n<h2><strong>PUBLICACIONES:<\/strong><\/h2>\n<h2><strong>ASGMI. SITIOS DE INTER\u00c9S GEOL\u00d3GICO EN IBEROAM\u00c9RICA. <\/strong><\/h2>\n<p><iframe src=\"https:\/\/www.slideshare.net\/slideshow\/embed_code\/key\/zKok5lHDNLVDIn?hostedIn=slideshare&#038;page=upload\" width=\"476\" height=\"400\" frameborder=\"0\" marginwidth=\"0\" marginheight=\"0\" scrolling=\"no\"><\/iframe><\/p>\n<h2><strong>WORKSHOPS REALIZADOS:<\/strong><\/h2>\n<p><img fetchpriority=\"high\" decoding=\"async\" class=\"size-medium wp-image-3470 alignleft\" src=\"https:\/\/asgmi.org\/wp-content\/uploads\/2021\/11\/02-cartel-segundo-taller-300x217.jpg\" alt=\"\" width=\"300\" height=\"217\" srcset=\"https:\/\/asgmi.org\/wp-content\/uploads\/2021\/11\/02-cartel-segundo-taller-300x217.jpg 300w, https:\/\/asgmi.org\/wp-content\/uploads\/2021\/11\/02-cartel-segundo-taller-768x556.jpg 768w, https:\/\/asgmi.org\/wp-content\/uploads\/2021\/11\/02-cartel-segundo-taller.jpg 900w\" sizes=\"(max-width: 300px) 100vw, 300px\" \/>Workshop virtual sobre o papel dos servi\u00e7os geol\u00f3gicos na valoriza\u00e7\u00e3o do patrim\u00f4nio geol\u00f3gico realizado em 16 e 17 de novembro de 2021.<br \/>\n<a href=\"https:\/\/asgmi.org\/wp-content\/uploads\/2021\/11\/Seminario-Patrimonio-Geol%C3%B3gico-Agenda-General_Def4.pdf\" target=\"_blank\" rel=\"noopener noreferrer\">AGENDA DO WORKSHOP<\/a><br \/>\n<a href=\"https:\/\/asgmi.org\/taller-internacional-el-rol-de-los-servicios-geologicos-en-la-valorizacion-del-patrimonio-geologico\/\" target=\"_blank\" rel=\"noopener noreferrer\">APRESENTA\u00c7\u00d5ES<\/a><\/p>\n<p>&nbsp;<\/p>\n<p>&nbsp;<\/p>\n<p>&nbsp;<\/p>\n<p><img decoding=\"async\" class=\"size-medium wp-image-2188 alignleft\" src=\"https:\/\/asgmi.org\/wp-content\/uploads\/2018\/10\/Fotograf\u00eda-grupal-Taller-patrimonio-geol\u00f3gico-300x200.jpg\" alt=\"\" width=\"300\" height=\"200\" srcset=\"https:\/\/asgmi.org\/wp-content\/uploads\/2018\/10\/Fotograf\u00eda-grupal-Taller-patrimonio-geol\u00f3gico-300x200.jpg 300w, https:\/\/asgmi.org\/wp-content\/uploads\/2018\/10\/Fotograf\u00eda-grupal-Taller-patrimonio-geol\u00f3gico-768x512.jpg 768w, https:\/\/asgmi.org\/wp-content\/uploads\/2018\/10\/Fotograf\u00eda-grupal-Taller-patrimonio-geol\u00f3gico.jpg 800w\" sizes=\"(max-width: 300px) 100vw, 300px\" \/><strong>Workshop Internacional<\/strong> <em>Primeiro Workshop de Patrim\u00f4nio da ASGMI: Ibero-Am\u00e9rica unida para a gest\u00e3o integrada do patrim\u00f4nio geol\u00f3gico<\/em>. Realizado de 5 a 7 de junho, em Villa de Leyva, Col\u00f4mbia, e organizado pelo Servi\u00e7o Geol\u00f3gico da Col\u00f4mbia.<\/p>\n<p><a href=\"https:\/\/asgmi.org\/wp-content\/uploads\/2018\/10\/Acta-de-Acuerdos-Taller-Villa-de-Leyva-Colombia_Jun-2018.pdf\" target=\"_blank\" rel=\"noopener noreferrer\">ATAS DE ACORDOS<\/a><\/p>\n<p>&nbsp;<\/p>\n<h2><strong>RELAT\u00d3RIOS DE ATIVIDADES DO GRUPO:<\/strong><\/h2>\n<h2><strong>ANO 2022<\/strong><\/h2>\n<p><img decoding=\"async\" class=\"alignleft size-full wp-image-2134\" src=\"https:\/\/asgmi.org\/wp-content\/uploads\/2018\/10\/001-pdf.png\" alt=\"\" width=\"32\" height=\"32\" \/><a href=\"https:\/\/asgmi.org\/wp-content\/uploads\/2024\/02\/Informe-resumen-de-la-actividad-de-los-Grupos-de-Trabajo-de-ASGMI-en-2022.pdf\">Relat\u00f3rio Anual 2022<\/a>","protected":false},"excerpt":{"rendered":"<p>ANTECEDENTES: O Grupo de Especialistas em Patrim\u00f4nio Geol\u00f3gico -GEPG- foi criado em 2017 para cumprir os Acordos da XXIII Assembleia Geral da ASGMI realizada em Havana, Cuba, em novembro daquele ano, com a miss\u00e3o priorit\u00e1ria de desenvolver uma metodologia de trabalho para o Invent\u00e1rio de S\u00edtios de Interesse Geol\u00f3gico aplic\u00e1vel pelos servi\u00e7os geol\u00f3gicos membros da [&hellip;]<\/p>\n","protected":false},"author":1,"featured_media":0,"parent":0,"menu_order":0,"comment_status":"closed","ping_status":"closed","template":"","meta":{"_genesis_hide_title":false,"_genesis_hide_breadcrumbs":false,"_genesis_hide_singular_image":false,"_genesis_hide_footer_widgets":false,"_genesis_custom_body_class":"","_genesis_custom_post_class":"","_genesis_layout":"","footnotes":""},"class_list":{"0":"post-3218","1":"page","2":"type-page","3":"status-publish","5":"entry"},"_links":{"self":[{"href":"https:\/\/asgmi.org\/pt\/wp-json\/wp\/v2\/pages\/3218","targetHints":{"allow":["GET"]}}],"collection":[{"href":"https:\/\/asgmi.org\/pt\/wp-json\/wp\/v2\/pages"}],"about":[{"href":"https:\/\/asgmi.org\/pt\/wp-json\/wp\/v2\/types\/page"}],"author":[{"embeddable":true,"href":"https:\/\/asgmi.org\/pt\/wp-json\/wp\/v2\/users\/1"}],"replies":[{"embeddable":true,"href":"https:\/\/asgmi.org\/pt\/wp-json\/wp\/v2\/comments?post=3218"}],"version-history":[{"count":16,"href":"https:\/\/asgmi.org\/pt\/wp-json\/wp\/v2\/pages\/3218\/revisions"}],"predecessor-version":[{"id":4955,"href":"https:\/\/asgmi.org\/pt\/wp-json\/wp\/v2\/pages\/3218\/revisions\/4955"}],"wp:attachment":[{"href":"https:\/\/asgmi.org\/pt\/wp-json\/wp\/v2\/media?parent=3218"}],"curies":[{"name":"wp","href":"https:\/\/api.w.org\/{rel}","templated":true}]}}