{"id":3222,"date":"2021-04-13T17:05:06","date_gmt":"2021-04-13T17:05:06","guid":{"rendered":"https:\/\/asgmi.org\/?page_id=3222"},"modified":"2024-03-19T12:25:38","modified_gmt":"2024-03-19T12:25:38","slug":"grupo-de-expertos-en-red-de-museos","status":"publish","type":"page","link":"https:\/\/asgmi.org\/pt\/grupo-de-expertos-en-red-de-museos\/","title":{"rendered":"Grupo de Especialistas em Redes de Museus e Litotecas"},"content":{"rendered":"<h2><strong>ANTECEDENTES:<\/strong><\/h2>\n<p style=\"background: white;\">O Grupo de Especialistas da Rede de Museus e Litotecas -GERM- \u00e9 criado para cumprir os Acordos da XXIV Assembleia Geral da ASGMI, realizada em agosto de 2018 em Salta, Argentina, com o objetivo de contribuir e promover a conserva\u00e7\u00e3o e o aprimoramento do patrim\u00f4nio geol\u00f3gico m\u00f3vel, bem como atividades educacionais no campo da geologia. Em princ\u00edpio, os museus de geologia, paleontologia e minera\u00e7\u00e3o existentes nos servi\u00e7os geol\u00f3gicos membros da ASGMI fariam parte do grupo de trabalho.<\/p>\n<p>O grupo \u00e9 coordenado pela Dra. Nathalia Wilkelmann Roitberg, do Servi\u00e7o Geol\u00f3gico do Brasil, com a Dra. Z\u00e9lia Pereira, do Laborat\u00f3rio Nacional de Energia e Geologia, como coordenadora adjunta.<\/p>\n<h2><strong>MISS\u00c3O E VIS\u00c3O DO GRUPO DE ESPECIALISTAS DA REDE DE MUSEUS E LITOTECAS:<\/strong><\/h2>\n<p>De acordo com os crit\u00e9rios considerados para sua cria\u00e7\u00e3o, a miss\u00e3o do grupo \u00e9 promover a conserva\u00e7\u00e3o e o aprimoramento do patrim\u00f4nio geol\u00f3gico m\u00f3vel, em um sentido amplo, bem como atividades educacionais em geologia.<\/p>\n<p>A vis\u00e3o \u00e9 desenvolver museus geol\u00f3gicos e, em um futuro pr\u00f3ximo, ter uma plataforma web comum que incorpore informa\u00e7\u00f5es visuais dos diferentes museus que comp\u00f5em a Rede com o objetivo geral de dar maior visibilidade a eles e ao trabalho conjunto da ASGMI.<\/p>\n<h2><strong>OBJETIVOS DE CURTO E M\u00c9DIO PRAZO:<\/strong><\/h2>\n<p>A curto e m\u00e9dio prazo, o GERM pretende:<\/p>\n<ul>\n<li>Escrever um artigo conjunto mostrando a import\u00e2ncia da conserva\u00e7\u00e3o e divulga\u00e7\u00e3o do patrim\u00f4nio geol\u00f3gico m\u00f3vel, e como os Servi\u00e7os Geol\u00f3gicos contribuem para esse objetivo atrav\u00e9s de seus museus e\/ou departamentos relacionados.<\/li>\n<li>Definir linhas espec\u00edficas de trabalho para dar visibilidade \u00e0 atividade realizada nos Museus Geol\u00f3gicos e o papel que eles desempenham na conserva\u00e7\u00e3o e dissemina\u00e7\u00e3o do patrim\u00f4nio geol\u00f3gico e da geodiversidade.<\/li>\n<\/ul>\n<h2><strong>WORKSHOPS REALIZADOS:<\/strong><\/h2>\n<p><a href=\"https:\/\/asgmi.org\/wp-content\/uploads\/2024\/03\/Diapositiva1.jpg\"><img fetchpriority=\"high\" decoding=\"async\" class=\"alignnone size-medium wp-image-4470\" src=\"https:\/\/asgmi.org\/wp-content\/uploads\/2024\/03\/Diapositiva1.jpg\" alt=\"\" width=\"212\" height=\"300\" srcset=\"https:\/\/asgmi.org\/wp-content\/uploads\/2024\/03\/Diapositiva1.jpg 793w, https:\/\/asgmi.org\/wp-content\/uploads\/2024\/03\/Diapositiva1-212x300.jpg 212w, https:\/\/asgmi.org\/wp-content\/uploads\/2024\/03\/Diapositiva1-723x1024.jpg 723w, https:\/\/asgmi.org\/wp-content\/uploads\/2024\/03\/Diapositiva1-768x1088.jpg 768w\" sizes=\"(max-width: 212px) 100vw, 212px\" \/><\/a> <a href=\"https:\/\/asgmi.org\/wp-content\/uploads\/2024\/03\/Diapositiva2.jpg\"><img decoding=\"async\" class=\"alignnone size-medium wp-image-4471\" src=\"https:\/\/asgmi.org\/wp-content\/uploads\/2024\/03\/Diapositiva2.jpg\" alt=\"\" width=\"212\" height=\"300\" srcset=\"https:\/\/asgmi.org\/wp-content\/uploads\/2024\/03\/Diapositiva2.jpg 793w, https:\/\/asgmi.org\/wp-content\/uploads\/2024\/03\/Diapositiva2-212x300.jpg 212w, https:\/\/asgmi.org\/wp-content\/uploads\/2024\/03\/Diapositiva2-723x1024.jpg 723w, https:\/\/asgmi.org\/wp-content\/uploads\/2024\/03\/Diapositiva2-768x1088.jpg 768w\" sizes=\"(max-width: 212px) 100vw, 212px\" \/><\/a><br \/>\n<strong>Workshop on-line<\/strong> sobre <em>Museus e Litotecas Ibero-americanos: guardi\u00f5es, curadores e disseminadores da geodiversidade<\/em>, realizado em 10 de novembro de 2022.<\/p>\n<p><a href=\"https:\/\/www.youtube.com\/watch?v=ewEMEzzJlKk\">GRAVA\u00c7\u00c3O DO WORKSHOP<\/a><\/p>\n<h2>FA\u00c7A O DOWNLOAD DO FOLHETO DA REDE DE MUSEUS DA ASGMI:<\/h2>\n<p><a href=\"https:\/\/asgmi.org\/wp-content\/uploads\/2021\/09\/00-Folleto-red-museos_def.pdf\"><img decoding=\"async\" class=\"aligncenter size-full wp-image-3336\" src=\"https:\/\/asgmi.org\/wp-content\/uploads\/2021\/09\/Portada-folleto-red-de-museos-asgmi.jpg\" alt=\"\" width=\"865\" height=\"601\" srcset=\"https:\/\/asgmi.org\/wp-content\/uploads\/2021\/09\/Portada-folleto-red-de-museos-asgmi.jpg 865w, https:\/\/asgmi.org\/wp-content\/uploads\/2021\/09\/Portada-folleto-red-de-museos-asgmi-300x208.jpg 300w, https:\/\/asgmi.org\/wp-content\/uploads\/2021\/09\/Portada-folleto-red-de-museos-asgmi-768x534.jpg 768w\" sizes=\"(max-width: 865px) 100vw, 865px\" \/><\/a><\/p>\n<h2><strong>RELAT\u00d3RIOS DE ATIVIDADES DO GRUPO:<\/strong><\/h2>\n<h2><strong>ANO 2022<\/strong><\/h2>\n<p><img loading=\"lazy\" decoding=\"async\" class=\"alignleft size-full wp-image-2134\" src=\"https:\/\/asgmi.org\/wp-content\/uploads\/2018\/10\/001-pdf.png\" alt=\"\" width=\"32\" height=\"32\" \/><a href=\"https:\/\/asgmi.org\/wp-content\/uploads\/2024\/02\/Informe-resumen-de-la-actividad-de-los-Grupos-de-Trabajo-de-ASGMI-en-2022.pdf\">Relat\u00f3rio Anual 2022<\/a>","protected":false},"excerpt":{"rendered":"<p>ANTECEDENTES: O Grupo de Especialistas da Rede de Museus e Litotecas -GERM- \u00e9 criado para cumprir os Acordos da XXIV Assembleia Geral da ASGMI, realizada em agosto de 2018 em Salta, Argentina, com o objetivo de contribuir e promover a conserva\u00e7\u00e3o e o aprimoramento do patrim\u00f4nio geol\u00f3gico m\u00f3vel, bem como atividades educacionais no campo da [&hellip;]<\/p>\n","protected":false},"author":1,"featured_media":3336,"parent":0,"menu_order":0,"comment_status":"closed","ping_status":"closed","template":"","meta":{"_genesis_hide_title":false,"_genesis_hide_breadcrumbs":false,"_genesis_hide_singular_image":false,"_genesis_hide_footer_widgets":false,"_genesis_custom_body_class":"","_genesis_custom_post_class":"","_genesis_layout":"","footnotes":""},"class_list":{"0":"post-3222","1":"page","2":"type-page","3":"status-publish","4":"has-post-thumbnail","6":"entry"},"_links":{"self":[{"href":"https:\/\/asgmi.org\/pt\/wp-json\/wp\/v2\/pages\/3222","targetHints":{"allow":["GET"]}}],"collection":[{"href":"https:\/\/asgmi.org\/pt\/wp-json\/wp\/v2\/pages"}],"about":[{"href":"https:\/\/asgmi.org\/pt\/wp-json\/wp\/v2\/types\/page"}],"author":[{"embeddable":true,"href":"https:\/\/asgmi.org\/pt\/wp-json\/wp\/v2\/users\/1"}],"replies":[{"embeddable":true,"href":"https:\/\/asgmi.org\/pt\/wp-json\/wp\/v2\/comments?post=3222"}],"version-history":[{"count":13,"href":"https:\/\/asgmi.org\/pt\/wp-json\/wp\/v2\/pages\/3222\/revisions"}],"predecessor-version":[{"id":4564,"href":"https:\/\/asgmi.org\/pt\/wp-json\/wp\/v2\/pages\/3222\/revisions\/4564"}],"wp:featuredmedia":[{"embeddable":true,"href":"https:\/\/asgmi.org\/pt\/wp-json\/wp\/v2\/media\/3336"}],"wp:attachment":[{"href":"https:\/\/asgmi.org\/pt\/wp-json\/wp\/v2\/media?parent=3222"}],"curies":[{"name":"wp","href":"https:\/\/api.w.org\/{rel}","templated":true}]}}