{"id":3230,"date":"2021-04-16T09:00:45","date_gmt":"2021-04-16T09:00:45","guid":{"rendered":"https:\/\/asgmi.org\/?page_id=3230"},"modified":"2025-07-23T07:38:45","modified_gmt":"2025-07-23T07:38:45","slug":"grupo-de-expertos-en-mineria-artesanal-y-mineria-a-pequena-escala","status":"publish","type":"page","link":"https:\/\/asgmi.org\/pt\/grupo-de-expertos-en-mineria-artesanal-y-mineria-a-pequena-escala\/","title":{"rendered":"Grupo de Especialistas em Minera\u00e7\u00e3o Artesanal e de Pequena Escala"},"content":{"rendered":"<h2><strong>ANTECEDENTES:<\/strong><\/h2>\n<p>O <strong>Grupo de Especialistas em Minera\u00e7\u00e3o Artesanal e de Pequena Escala <\/strong>-GEMAPE- foi formado em 2019 por ocasi\u00e3o do workshop da ASGMI sobre O papel dos servi\u00e7os geol\u00f3gicos em rela\u00e7\u00e3o \u00e0 minera\u00e7\u00e3o artesanal e informal e conflitos de minera\u00e7\u00e3o, realizado em Quito, Equador, em abril de 2017. No entanto, ele n\u00e3o se tornou ativo at\u00e9 2019, ap\u00f3s acordos na XXIV Assembleia Geral da ASGMI em Salta, Argentina, em agosto de 2018, onde foi proposta a revitaliza\u00e7\u00e3o do grupo para abranger as preocupa\u00e7\u00f5es com a minera\u00e7\u00e3o artesanal e de pequena escala, que muitas vezes gera problemas sociais, econ\u00f4micos e ambientais. Inicialmente, o grupo foi coordenado pelo representante do DGM da Nicar\u00e1gua.<\/p>\n<h2><strong>MISS\u00c3O E VIS\u00c3O DO GRUPO DE ESPECIALISTAS EM MINERA\u00c7\u00c3O ARTESANAL E DE PEQUENA ESCALA:<\/strong><\/h2>\n<p>A principal <strong>miss\u00e3o<\/strong> do GEMAPE \u00e9 analisar a situa\u00e7\u00e3o da minera\u00e7\u00e3o artesanal e de pequena escala e elaborar diretrizes de boas pr\u00e1ticas para implementa\u00e7\u00e3o nesse setor de atividade econ\u00f4mica.<\/p>\n<p>A <strong>vis\u00e3o<\/strong> \u00e9 que, desde que tenha o apoio organizacional e or\u00e7ament\u00e1rio necess\u00e1rio, o grupo promover\u00e1 treinamento profissional para mineradores artesanais e de pequena escala e acompanhar\u00e1 as institui\u00e7\u00f5es relevantes na exig\u00eancia da implementa\u00e7\u00e3o de pr\u00e1ticas de minera\u00e7\u00e3o ambientalmente sustent\u00e1veis.<\/p>\n<h2><strong>WORKSHOPS REALIZADOS:<\/strong><\/h2>\n<p><img fetchpriority=\"high\" decoding=\"async\" class=\"size-medium wp-image-2073 alignleft\" src=\"https:\/\/asgmi.org\/wp-content\/uploads\/2018\/09\/2017-Encuentros-ASGMI-Ecuador-300x225.jpeg\" alt=\"\" width=\"300\" height=\"225\" srcset=\"https:\/\/asgmi.org\/wp-content\/uploads\/2018\/09\/2017-Encuentros-ASGMI-Ecuador-300x225.jpeg 300w, https:\/\/asgmi.org\/wp-content\/uploads\/2018\/09\/2017-Encuentros-ASGMI-Ecuador-768x576.jpeg 768w, https:\/\/asgmi.org\/wp-content\/uploads\/2018\/09\/2017-Encuentros-ASGMI-Ecuador-1024x768.jpeg 1024w, https:\/\/asgmi.org\/wp-content\/uploads\/2018\/09\/2017-Encuentros-ASGMI-Ecuador.jpeg 1280w\" sizes=\"(max-width: 300px) 100vw, 300px\" \/><strong>Quito, Equador<\/strong>. Workshop Internacional <em>O papel dos servi\u00e7os geol\u00f3gicos em rela\u00e7\u00e3o \u00e0 minera\u00e7\u00e3o artesanal e informal e aos conflitos de minera\u00e7\u00e3o<\/em>, realizado em Quito, Equador, de 25 a 27 de maio de 2017, em colabora\u00e7\u00e3o com o Instituto Canadense de Recursos Internacionais e Desenvolvimento, CIRDI.<br \/>\n<a href=\"https:\/\/www.dropbox.com\/s\/9uj390v1mhans15\/Acta%20Taller%20ASGMI%20Quito%202017.pdf?dl=0\" target=\"_blank\" rel=\"noopener noreferrer\">ATAS DE ACORDOS<\/a><br \/>\n<a href=\"https:\/\/www.dropbox.com\/s\/ctbxsgb9pgzppj2\/Declaraci%C3%B3n%20de%20Quito_Firmada.pdf?dl=0\" target=\"_blank\" rel=\"noopener noreferrer\">DECLARA\u00c7\u00c3O DE QUITO<\/a><br \/>\n<a href=\"http:\/\/informe%20resultador%20taller%20quito_asgmi-cirdi\/\" target=\"_blank\" rel=\"noopener noreferrer\">RELAT\u00d3RIO DOS RESULTADOS DO WORKSHOP ASGMI \u2013 CIRDI<\/a><\/p>\n<h2><strong>PUBLICA\u00c7\u00d5ES<\/strong><\/h2>\n<h2><strong>\u201cManual da MAPE \u2013 Minera\u00e7\u00e3o artesanal e de pequena escala\u201d<\/strong><\/h2>\n<p>Este documento \u00e9 o resultado de um trabalho colaborativo entre os Servi\u00e7os Geol\u00f3gicos e institui\u00e7\u00f5es equivalentes da Col\u00f4mbia, Costa Rica, Equador, El Salvador, Honduras, M\u00e9xico e Peru, com o apoio da Secretaria da ASGMI. Seu objetivo \u00e9 oferecer uma ferramenta t\u00e9cnica e did\u00e1tica que contribua para o fortalecimento das capacidades na gest\u00e3o da minera\u00e7\u00e3o artesanal, familiar e de pequena escala, promovendo um aproveitamento mais eficiente, seguro e ambientalmente sustent\u00e1vel dos recursos minerais.<\/p>\n<p>O manual aborda conte\u00fados-chave como geologia b\u00e1sica, tipos de jazidas, t\u00e9cnicas de extra\u00e7\u00e3o e beneficiamento de minerais, seguran\u00e7a e sa\u00fade ocupacional, gest\u00e3o de res\u00edduos, entre outros. \u00c9 destinado tanto a profissionais do setor quanto a atores envolvidos no acompanhamento t\u00e9cnico e regulat\u00f3rio dessa atividade.<\/p>\n<p>Baixe o manual aqui: <a href=\"https:\/\/asgmi.org\/wp-content\/uploads\/2025\/07\/Manual-de-la-Mape-version-Final_110725.pdf\" target=\"_blank\">&#8220;Manual da MAPE \u2013 Minera\u00e7\u00e3o artesanal e de pequena escala&#8221;<\/a><\/p>\n<p><img decoding=\"async\" src=\"https:\/\/asgmi.org\/wp-content\/uploads\/2025\/07\/Manual-de-la-MAPE-portada.jpg\" alt=\"\" width=\"787\" height=\"1059\" class=\"aligncenter size-full wp-image-5105\" srcset=\"https:\/\/asgmi.org\/wp-content\/uploads\/2025\/07\/Manual-de-la-MAPE-portada.jpg 787w, https:\/\/asgmi.org\/wp-content\/uploads\/2025\/07\/Manual-de-la-MAPE-portada-223x300.jpg 223w, https:\/\/asgmi.org\/wp-content\/uploads\/2025\/07\/Manual-de-la-MAPE-portada-761x1024.jpg 761w, https:\/\/asgmi.org\/wp-content\/uploads\/2025\/07\/Manual-de-la-MAPE-portada-768x1033.jpg 768w, https:\/\/asgmi.org\/wp-content\/uploads\/2025\/07\/Manual-de-la-MAPE-portada-600x807.jpg 600w\" sizes=\"(max-width: 787px) 100vw, 787px\" \/><\/p>","protected":false},"excerpt":{"rendered":"<p>ANTECEDENTES: O Grupo de Especialistas em Minera\u00e7\u00e3o Artesanal e de Pequena Escala -GEMAPE- foi formado em 2019 por ocasi\u00e3o do workshop da ASGMI sobre O papel dos servi\u00e7os geol\u00f3gicos em rela\u00e7\u00e3o \u00e0 minera\u00e7\u00e3o artesanal e informal e conflitos de minera\u00e7\u00e3o, realizado em Quito, Equador, em abril de 2017. No entanto, ele n\u00e3o se tornou ativo [&hellip;]<\/p>\n","protected":false},"author":1,"featured_media":0,"parent":0,"menu_order":0,"comment_status":"closed","ping_status":"closed","template":"","meta":{"_genesis_hide_title":false,"_genesis_hide_breadcrumbs":false,"_genesis_hide_singular_image":false,"_genesis_hide_footer_widgets":false,"_genesis_custom_body_class":"","_genesis_custom_post_class":"","_genesis_layout":"","footnotes":""},"class_list":{"0":"post-3230","1":"page","2":"type-page","3":"status-publish","5":"entry"},"_links":{"self":[{"href":"https:\/\/asgmi.org\/pt\/wp-json\/wp\/v2\/pages\/3230","targetHints":{"allow":["GET"]}}],"collection":[{"href":"https:\/\/asgmi.org\/pt\/wp-json\/wp\/v2\/pages"}],"about":[{"href":"https:\/\/asgmi.org\/pt\/wp-json\/wp\/v2\/types\/page"}],"author":[{"embeddable":true,"href":"https:\/\/asgmi.org\/pt\/wp-json\/wp\/v2\/users\/1"}],"replies":[{"embeddable":true,"href":"https:\/\/asgmi.org\/pt\/wp-json\/wp\/v2\/comments?post=3230"}],"version-history":[{"count":19,"href":"https:\/\/asgmi.org\/pt\/wp-json\/wp\/v2\/pages\/3230\/revisions"}],"predecessor-version":[{"id":5115,"href":"https:\/\/asgmi.org\/pt\/wp-json\/wp\/v2\/pages\/3230\/revisions\/5115"}],"wp:attachment":[{"href":"https:\/\/asgmi.org\/pt\/wp-json\/wp\/v2\/media?parent=3230"}],"curies":[{"name":"wp","href":"https:\/\/api.w.org\/{rel}","templated":true}]}}