{"id":3233,"date":"2021-04-16T09:46:16","date_gmt":"2021-04-16T09:46:16","guid":{"rendered":"https:\/\/asgmi.org\/?page_id=3233"},"modified":"2024-03-19T12:19:44","modified_gmt":"2024-03-19T12:19:44","slug":"grupo-de-expertos-en-metalogenia-y-recursos-minerales","status":"publish","type":"page","link":"https:\/\/asgmi.org\/pt\/grupo-de-expertos-en-metalogenia-y-recursos-minerales\/","title":{"rendered":"Grupo de Especialistas em Metalogenia e Recursos Minerais"},"content":{"rendered":"<h2><strong>ANTECEDENTES:<\/strong><\/h2>\n<p style=\"background: white;\"><span style=\"font-size: 11.0pt; color: black; font-weight: normal;\">O <strong>Grupo de Especialistas em Metalogenia e Recursos Minerais<\/strong> da ASGMI foi criado em 2018, seguindo os acordos do workshop sobre o Mapa Metalogen\u00e9tico da Am\u00e9rica Central e do Caribe, realizado naquele ano em Santo Domingo, Rep\u00fablica Dominicana. O objetivo inicial era elaborar o referido mapa sob a coordena\u00e7\u00e3o do Dr. Eduardo Zappettini, na \u00e9poca Diretor do Instituto de Geologia e Recursos Minerais do Servi\u00e7o Geol\u00f3gico Mineiro da Argentina -SEGEMAR-, e atualmente Presidente do pr\u00f3prio SEGEMAR.<\/span><\/p>\n<p style=\"background: white;\"><span style=\"font-size: 11.0pt; color: black; font-weight: normal;\">O grupo se fortaleceu em 2019 com a incorpora\u00e7\u00e3o de novos membros e, especialmente, com o impacto do curso te\u00f3rico-pr\u00e1tico de Metalogenia e Cartografia Metalogen\u00e9tica que, organizado pelo SEGEMAR e dirigido pelo Dr. Mart\u00edn Goz\u00e1lvez, coordenador do grupo, foi realizado em Buenos Aires, Salta e Jujuy, Argentina, em novembro de 2019, com o apoio e patroc\u00ednio da ASGMI atrav\u00e9s da concess\u00e3o de bolsas de estudo a profissionais dos servi\u00e7os geol\u00f3gicos membros da Associa\u00e7\u00e3o.<\/span><\/p>\n<h2><strong>MISS\u00c3O E VIS\u00c3O DO GRUPO DE ESPECIALISTAS EM METALOGENIA E RECURSOS MINERAIS:<\/strong><\/h2>\n<p>A <strong>miss\u00e3o<\/strong> inicial, como j\u00e1 foi indicado, foi a cria\u00e7\u00e3o do <strong>Mapa Metalogen\u00e9tico da Am\u00e9rica Central e do Caribe<\/strong>, uma miss\u00e3o que, com a expans\u00e3o do grupo de especialistas, foi estendida a outros objetivos, como a atualiza\u00e7\u00e3o das informa\u00e7\u00f5es metalogen\u00e9ticas que sustentam o Mapa Metalogen\u00e9tico da Am\u00e9rica do Sul, a prepara\u00e7\u00e3o de uma cartografia de minerais cr\u00edticos na regi\u00e3o e a promo\u00e7\u00e3o de treinamento nesse campo para profissionais que trabalham nos servi\u00e7os geol\u00f3gicos que s\u00e3o membros da ASGMI.<\/p>\n<p>A <strong>vis\u00e3o<\/strong> do grupo \u00e9 tornar-se um n\u00facleo de refer\u00eancia no conhecimento dos recursos minerais da Ibero-Am\u00e9rica, contribuindo para o aprimoramento do potencial mineral da regi\u00e3o por meio do desenvolvimento e da dissemina\u00e7\u00e3o de informa\u00e7\u00f5es b\u00e1sicas e especializadas sobre o assunto.<\/p>\n<h2><strong>OBJETIVOS DE CURTO E M\u00c9DIO PRAZO:<\/strong><\/h2>\n<p>Prop\u00f5e-se retomar em 2022 os objetivos estabelecidos nos anos anteriores e, especificamente, manter os v\u00ednculos de coopera\u00e7\u00e3o entre os departamentos de riscos geol\u00f3gicos dos servi\u00e7os geol\u00f3gicos com os representantes do GEAG, especialmente no que se refere ao compartilhamento de informa\u00e7\u00f5es sobre eventos suscet\u00edveis de causar desastres naturais, propondo, se for o caso, a assinatura dos acordos necess\u00e1rios e, em n\u00edvel operacional, realizar o invent\u00e1rio de movimentos de massa na Ibero-Am\u00e9rica.<\/p>\n<p>Atualmente, o grupo tem os seguintes objetivos e linhas de a\u00e7\u00e3o:<\/p>\n<ul>\n<li>Considerando que a Subcomiss\u00e3o do Mapa Metalogen\u00e9tico, como parte da Comiss\u00e3o da Carta Geol\u00f3gica do Mundo, o grupo participa da realiza\u00e7\u00e3o do Mapa Metalogen\u00e9tico do Mundo, unificando os mapas continentais j\u00e1 elaborados e incluindo informa\u00e7\u00f5es geol\u00f3gicas e metalogen\u00e9ticas do fundo marinho. O grupo assumir\u00e1 a atualiza\u00e7\u00e3o do Mapa Metalogen\u00e9tico da Am\u00e9rica do Sul, trabalho que j\u00e1 est\u00e1 em andamento.<\/li>\n<li>Elabora\u00e7\u00e3o de um invent\u00e1rio de minerais cr\u00edticos na Am\u00e9rica Latina, tanto de interesse para a regi\u00e3o quanto para o resto do mundo, e elabora\u00e7\u00e3o de um mapa de minerais cr\u00edticos na Am\u00e9rica do Sul.<\/li>\n<\/ul>\n<h2><strong>PUBLICA\u00c7\u00d5ES DO GRUPO:<\/strong><\/h2>\n<p>Os membros do GEMET t\u00eam se reunido mensalmente desde sua cria\u00e7\u00e3o.<\/p>\n<p>Uma de suas realiza\u00e7\u00f5es de destaque foi a publica\u00e7\u00e3o, em 2020, do Mapa Metalogen\u00e9tico da Am\u00e9rica Central e do Caribe na escala de 1:4.000.000, realizado sob a coordena\u00e7\u00e3o geral do Dr. Eduardo Zappettini, Presidente do SEGEMAR, Argentina.<\/p>\n<p>O mapa e seu respectivo relat\u00f3rio explicativo foram apresentados \u00e0 comunidade t\u00e9cnico-cient\u00edfica internacional em um webinar da ASGMI realizado em 20 de outubro de 2020 e est\u00e3o publicados no site da ASGMI e nos sites dos servi\u00e7os geol\u00f3gicos da Argentina, Col\u00f4mbia, Cuba, M\u00e9xico e Estados Unidos da Am\u00e9rica.<\/p>\n<p><img fetchpriority=\"high\" decoding=\"async\" class=\"aligncenter size-medium wp-image-3082\" src=\"https:\/\/asgmi.org\/wp-content\/uploads\/2020\/10\/Cartel-presentaci\u00f3n-300x169.jpg\" alt=\"\" width=\"300\" height=\"169\" srcset=\"https:\/\/asgmi.org\/wp-content\/uploads\/2020\/10\/Cartel-presentaci\u00f3n-300x169.jpg 300w, https:\/\/asgmi.org\/wp-content\/uploads\/2020\/10\/Cartel-presentaci\u00f3n-1024x576.jpg 1024w, https:\/\/asgmi.org\/wp-content\/uploads\/2020\/10\/Cartel-presentaci\u00f3n-768x432.jpg 768w, https:\/\/asgmi.org\/wp-content\/uploads\/2020\/10\/Cartel-presentaci\u00f3n.jpg 1280w\" sizes=\"(max-width: 300px) 100vw, 300px\" \/><\/p>\n<p><a href=\"http:\/\/asgmi.org\/mapa-metalogenetico-de-america-central-y-el-caribe-mapa-en-pdf-y-memoria\/\" target=\"_blank\" rel=\"noopener noreferrer\"><strong>BAIXAR RELAT\u00d3RIO E MAPA EM PDF<\/strong><\/a><\/p>\n<p>Al\u00e9m disso, a GEMET apoiou a Secretaria Geral da ASGMI na realiza\u00e7\u00e3o de suas tarefas como parte dos cons\u00f3rcios que implementam projetos financiados pela UE. Especificamente para o Projeto AlSiCal e a Parceria UE-Am\u00e9rica Latina sobre Mat\u00e9rias-Primas, participando dos seguintes eventos:<\/p>\n<ul>\n<li>1\u00aa Reuni\u00e3o da Conven\u00e7\u00e3o sobre Minerais Cr\u00edticos e Mat\u00e9rias-Primas dos Di\u00e1logos UE-LATAM (Chile, novembro de 2022).<\/li>\n<li>Conven\u00e7\u00e3o da UE para a Am\u00e9rica Latina sobre mat\u00e9rias-primas (novembro de 2022)<\/li>\n<li>Workshop do Mapa Metalogen\u00e9tico (Brasil, novembro de 2022)<\/li>\n<li>2\u00aa Reuni\u00e3o da Conven\u00e7\u00e3o dos Di\u00e1logos UE-LATAM sobre Minerais Cr\u00edticos e Mat\u00e9rias-Primas (Buenos Aires, maio de 2023).<\/li>\n<\/ul>\n<p><img decoding=\"async\" class=\"alignnone size-medium wp-image-3920\" src=\"https:\/\/asgmi.org\/wp-content\/uploads\/2023\/06\/el-rol-300x225.jpg\" alt=\"\" width=\"300\" height=\"225\" srcset=\"https:\/\/asgmi.org\/wp-content\/uploads\/2023\/06\/el-rol-300x225.jpg 300w, https:\/\/asgmi.org\/wp-content\/uploads\/2023\/06\/el-rol-768x576.jpg 768w, https:\/\/asgmi.org\/wp-content\/uploads\/2023\/06\/el-rol.jpg 1024w\" sizes=\"(max-width: 300px) 100vw, 300px\" \/><\/p>\n<p><strong>RELAT\u00d3RIOS SOBRE O ALUM\u00cdNIO NA IBEROAM\u00c9RICA: DEP\u00d3SITOS MINERAIS E PRODU\u00c7\u00c3O:<\/strong><\/p>\n<p><a href=\"https:\/\/asgmi.org\/wp-content\/uploads\/2021\/08\/ALUMINUM-ARGENTINA.pdf\" target=\"_blank\" rel=\"noopener noreferrer\">ARGENTINA<\/a><br \/>\n<a href=\"https:\/\/asgmi.org\/wp-content\/uploads\/2021\/08\/Aluminum_In_Iberoamerica-Brazilian_Report_CPRM.pdf\" target=\"_blank\" rel=\"noopener noreferrer\">BRASIL<\/a><br \/>\n<a href=\"https:\/\/asgmi.org\/wp-content\/uploads\/2021\/08\/ASGMI-Report-\u2013-Aluminium-in-Colombia_Final.pdf\" target=\"_blank\" rel=\"noopener noreferrer\">COL\u00d4MBIA<\/a><br \/>\n<a href=\"https:\/\/asgmi.org\/wp-content\/uploads\/2021\/08\/Depositos-de-Aluminio-Ecuador_131020.pdf\" target=\"_blank\" rel=\"noopener noreferrer\">ECUADOR<\/a><br \/>\n<a href=\"https:\/\/asgmi.org\/wp-content\/uploads\/2021\/08\/ASGMI_Aluminum-in-SPAIN.pdf\" target=\"_blank\" rel=\"noopener noreferrer\">ESPANHA<\/a><br \/>\n<a href=\"https:\/\/asgmi.org\/wp-content\/uploads\/2021\/08\/ASGMI-Report-\u2013-Aluminium-exploration-in-Portugal_FINAL_3.pdf\" target=\"_blank\" rel=\"noopener noreferrer\">PORTUGAL<\/a><br \/>\n<a href=\"https:\/\/asgmi.org\/wp-content\/uploads\/2021\/08\/Mineria-de-Aluminio-en-Rep.-Dom..pdf\" target=\"_blank\" rel=\"noopener noreferrer\">REP\u00daBLICA DOMINICANA<\/a><br \/>\n<a href=\"https:\/\/asgmi.org\/wp-content\/uploads\/2021\/08\/Anorthosites-in-Uruguay.pdf\" target=\"_blank\" rel=\"noopener noreferrer\">URUGUAI<\/a><\/p>\n<h2><strong>WORKSHOPS REALIZADOS:<\/strong><\/h2>\n<div class=\"one-third first\">\n<p><a href=\"https:\/\/asgmi.org\/wp-content\/uploads\/2023\/09\/Programaci\u00f3n-Webinar-Geolog\u00eda-Cu-27-28-sept.jpg\"><img decoding=\"async\" class=\"aligncenter size-full wp-image-3967\" src=\"https:\/\/asgmi.org\/wp-content\/uploads\/2023\/09\/Programaci\u00f3n-Webinar-Geolog\u00eda-Cu-27-28-sept.jpg\" alt=\"\" width=\"744\" height=\"484\" srcset=\"https:\/\/asgmi.org\/wp-content\/uploads\/2023\/09\/Programaci\u00f3n-Webinar-Geolog\u00eda-Cu-27-28-sept.jpg 744w, https:\/\/asgmi.org\/wp-content\/uploads\/2023\/09\/Programaci\u00f3n-Webinar-Geolog\u00eda-Cu-27-28-sept-300x195.jpg 300w\" sizes=\"(max-width: 744px) 100vw, 744px\" \/><\/a><\/p>\n<\/div>\n<div class=\"two-thirds\"><strong>Workshop Online<\/strong> sobre <em>Geologia do Cobre na Am\u00e9rica Latina<\/em>, realizado em 27 e 28 de setembro de 2023.<\/div>\n<div class=\"two-thirds\"><a href=\"https:\/\/asgmi.org\/wp-content\/uploads\/2023\/09\/Programaci\u00f3n-Webinar-Geolog\u00eda-Cu-27-28-sept-4.pdf\" target=\"_blank\" rel=\"noopener noreferrer\">AGENDA DO WORKSHOP<\/a><br \/>\n<a href=\"https:\/\/youtu.be\/YWCuo4Erp0U\" target=\"_blank\" rel=\"noopener noreferrer\">GRAVA\u00c7\u00c3O EM 27 DE SETEMBRO<\/a><br \/>\n<a href=\"https:\/\/youtu.be\/PFpbmHLTpDo\" target=\"_blank\" rel=\"noopener noreferrer\">GRAVA\u00c7\u00c3O EM 28 DE SETEMBRO<\/a><\/div>\n<div style=\"border-bottom: 3px solid #fff; clear: both; padding-top: 2px; margin-bottom: 2px;\"><\/div>\n<div class=\"one-third first\"><img loading=\"lazy\" decoding=\"async\" class=\"aligncenter size-full wp-image-3404\" src=\"https:\/\/asgmi.org\/wp-content\/uploads\/2021\/11\/01-cartel-primer-taller.jpg\" alt=\"\" width=\"1000\" height=\"724\" srcset=\"https:\/\/asgmi.org\/wp-content\/uploads\/2021\/11\/01-cartel-primer-taller.jpg 1000w, https:\/\/asgmi.org\/wp-content\/uploads\/2021\/11\/01-cartel-primer-taller-300x217.jpg 300w, https:\/\/asgmi.org\/wp-content\/uploads\/2021\/11\/01-cartel-primer-taller-768x556.jpg 768w\" sizes=\"(max-width: 1000px) 100vw, 1000px\" \/><\/div>\n<div class=\"two-thirds\">\n<p><strong>Workshop on-line<\/strong> sobre <em>Minerais cr\u00edticos e estrat\u00e9gicos na Ibero-Am\u00e9rica<\/em> realizado em 9 e 10 de novembro de 2021.<\/p>\n<p><a href=\"https:\/\/asgmi.org\/wp-content\/uploads\/2021\/11\/Seminario-Minerales-Cr\u00edticos_AgendaGeneral_Def.pdf\" target=\"_blank\" rel=\"noopener noreferrer\">AGENDA DO WORKSHOP<\/a><br \/>\n<a href=\"https:\/\/asgmi.org\/webinar-minerales-criticos-presentaciones\/\" target=\"_blank\" rel=\"noopener noreferrer\">APRESENTA\u00c7\u00d5ES<\/a><\/p>\n<\/div>\n<div style=\"border-bottom: 3px solid #fff; clear: both; padding-top: 2px; margin-bottom: 2px;\"><\/div>\n<div class=\"one-third first\"><img loading=\"lazy\" decoding=\"async\" class=\"aligncenter size-full wp-image-3082\" src=\"https:\/\/asgmi.org\/wp-content\/uploads\/2020\/10\/Cartel-presentaci\u00f3n.jpg\" alt=\"\" width=\"1280\" height=\"720\" srcset=\"https:\/\/asgmi.org\/wp-content\/uploads\/2020\/10\/Cartel-presentaci\u00f3n.jpg 1280w, https:\/\/asgmi.org\/wp-content\/uploads\/2020\/10\/Cartel-presentaci\u00f3n-300x169.jpg 300w, https:\/\/asgmi.org\/wp-content\/uploads\/2020\/10\/Cartel-presentaci\u00f3n-1024x576.jpg 1024w, https:\/\/asgmi.org\/wp-content\/uploads\/2020\/10\/Cartel-presentaci\u00f3n-768x432.jpg 768w\" sizes=\"(max-width: 1280px) 100vw, 1280px\" \/><\/div>\n<div class=\"two-thirds\"><em>Apresenta\u00e7\u00e3o<\/em>: <em>Mapa Metalogen\u00e9tico da Am\u00e9rica Central e do Caribe<\/em>. 20 de outubro de 2020, realizada on-line.<br \/>\n<a href=\"https:\/\/asgmi.org\/wp-content\/uploads\/2020\/10\/Webinar-Mapa-Metalogen%C3%A9tico-ACC-Agenda.pdf\" target=\"_blank\" rel=\"noopener noreferrer\">AGENDA DO WORKSHOP<\/a><br \/>\n<div class=\"su-accordion su-u-trim\">\n<div class=\"su-spoiler su-spoiler-style-default su-spoiler-icon-plus su-spoiler-closed\" data-scroll-offset=\"0\" data-anchor-in-url=\"no\"><div class=\"su-spoiler-title\" tabindex=\"0\" role=\"button\"><span class=\"su-spoiler-icon\"><\/span>APRESENTA\u00c7\u00d5ES<\/div><div class=\"su-spoiler-content su-u-clearfix su-u-trim\"><a href=\"https:\/\/asgmi.org\/wp-content\/uploads\/2020\/10\/0_Presentaci\u00f3n-ASGMI-Webinar-MMACC.pdf\" target=\"_blank\" rel=\"noopener noreferrer\">Apresenta\u00e7\u00e3o do workshop. <\/a><a href=\"https:\/\/asgmi.org\/wp-content\/uploads\/2020\/10\/1_Eduardo-Zappettini-Presentaci\u00f3n-Mapa-Metalogen\u00e9tico-ACC-2.pdf\" target=\"_blank\" rel=\"noopener noreferrer\">Apresenta\u00e7\u00e3o do Projeto do Mapa Metalogen\u00e9tico da Am\u00e9rica Central e do Caribe. Hist\u00f3rico, metodologia, principais elementos do Mapa. <\/a><a href=\"https:\/\/asgmi.org\/wp-content\/uploads\/2020\/10\/2_Natalia-Amezcua-Mexico.pdf\" target=\"_blank\" rel=\"noopener noreferrer\">Aspectos da metalogenia da Am\u00e9rica Central: estrutura geotect\u00f4nica e dep\u00f3sitos de ouro. <\/a><a href=\"https:\/\/asgmi.org\/wp-content\/uploads\/2020\/10\/3_Gloria-Prieto-Presentaci\u00f3n-Colombia.pdf\" target=\"_blank\" rel=\"noopener noreferrer\">Aspectos da metalogenia dos Andes do Norte: Sistemas p\u00f3rfiros. <\/a><a href=\"https:\/\/asgmi.org\/wp-content\/uploads\/2020\/10\/4_Lukas-Zurcher_USA-2.pdf\" target=\"_blank\" rel=\"noopener noreferrer\">Aspectos da evolu\u00e7\u00e3o tect\u00f4nica e metalogenia do Caribe. <\/a><a href=\"https:\/\/asgmi.org\/wp-content\/uploads\/2020\/10\/6_Xiomara-Caza\u00f1as-Cuba.pdf\" target=\"_blank\" rel=\"noopener noreferrer\">Metalogenia de Cuba. Principais Recursos Minerais.<\/a>\u00a0&#8211; <a href=\"https:\/\/youtu.be\/RrJBG-978FI\" target=\"_blank\" rel=\"noopener noreferrer\">VIDEOPRESENTA\u00c7\u00c3O. <\/a><a href=\"https:\/\/asgmi.org\/wp-content\/uploads\/2020\/10\/7_Eduardo-Zappettini_-Una-visi\u00f3n-integradora-2.pdf\" target=\"_blank\" rel=\"noopener noreferrer\">Uma vis\u00e3o integrativa do mapa metalogen\u00e9tico da Am\u00e9rica Central e do Caribe: Evolu\u00e7\u00e3o geotect\u00f4nica e recursos minerais.<\/a><a href=\"https:\/\/asgmi.org\/wp-content\/uploads\/2020\/10\/8_M-Pubelier-CGMW_Pres_2020_ASGMIcomp.pdf\" target=\"_blank\" rel=\"noopener noreferrer\">O papel da Carta Geol\u00f3gica da Comiss\u00e3o Mundial na elabora\u00e7\u00e3o do mapeamento continentalgeol\u00f3gico e de s\u00edntese tem\u00e1tica.<\/a><\/div><\/div>\n<\/div><a href=\"https:\/\/youtu.be\/yNZXzvPVZ8o\" target=\"_blank\" rel=\"noopener noreferrer\">GRAVA\u00c7\u00c3O DO WORKSHOP<\/a><br \/>\n<a href=\"https:\/\/asgmi.org\/wp-content\/uploads\/2021\/02\/Mapa-Metalogenetico-red.pdf\" target=\"_blank\" rel=\"noopener noreferrer\">MAPA METALOGEN\u00c9TICO EM PDF<\/a><br \/>\n<a href=\"https:\/\/asgmi.org\/wp-content\/uploads\/2021\/02\/Memoria_Mapa-Metalogenetico-Caribe-version-final-25_02_2021.pdf\" target=\"_blank\" rel=\"noopener noreferrer\">MEM\u00d3RIA DO MAPA<\/a><\/div>\n<div style=\"border-bottom: 3px solid #fff; clear: both; padding-top: 2px; margin-bottom: 2px;\"><\/div>\n<div class=\"one-third first\"><a href=\"https:\/\/asgmi.org\/wp-content\/uploads\/2018\/09\/2018-Encuentros-ASGMI.jpg\"><img loading=\"lazy\" decoding=\"async\" class=\"alignright size-medium wp-image-2071\" src=\"https:\/\/asgmi.org\/wp-content\/uploads\/2018\/09\/2018-Encuentros-ASGMI-300x169.jpg\" alt=\"\" width=\"300\" height=\"169\" srcset=\"https:\/\/asgmi.org\/wp-content\/uploads\/2018\/09\/2018-Encuentros-ASGMI-300x169.jpg 300w, https:\/\/asgmi.org\/wp-content\/uploads\/2018\/09\/2018-Encuentros-ASGMI.jpg 480w\" sizes=\"(max-width: 300px) 100vw, 300px\" \/><\/a><\/div>\n<div><\/div>\n<div class=\"two-thirds\"><strong>Santo Domingo, Rep\u00fablica Dominicana.<\/strong> Workshop &#8220;<em>Mapa Metalogen\u00e9tico da Am\u00e9rica Central e do Caribe<\/em>&#8220;. 17-19 de abril, organizado pelo Servi\u00e7o Geol\u00f3gico Nacional da Rep\u00fablica Dominicana.<\/div>\n<div><\/div>\n<div class=\"two-thirds\"><a href=\"http:\/\/www.asgmi.org\/wp-content\/uploads\/2018\/04\/Borrador_Acta-de-Acuerdos-Taller-Santo-Domingo.pdf\" target=\"_blank\" rel=\"noopener noreferrer\">MINUTAS DE ATAS DE ACORDOS<\/a><br \/>\n<a href=\"https:\/\/www.dropbox.com\/sh\/kg9hjltv06i99ul\/AADouUuV1QyHMZ_FuwnxnLsWa?dl=0\" target=\"_blank\" rel=\"noopener noreferrer\">APRESENTA\u00c7\u00d5ES<\/a><\/div>\n<p>&nbsp;<\/p>\n<h2><strong>RELAT\u00d3RIOS DE ATIVIDADES DO GRUPO:<\/strong><\/h2>\n<h2><strong>ANO 2022<\/strong><\/h2>\n<p><img loading=\"lazy\" decoding=\"async\" class=\"alignleft size-full wp-image-2134\" src=\"https:\/\/asgmi.org\/wp-content\/uploads\/2018\/10\/001-pdf.png\" alt=\"\" width=\"32\" height=\"32\" \/><a href=\"https:\/\/asgmi.org\/wp-content\/uploads\/2024\/02\/Informe-resumen-de-la-actividad-de-los-Grupos-de-Trabajo-de-ASGMI-en-2022.pdf\">Relat\u00f3rio Anual 2022<\/a>","protected":false},"excerpt":{"rendered":"<p>ANTECEDENTES: O Grupo de Especialistas em Metalogenia e Recursos Minerais da ASGMI foi criado em 2018, seguindo os acordos do workshop sobre o Mapa Metalogen\u00e9tico da Am\u00e9rica Central e do Caribe, realizado naquele ano em Santo Domingo, Rep\u00fablica Dominicana. O objetivo inicial era elaborar o referido mapa sob a coordena\u00e7\u00e3o do Dr. Eduardo Zappettini, na [&hellip;]<\/p>\n","protected":false},"author":1,"featured_media":3920,"parent":0,"menu_order":0,"comment_status":"closed","ping_status":"closed","template":"","meta":{"_genesis_hide_title":false,"_genesis_hide_breadcrumbs":false,"_genesis_hide_singular_image":false,"_genesis_hide_footer_widgets":false,"_genesis_custom_body_class":"","_genesis_custom_post_class":"","_genesis_layout":"","footnotes":""},"class_list":{"0":"post-3233","1":"page","2":"type-page","3":"status-publish","4":"has-post-thumbnail","6":"entry"},"_links":{"self":[{"href":"https:\/\/asgmi.org\/pt\/wp-json\/wp\/v2\/pages\/3233","targetHints":{"allow":["GET"]}}],"collection":[{"href":"https:\/\/asgmi.org\/pt\/wp-json\/wp\/v2\/pages"}],"about":[{"href":"https:\/\/asgmi.org\/pt\/wp-json\/wp\/v2\/types\/page"}],"author":[{"embeddable":true,"href":"https:\/\/asgmi.org\/pt\/wp-json\/wp\/v2\/users\/1"}],"replies":[{"embeddable":true,"href":"https:\/\/asgmi.org\/pt\/wp-json\/wp\/v2\/comments?post=3233"}],"version-history":[{"count":35,"href":"https:\/\/asgmi.org\/pt\/wp-json\/wp\/v2\/pages\/3233\/revisions"}],"predecessor-version":[{"id":4559,"href":"https:\/\/asgmi.org\/pt\/wp-json\/wp\/v2\/pages\/3233\/revisions\/4559"}],"wp:featuredmedia":[{"embeddable":true,"href":"https:\/\/asgmi.org\/pt\/wp-json\/wp\/v2\/media\/3920"}],"wp:attachment":[{"href":"https:\/\/asgmi.org\/pt\/wp-json\/wp\/v2\/media?parent=3233"}],"curies":[{"name":"wp","href":"https:\/\/api.w.org\/{rel}","templated":true}]}}