{"id":3237,"date":"2021-04-16T10:29:46","date_gmt":"2021-04-16T10:29:46","guid":{"rendered":"https:\/\/asgmi.org\/?page_id=3237"},"modified":"2026-03-23T11:54:33","modified_gmt":"2026-03-23T11:54:33","slug":"grupo-de-expertos-en-amenazas-geologicas","status":"publish","type":"page","link":"https:\/\/asgmi.org\/pt\/grupo-de-expertos-en-amenazas-geologicas\/","title":{"rendered":"Grupo de Especialistas em Riscos Geol\u00f3gicos"},"content":{"rendered":"<h2><strong>ANTECEDENTES:<\/strong><\/h2>\n<p>Considerando os efeitos da erup\u00e7\u00e3o do Volc\u00e1n de Fuego, Guatemala, em 2018, o Conselho de Administra\u00e7\u00e3o da ASGMI, em sua reuni\u00e3o 06\/2018, realizada em junho de 2018, sob proposta de seu Presidente, Dr. Oscar Paredes, concordou com a cria\u00e7\u00e3o desse grupo de especialistas com o objetivo geral de que a ASGMI, em situa\u00e7\u00f5es de riscos geol\u00f3gicos, pudesse fornecer suporte t\u00e9cnico, preventivo e\/ou de avalia\u00e7\u00e3o de riscos de processos geol\u00f3gicos aos servi\u00e7os geol\u00f3gicos membros da Associa\u00e7\u00e3o que o exigissem.<\/p>\n<p>Ap\u00f3s o acordo do Conselho de Administra\u00e7\u00e3o, o <strong>Grupo de Especialistas em Riscos Geol\u00f3gicos<\/strong> -GEAG- foi formalmente constitu\u00eddo na XXIV Assembleia Geral Ordin\u00e1ria realizada na cidade de Salta, Argentina, em agosto de 2018, e iniciou suas atividades em 2019 sob a coordena\u00e7\u00e3o da Dra. Marta Calvache, Diretora T\u00e9cnica de Riscos Geol\u00f3gicos do Servi\u00e7o Geol\u00f3gico da Col\u00f4mbia.<\/p>\n<p>Posteriormente, o grupo foi estruturado em dois subgrupos, um para atender aos processos relacionados \u00e0 geodin\u00e2mica interna, sismicidade e vulcanismo, e o outro para a geodin\u00e2mica externa, como movimentos de massa.<\/p>\n<h2><strong>MISS\u00c3O E VIS\u00c3O DO GRUPO DE ESPECIALISTAS EM RISCOS GEOL\u00d3GICOS:<\/strong><\/h2>\n<p>A <strong>miss\u00e3o<\/strong> do Grupo de Perigos Geol\u00f3gicos \u00e9 elaborar diretrizes metodol\u00f3gicas para a caracteriza\u00e7\u00e3o de perigo\/risco de atividade s\u00edsmica e vulc\u00e2nica e movimentos de massa para todos os pa\u00edses membros da ASGMI, bem como estabelecer crit\u00e9rios para a cria\u00e7\u00e3o de mapas de perigos geol\u00f3gicos.<\/p>\n<p>A <strong>vis\u00e3o<\/strong> do GEAG, de acordo com os objetivos de sua cria\u00e7\u00e3o, \u00e9 tornar-se um grupo de especialistas que forne\u00e7a suporte t\u00e9cnico-cient\u00edfico aos servi\u00e7os geol\u00f3gicos membros da ASGMI para a preven\u00e7\u00e3o e avalia\u00e7\u00e3o do perigo\/risco de processos geol\u00f3gicos suscet\u00edveis a causar desastres naturais.<\/p>\n<h2><strong>OBJETIVOS DE CURTO E M\u00c9DIO PRAZO:<\/strong><\/h2>\n<p>Prop\u00f5e-se retomar neste ano de 2022 os objetivos estabelecidos nos anos anteriores e, especificamente, manter os v\u00ednculos de coopera\u00e7\u00e3o entre os departamentos de riscos geol\u00f3gicos dos servi\u00e7os geol\u00f3gicos com os representantes do GEAG, especialmente no que diz respeito ao compartilhamento de informa\u00e7\u00f5es sobre eventos que possam causar desastres naturais, propondo, se for o caso, a assinatura dos acordos necess\u00e1rios e, em n\u00edvel operacional, a implementa\u00e7\u00e3o do invent\u00e1rio de movimentos de massa na Ibero-Am\u00e9rica.<\/p>\n<h2><strong>PUBLICA\u00c7\u00d5ES DO GRUPO:<\/strong><\/h2>\n<p><strong>ARTIGO SOBRE RISCOS GEOL\u00d3GICOS NA IBERO-AM\u00c9RICA. O PAPEL DOS SERVI\u00c7OS GEOL\u00d3GICOS E DE MINERA\u00c7\u00c3O IBERO-AMERICANOS (ASGMI).<\/strong><\/p>\n<p><a href=\"https:\/\/asgmi.org\/wp-content\/uploads\/2021\/10\/Los-Peligros-geol%C3%B3gicos-en-Iberoam%C3%A9rica_ASGMI.pdf\">Rosa Mar\u00eda Mateos, et al., 2020. Riscos geol\u00f3gicos na Ibero-Am\u00e9rica. O papel dos servi\u00e7os geol\u00f3gicos e de minera\u00e7\u00e3o ibero-americanos (ASGMI). Bolet\u00edn Geol\u00f3gico y Minero, 131 (4): 695-708ISSN: 0366 -0176DOI: 10.21701\/bolgeomin.131.4.010.<\/a><\/p>\n<h2><strong>RELAT\u00d3RIOS DE ATIVIDADES DO GRUPO:<\/strong><\/h2>\n<h2><strong>ANO 2022<\/strong><\/h2>\n<p><img decoding=\"async\" class=\"alignleft size-full wp-image-2134\" src=\"https:\/\/asgmi.org\/wp-content\/uploads\/2018\/10\/001-pdf.png\" alt=\"\" width=\"32\" height=\"32\" \/><a href=\"https:\/\/asgmi.org\/wp-content\/uploads\/2024\/02\/Informe-resumen-de-la-actividad-de-los-Grupos-de-Trabajo-de-ASGMI-en-2022.pdf\">Relat\u00f3rio Anual 2022<\/a>","protected":false},"excerpt":{"rendered":"<p>ANTECEDENTES: Considerando os efeitos da erup\u00e7\u00e3o do Volc\u00e1n de Fuego, Guatemala, em 2018, o Conselho de Administra\u00e7\u00e3o da ASGMI, em sua reuni\u00e3o 06\/2018, realizada em junho de 2018, sob proposta de seu Presidente, Dr. Oscar Paredes, concordou com a cria\u00e7\u00e3o desse grupo de especialistas com o objetivo geral de que a ASGMI, em situa\u00e7\u00f5es de [&hellip;]<\/p>\n","protected":false},"author":1,"featured_media":0,"parent":0,"menu_order":0,"comment_status":"closed","ping_status":"closed","template":"","meta":{"_genesis_hide_title":false,"_genesis_hide_breadcrumbs":false,"_genesis_hide_singular_image":false,"_genesis_hide_footer_widgets":false,"_genesis_custom_body_class":"","_genesis_custom_post_class":"","_genesis_layout":"","footnotes":""},"class_list":{"0":"post-3237","1":"page","2":"type-page","3":"status-publish","5":"entry"},"_links":{"self":[{"href":"https:\/\/asgmi.org\/pt\/wp-json\/wp\/v2\/pages\/3237","targetHints":{"allow":["GET"]}}],"collection":[{"href":"https:\/\/asgmi.org\/pt\/wp-json\/wp\/v2\/pages"}],"about":[{"href":"https:\/\/asgmi.org\/pt\/wp-json\/wp\/v2\/types\/page"}],"author":[{"embeddable":true,"href":"https:\/\/asgmi.org\/pt\/wp-json\/wp\/v2\/users\/1"}],"replies":[{"embeddable":true,"href":"https:\/\/asgmi.org\/pt\/wp-json\/wp\/v2\/comments?post=3237"}],"version-history":[{"count":10,"href":"https:\/\/asgmi.org\/pt\/wp-json\/wp\/v2\/pages\/3237\/revisions"}],"predecessor-version":[{"id":5245,"href":"https:\/\/asgmi.org\/pt\/wp-json\/wp\/v2\/pages\/3237\/revisions\/5245"}],"wp:attachment":[{"href":"https:\/\/asgmi.org\/pt\/wp-json\/wp\/v2\/media?parent=3237"}],"curies":[{"name":"wp","href":"https:\/\/api.w.org\/{rel}","templated":true}]}}