{"id":3240,"date":"2021-04-16T10:38:14","date_gmt":"2021-04-16T10:38:14","guid":{"rendered":"https:\/\/asgmi.org\/?page_id=3240"},"modified":"2024-03-19T12:03:31","modified_gmt":"2024-03-19T12:03:31","slug":"grupo-de-expertos-en-hidrogeologia","status":"publish","type":"page","link":"https:\/\/asgmi.org\/pt\/grupo-de-expertos-en-hidrogeologia\/","title":{"rendered":"Grupo de Especialistas em Hidrogeologia e Mapeamento Hidrogeol\u00f3gico"},"content":{"rendered":"<h2><strong>ANTECEDENTES:<\/strong><\/h2>\n<p>O <strong>Grupo de Especialistas em Hidrogeologia e Mapeamento Hidrogeol\u00f3gico<\/strong> -GEHIDRO- foi constitu\u00eddo em 2018, em conformidade com os acordos da XXIV Assembleia Geral da ASGMI, realizada em agosto de 2018 na cidade de Salta, Argentina, e consolidou sua estrutura, atividade e programa de trabalho no Workshop ASGMI sobre Hidrogeologia, realizado no Rio de Janeiro, Brasil, em setembro de 2019, organizado pelo Servi\u00e7o Geol\u00f3gico CPRM-Brasil.<\/p>\n<p>O grupo \u00e9 coordenado pelo Dr. Jo\u00e3o Alberto Oliveira Diniz, do Servi\u00e7o Geol\u00f3gico da CPRM-Brasil, com o apoio, como vice-coordenador, do Dr. Alcides Aguirre Corrales, do Servi\u00e7o Geol\u00f3gico da Col\u00f4mbia, e da Dra. Raquel Morales Garc\u00eda, do Instituto Geol\u00f3gico e de Minera\u00e7\u00e3o da Espanha.<\/p>\n<h2><strong>MISS\u00c3O E VIS\u00c3O DO GRUPO DE ESPECIALISTAS EM HIDROGEOLOGIA E MAPEAMENTO HIDROGEOL\u00d3GICO:<\/strong><\/h2>\n<p>A <strong>miss\u00e3o<\/strong> fundamental do GEHIDRO \u00e9 a elabora\u00e7\u00e3o do Mapa Hidrogeol\u00f3gico da Am\u00e9rica do Sul em uma escala de 1:5.000.000, e dos dados associados baseados no Sistema de Informa\u00e7\u00e3o de \u00c1guas Subterr\u00e2neas -SIAGAS-, uma plataforma tecnol\u00f3gica que a CPRM-Servi\u00e7o Geol\u00f3gico do Brasil transferir\u00e1 aos servi\u00e7os geol\u00f3gicos membros da ASGMI que o solicitarem formalmente, em conformidade com o Acordo Interinstitucional entre a ASGMI e a CPRM assinado no Rio de Janeiro, Brasil, em setembro de 2019.<\/p>\n<p>A <strong>vis\u00e3o<\/strong> do grupo \u00e9 se tornar um grupo de refer\u00eancia na Ibero-Am\u00e9rica no conhecimento dos recursos h\u00eddricos subterr\u00e2neos e fornecer esse conhecimento como uma ferramenta essencial para o gerenciamento eficaz desses recursos e sua prote\u00e7\u00e3o contra contamina\u00e7\u00e3o.<\/p>\n<h2><strong>OBJETIVOS DE CURTO E M\u00c9DIO PRAZO:<\/strong><\/h2>\n<p>Ap\u00f3s o Workshop presencial realizado em Bras\u00edlia, o GEHIDRO concordou com o seguinte:<\/p>\n<ul>\n<li>Dada a escala do Mapa Hidrogeol\u00f3gico que est\u00e1 sendo desenvolvido, conclui-se que este mapa \u00e9 de grande interesse para fins cient\u00edficos, educacionais e de divulga\u00e7\u00e3o, mas n\u00e3o como um recurso administrativo para a gest\u00e3o dos recursos h\u00eddricos subterr\u00e2neos, por isso considera-se apropriado limitar o escopo, os recursos humanos e o tempo dedicado \u00e0 sua dedica\u00e7\u00e3o. Dada a escala do mapa, a assimetria em termos de dados dispon\u00edveis entre os pa\u00edses da regi\u00e3o e a dificuldade de obt\u00ea-los, a equipe de trabalho ter\u00e1 que chegar a um consenso sobre um limite m\u00ednimo de informa\u00e7\u00f5es que permita atingir os objetivos propostos.<\/li>\n<li>\u00c9 levantada a possibilidade e a conveni\u00eancia de continuar o projeto com a produ\u00e7\u00e3o do Mapa Hidrogeol\u00f3gico da Am\u00e9rica Central e do Caribe.<\/li>\n<li>Prop\u00f5e-se a elabora\u00e7\u00e3o de um gloss\u00e1rio de termos hidrogeol\u00f3gicos utilizados nos diferentes pa\u00edses e, com o apoio do Grupo de Especialistas em Sistemas de Informa\u00e7\u00e3o Geogr\u00e1fica da ASGMI, o estabelecimento de crit\u00e9rios para a homogeneiza\u00e7\u00e3o e correla\u00e7\u00e3o de dados que facilitem o interc\u00e2mbio de informa\u00e7\u00f5es, j\u00e1 que n\u00e3o existe um banco de dados unificado.<\/li>\n<\/ul>\n<h2><strong>WORKSHOPS REALIZADOS:<\/strong><\/h2>\n<p><strong><img fetchpriority=\"high\" decoding=\"async\" class=\"size-medium wp-image-2583 alignleft\" src=\"https:\/\/asgmi.org\/wp-content\/uploads\/2019\/09\/Foto-grupal-300x200.jpg\" alt=\"\" width=\"300\" height=\"200\" srcset=\"https:\/\/asgmi.org\/wp-content\/uploads\/2019\/09\/Foto-grupal-300x200.jpg 300w, https:\/\/asgmi.org\/wp-content\/uploads\/2019\/09\/Foto-grupal-768x512.jpg 768w, https:\/\/asgmi.org\/wp-content\/uploads\/2019\/09\/Foto-grupal-1024x683.jpg 1024w, https:\/\/asgmi.org\/wp-content\/uploads\/2019\/09\/Foto-grupal-1200x800.jpg 1200w, https:\/\/asgmi.org\/wp-content\/uploads\/2019\/09\/Foto-grupal.jpg 1299w\" sizes=\"(max-width: 300px) 100vw, 300px\" \/><\/strong><\/p>\n<p>Rio de Janeiro, Brasil. Workshop Internacional sobre Hidrogeologia e Mapeamento Hidrogeol\u00f3gico, realizado de 10 a 13 de setembro de 2019 no Rio de Janeiro, Brasil, e organizado pelo Servi\u00e7o Geol\u00f3gico do Brasil -CPRM.<br \/>\n<a href=\"https:\/\/asgmi.org\/wp-content\/uploads\/2019\/09\/Acta-de-Acuerdos-Taller-Hidrogeolog%C3%ADa-R%C3%ADo-de-Janeiro.pdf\">ATAS DOS ACORDOS<\/a><br \/>\n<a href=\"https:\/\/asgmi.org\/wp-content\/uploads\/2019\/09\/Asistentes-al-Taller-de-Hidrogeolog%C3%ADa.docx\" target=\"_blank\" rel=\"noopener noreferrer\">FOTO OFICIAL E PARTICIPANTES<\/a><br \/>\n<a href=\"https:\/\/www.dropbox.com\/sh\/l7tlu6rcadfot7p\/AAB-6mZ8MHw5PysWn1lkECxca?dl=0\" target=\"_blank\" rel=\"noopener noreferrer\">APRESENTA\u00c7\u00d5ES<\/a><\/p>\n<h2><\/h2>\n<div class=\"elementor-element elementor-element-d17dc2a elementor-widget elementor-widget-heading\" data-id=\"d17dc2a\" data-element_type=\"widget\" data-widget_type=\"heading.default\">\n<div class=\"elementor-widget-container\">\n<h2 class=\"elementor-heading-title elementor-size-default\"><strong>RELAT\u00d3RIOS DE ATIVIDADES DO GRUPO:<\/strong><\/h2>\n<h2 class=\"elementor-heading-title elementor-size-default\"><strong>ANO 2022<\/strong><\/h2>\n<p><img decoding=\"async\" class=\"alignleft size-full wp-image-2134\" src=\"https:\/\/asgmi.org\/wp-content\/uploads\/2018\/10\/001-pdf.png\" alt=\"\" width=\"32\" height=\"32\" \/><\/p>\n<\/div>\n<\/div>\n<div class=\"elementor-element elementor-element-86710aa elementor-widget elementor-widget-heading\" data-id=\"86710aa\" data-element_type=\"widget\" data-widget_type=\"heading.default\">\n<div class=\"elementor-widget-container\">\n<p><a href=\"https:\/\/asgmi.org\/wp-content\/uploads\/2024\/02\/Informe-resumen-de-la-actividad-de-los-Grupos-de-Trabajo-de-ASGMI-en-2022.pdf\">Relat\u00f3rio Anual 2022<\/a><\/p>\n<\/div>\n<\/div>","protected":false},"excerpt":{"rendered":"<p>ANTECEDENTES: O Grupo de Especialistas em Hidrogeologia e Mapeamento Hidrogeol\u00f3gico -GEHIDRO- foi constitu\u00eddo em 2018, em conformidade com os acordos da XXIV Assembleia Geral da ASGMI, realizada em agosto de 2018 na cidade de Salta, Argentina, e consolidou sua estrutura, atividade e programa de trabalho no Workshop ASGMI sobre Hidrogeologia, realizado no Rio de Janeiro, [&hellip;]<\/p>\n","protected":false},"author":1,"featured_media":0,"parent":0,"menu_order":0,"comment_status":"closed","ping_status":"closed","template":"","meta":{"_genesis_hide_title":false,"_genesis_hide_breadcrumbs":false,"_genesis_hide_singular_image":false,"_genesis_hide_footer_widgets":false,"_genesis_custom_body_class":"","_genesis_custom_post_class":"","_genesis_layout":"","footnotes":""},"class_list":{"0":"post-3240","1":"page","2":"type-page","3":"status-publish","5":"entry"},"_links":{"self":[{"href":"https:\/\/asgmi.org\/pt\/wp-json\/wp\/v2\/pages\/3240","targetHints":{"allow":["GET"]}}],"collection":[{"href":"https:\/\/asgmi.org\/pt\/wp-json\/wp\/v2\/pages"}],"about":[{"href":"https:\/\/asgmi.org\/pt\/wp-json\/wp\/v2\/types\/page"}],"author":[{"embeddable":true,"href":"https:\/\/asgmi.org\/pt\/wp-json\/wp\/v2\/users\/1"}],"replies":[{"embeddable":true,"href":"https:\/\/asgmi.org\/pt\/wp-json\/wp\/v2\/comments?post=3240"}],"version-history":[{"count":14,"href":"https:\/\/asgmi.org\/pt\/wp-json\/wp\/v2\/pages\/3240\/revisions"}],"predecessor-version":[{"id":4550,"href":"https:\/\/asgmi.org\/pt\/wp-json\/wp\/v2\/pages\/3240\/revisions\/4550"}],"wp:attachment":[{"href":"https:\/\/asgmi.org\/pt\/wp-json\/wp\/v2\/media?parent=3240"}],"curies":[{"name":"wp","href":"https:\/\/api.w.org\/{rel}","templated":true}]}}