{"id":3243,"date":"2021-04-16T10:44:34","date_gmt":"2021-04-16T10:44:34","guid":{"rendered":"https:\/\/asgmi.org\/?page_id=3243"},"modified":"2024-03-19T12:27:32","modified_gmt":"2024-03-19T12:27:32","slug":"grupo-de-expertos-en-informacion-geocientifica","status":"publish","type":"page","link":"https:\/\/asgmi.org\/pt\/grupo-de-expertos-en-informacion-geocientifica\/","title":{"rendered":"Grupo de Especialistas em Sistemas de Informa\u00e7\u00f5es Geocient\u00edficas"},"content":{"rendered":"<h2><strong>ANTECEDENTES:<\/strong><\/h2>\n<p>O <strong>Grupo de Especialistas em Sistemas de Informa\u00e7\u00e3o Geocient\u00edfica<\/strong> -GESIG- \u00e9 criado, em cumprimento aos acordos da XXIV Assembleia Geral da ASGMI, realizada na cidade de Salta, Argentina, com o objetivo geral de contar com procedimentos e metodologias de trabalho que permitam compartilhar experi\u00eancias e informa\u00e7\u00f5es geocient\u00edficas geradas nos servi\u00e7os geol\u00f3gicos.<\/p>\n<p>O Grupo \u00e9 coordenado pela Dra. Lucila G\u00f3mez, do Servi\u00e7o Geol\u00f3gico da Col\u00f4mbia, e pelo Dr. Rom\u00e1n Hern\u00e1ndez, do Instituto Geol\u00f3gico e de Minera\u00e7\u00e3o da Espanha, como coordenador adjunto.<\/p>\n<h2><strong>MISS\u00c3O E VIS\u00c3O DO GRUPO DE ESPECIALISTAS EM SISTEMAS DE INFORMA\u00c7\u00d5ES DE GEOCI\u00caNCIAS:<\/strong><\/h2>\n<p>De acordo com os objetivos do grupo, sua <strong>miss\u00e3o<\/strong> \u00e9 estabelecer as bases para facilitar a implementa\u00e7\u00e3o de modelos de dados que melhorem o gerenciamento de informa\u00e7\u00f5es de geoci\u00eancias, bem como seu interc\u00e2mbio entre os levantamentos geol\u00f3gicos membros da ASGMI.<\/p>\n<p>A <strong>vis\u00e3o<\/strong> do grupo \u00e9 atuar como um \u00f3rg\u00e3o transversal dentro da ASGMI para facilitar e estimular melhorias no gerenciamento de informa\u00e7\u00f5es de geoci\u00eancias e oferecer alternativas para sua dissemina\u00e7\u00e3o.<\/p>\n<h2><strong>OBJETIVOS EM CURTO E M\u00c9DIO PRAZO:<\/strong><\/h2>\n<p>Por meio da Secretaria Geral e do Grupo de Coopera\u00e7\u00e3o Internacional -GECI-, o GESIG ser\u00e1 coordenado com os demais grupos de especialistas para analisar suas necessidades em termos de bancos de dados e GIS.<\/p>\n<p>Foram iniciadas discuss\u00f5es para estabelecer a\u00e7\u00f5es concretas de colabora\u00e7\u00e3o em GIS com o grupo hom\u00f3logo da Eurogeosurveys. Espera-se que uma proposta conjunta possa ser desenvolvida para obter financiamento para o desenvolvimento de uma plataforma conjunta para hospedar dados de interesse geocient\u00edfico.<\/p>\n<h2><strong>RELAT\u00d3RIOS DE ATIVIDADES DO GRUPO:<\/strong><\/h2>\n<h2><strong>ANO 2022<\/strong><\/h2>\n<p><a href=\"https:\/\/asgmi.org\/wp-content\/uploads\/2024\/02\/Informe-resumen-de-la-actividad-de-los-Grupos-de-Trabajo-de-ASGMI-en-2022.pdf\"><img decoding=\"async\" class=\"alignleft size-full wp-image-2134\" src=\"https:\/\/asgmi.org\/wp-content\/uploads\/2018\/10\/001-pdf.png\" alt=\"\" width=\"32\" height=\"32\" \/>Relat\u00f3rio Anual 2022<\/a>","protected":false},"excerpt":{"rendered":"<p>ANTECEDENTES: O Grupo de Especialistas em Sistemas de Informa\u00e7\u00e3o Geocient\u00edfica -GESIG- \u00e9 criado, em cumprimento aos acordos da XXIV Assembleia Geral da ASGMI, realizada na cidade de Salta, Argentina, com o objetivo geral de contar com procedimentos e metodologias de trabalho que permitam compartilhar experi\u00eancias e informa\u00e7\u00f5es geocient\u00edficas geradas nos servi\u00e7os geol\u00f3gicos. O Grupo \u00e9 [&hellip;]<\/p>\n","protected":false},"author":1,"featured_media":0,"parent":0,"menu_order":0,"comment_status":"closed","ping_status":"closed","template":"","meta":{"_genesis_hide_title":false,"_genesis_hide_breadcrumbs":false,"_genesis_hide_singular_image":false,"_genesis_hide_footer_widgets":false,"_genesis_custom_body_class":"","_genesis_custom_post_class":"","_genesis_layout":"","footnotes":""},"class_list":{"0":"post-3243","1":"page","2":"type-page","3":"status-publish","5":"entry"},"_links":{"self":[{"href":"https:\/\/asgmi.org\/pt\/wp-json\/wp\/v2\/pages\/3243","targetHints":{"allow":["GET"]}}],"collection":[{"href":"https:\/\/asgmi.org\/pt\/wp-json\/wp\/v2\/pages"}],"about":[{"href":"https:\/\/asgmi.org\/pt\/wp-json\/wp\/v2\/types\/page"}],"author":[{"embeddable":true,"href":"https:\/\/asgmi.org\/pt\/wp-json\/wp\/v2\/users\/1"}],"replies":[{"embeddable":true,"href":"https:\/\/asgmi.org\/pt\/wp-json\/wp\/v2\/comments?post=3243"}],"version-history":[{"count":6,"href":"https:\/\/asgmi.org\/pt\/wp-json\/wp\/v2\/pages\/3243\/revisions"}],"predecessor-version":[{"id":4531,"href":"https:\/\/asgmi.org\/pt\/wp-json\/wp\/v2\/pages\/3243\/revisions\/4531"}],"wp:attachment":[{"href":"https:\/\/asgmi.org\/pt\/wp-json\/wp\/v2\/media?parent=3243"}],"curies":[{"name":"wp","href":"https:\/\/api.w.org\/{rel}","templated":true}]}}