{"id":3505,"date":"2021-11-22T21:43:27","date_gmt":"2021-11-22T21:43:27","guid":{"rendered":"https:\/\/asgmi.org\/?page_id=3505"},"modified":"2021-11-22T21:43:27","modified_gmt":"2021-11-22T21:43:27","slug":"seminario-informacion-geoquimica-al-servicio-de-la-sociedad-presentaciones","status":"publish","type":"page","link":"https:\/\/asgmi.org\/pt\/seminario-informacion-geoquimica-al-servicio-de-la-sociedad-presentaciones\/","title":{"rendered":"(Espa\u00f1ol) Seminario &#8220;Informaci\u00f3n Geoqu\u00edmica al Servicio de la Sociedad&#8221; &#8211; presentaciones"},"content":{"rendered":"<p class=\"qtranxs-available-languages-message qtranxs-available-languages-message-pt\">Desculpe, este conte\u00fado s\u00f3 est\u00e1 dispon\u00edvel em <a href=\"https:\/\/asgmi.org\/es\/wp-json\/wp\/v2\/pages\/3505\" class=\"qtranxs-available-language-link qtranxs-available-language-link-es\" title=\"Espa\u00f1ol\">Espa\u00f1ol<\/a>.<\/p>","protected":false},"excerpt":{"rendered":"<p>Desculpe, este conte\u00fado s\u00f3 est\u00e1 dispon\u00edvel em Espa\u00f1ol.<\/p>\n","protected":false},"author":1,"featured_media":0,"parent":0,"menu_order":0,"comment_status":"closed","ping_status":"closed","template":"","meta":{"_genesis_hide_title":false,"_genesis_hide_breadcrumbs":false,"_genesis_hide_singular_image":false,"_genesis_hide_footer_widgets":false,"_genesis_custom_body_class":"","_genesis_custom_post_class":"","_genesis_layout":"","footnotes":""},"class_list":{"0":"post-3505","1":"page","2":"type-page","3":"status-publish","5":"entry"},"_links":{"self":[{"href":"https:\/\/asgmi.org\/pt\/wp-json\/wp\/v2\/pages\/3505","targetHints":{"allow":["GET"]}}],"collection":[{"href":"https:\/\/asgmi.org\/pt\/wp-json\/wp\/v2\/pages"}],"about":[{"href":"https:\/\/asgmi.org\/pt\/wp-json\/wp\/v2\/types\/page"}],"author":[{"embeddable":true,"href":"https:\/\/asgmi.org\/pt\/wp-json\/wp\/v2\/users\/1"}],"replies":[{"embeddable":true,"href":"https:\/\/asgmi.org\/pt\/wp-json\/wp\/v2\/comments?post=3505"}],"version-history":[{"count":1,"href":"https:\/\/asgmi.org\/pt\/wp-json\/wp\/v2\/pages\/3505\/revisions"}],"predecessor-version":[{"id":3506,"href":"https:\/\/asgmi.org\/pt\/wp-json\/wp\/v2\/pages\/3505\/revisions\/3506"}],"wp:attachment":[{"href":"https:\/\/asgmi.org\/pt\/wp-json\/wp\/v2\/media?parent=3505"}],"curies":[{"name":"wp","href":"https:\/\/api.w.org\/{rel}","templated":true}]}}