{"id":3892,"date":"2023-05-03T11:44:59","date_gmt":"2023-05-03T11:44:59","guid":{"rendered":"https:\/\/asgmi.org\/?page_id=3892"},"modified":"2024-03-19T11:39:25","modified_gmt":"2024-03-19T11:39:25","slug":"grupo-de-expertos-en-geologia-marina","status":"publish","type":"page","link":"https:\/\/asgmi.org\/pt\/grupo-de-expertos-en-geologia-marina\/","title":{"rendered":"Grupo de Especialistas em Geologia Marinha"},"content":{"rendered":"<h2><strong>ANTECEDENTES:<\/strong><\/h2>\n<p><img fetchpriority=\"high\" decoding=\"async\" class=\"aligncenter size-full wp-image-3895\" src=\"https:\/\/asgmi.org\/wp-content\/uploads\/2023\/05\/FOTOS-WEB-1.jpg\" alt=\"\" width=\"900\" height=\"639\" srcset=\"https:\/\/asgmi.org\/wp-content\/uploads\/2023\/05\/FOTOS-WEB-1.jpg 900w, https:\/\/asgmi.org\/wp-content\/uploads\/2023\/05\/FOTOS-WEB-1-300x213.jpg 300w, https:\/\/asgmi.org\/wp-content\/uploads\/2023\/05\/FOTOS-WEB-1-768x545.jpg 768w\" sizes=\"(max-width: 900px) 100vw, 900px\" \/><\/p>\n<p>O <strong>Grupo de Especialistas em Geologia Marinha (GEGM)<\/strong> foi criado por acordo do Conselho de Administra\u00e7\u00e3o da <a href=\"https:\/\/asgmi.org\/pt\/asambleas-generales\/\">XXVII Assembleia Geral Ordin\u00e1ria da ASGMI<\/a>, realizada em abril de 2022 na cidade de Bras\u00edlia e a pedido dos membros dessa Associa\u00e7\u00e3o.<\/p>\n<p>O Grupo <strong>iniciou suas atividades em 16 de junho de 2022<\/strong> e, desde ent\u00e3o, vem crescendo e se fortalecendo progressivamente com a incorpora\u00e7\u00e3o de novos membros. Os seguintes servi\u00e7os geol\u00f3gicos s\u00e3o atualmente membros do GEGM: Servicio Geol\u00f3gico Minero Argentino (SEGEMAR), Servi\u00e7o Geol\u00f3gico do Brasil (CPRM), Servicio Nacional de Geolog\u00eda y Miner\u00eda de Chile (SERNAGEOMIN), Servicio Geol\u00f3gico Colombiano (SGC), Ministerio de Ambiente y Energ\u00eda de Costa Rica, Servicio Geol\u00f3gico de Cuba (IGP), Instituto de Investigaci\u00f3n Geol\u00f3gico y Energ\u00e9tico de Ecuador (IIGE), Instituto Geol\u00f3gico y Minero de Espa\u00f1a (IGME), Servicio Geol\u00f3gico Mexicano (SGM), Instituto Geol\u00f3gico, Minero y Metal\u00fargico de Per\u00fa (INGEMMET), Servicio Geol\u00f3gico Nacional de la Rep\u00fablica Dominicana (SGN), Instituto Nacional de Geolog\u00eda y Miner\u00eda de Venezuela (INGEOMIN).<\/p>\n<p>O grupo realiza reuni\u00f5es mensais ou bimestrais por videoconfer\u00eancia desde sua cria\u00e7\u00e3o e \u00e9 coordenado pela Dra. Teresa Medialdea Cela, representante do Instituto Geol\u00f3gico e de Minera\u00e7\u00e3o da Espanha, com o apoio do Dr. Eugenio Pires do Servi\u00e7o Geol\u00f3gico do Brasil, do Dr. Felipe Espinoza do Servi\u00e7o Nacional de Geologia e Minera\u00e7\u00e3o do Chile e do Dr. Ismael Moyano do Servi\u00e7o Geol\u00f3gico da Col\u00f4mbia.<\/p>\n<h2><strong>MISS\u00c3O E VIS\u00c3O DO GRUPO DE ESPECIALISTAS EM GEOLOGIA MARINHA:<\/strong><\/h2>\n<p>A <strong>miss\u00e3o<\/strong> do GEGM \u00e9 promover o conhecimento geol\u00f3gico dos mares e oceanos da Ibero-Am\u00e9rica e facilitar a coopera\u00e7\u00e3o e o interc\u00e2mbio de experi\u00eancias entre os servi\u00e7os geol\u00f3gicos membros da ASGMI. A <strong>vis\u00e3o<\/strong> \u00e9 tornar-se um grupo de refer\u00eancia na Ibero-Am\u00e9rica em cartografia geol\u00f3gica marinha, pesquisa de energia marinha e recursos minerais, riscos geol\u00f3gicos e bancos de dados marinhos.<\/p>\n<p>O GEGM tem como objetivo oferecer informa\u00e7\u00f5es de alta qualidade sobre o leito marinho e seu subsolo e o suporte e a consultoria cient\u00edfica e t\u00e9cnica necess\u00e1rios para qualquer atividade realizada no ambiente marinho, bem como para sua prote\u00e7\u00e3o, preven\u00e7\u00e3o de impactos ambientais e uso sustent\u00e1vel.<\/p>\n<h2><strong>OBJETIVOS DE CURTO E M\u00c9DIO PRAZO:<\/strong><\/h2>\n<p>Para atingir esses objetivos, o GEGM pretende desenvolver algumas linhas de atividade, tais como: a realiza\u00e7\u00e3o de oficinas\/programas de treinamento e capacita\u00e7\u00e3o e interc\u00e2mbio de experi\u00eancias, a realiza\u00e7\u00e3o de estadias de estudantes e pesquisadores, o interc\u00e2mbio de estudantes e pesquisadores em campanhas oceanogr\u00e1ficas e a participa\u00e7\u00e3o em projetos comuns e coopera\u00e7\u00e3o com outros projetos internacionais.<\/p>\n<p>Especificamente e em curto prazo, o objetivo \u00e9 elaborar um mapa do potencial de minerais cr\u00edticos e estrat\u00e9gicos na Am\u00e9rica Latina em colabora\u00e7\u00e3o com o Grupo de Especialistas em Metalogenia e Recursos Minerais.<\/p>\n<p>O grupo tem os seguintes objetivos relacionados \u00e0 elabora\u00e7\u00e3o do mapa de potencialidade de minerais cr\u00edticos e estrat\u00e9gicos:<\/p>\n<p>Cria\u00e7\u00e3o de um Grupo de Coordena\u00e7\u00e3o encarregado de elaborar um Guia Metodol\u00f3gico com a experi\u00eancia de diferentes pa\u00edses (mapas batim\u00e9tricos, sistemas de informa\u00e7\u00e3o geogr\u00e1fica, lista de recursos e elementos cr\u00edticos a serem apresentados).<br \/>\nPrepara\u00e7\u00e3o do mapa final a ser apresentado na segunda reuni\u00e3o do Projeto Di\u00e1logos UE LATAM sobre Minerais Cr\u00edticos, a ser realizada em Buenos Aires em maio de 2023.<\/p>\n<div class=\"elementor-element elementor-element-d17dc2a elementor-widget elementor-widget-heading\" data-id=\"d17dc2a\" data-element_type=\"widget\" data-widget_type=\"heading.default\">\n<div class=\"elementor-widget-container\">\n<h2 class=\"elementor-heading-title elementor-size-default\"><strong>RELAT\u00d3RIOS DE ATIVIDADES DO GRUPO:<\/strong><\/h2>\n<h2 class=\"elementor-heading-title elementor-size-default\"><strong>ANO 2022<\/strong><\/h2>\n<p><img decoding=\"async\" class=\"alignleft size-full wp-image-2134\" src=\"https:\/\/asgmi.org\/wp-content\/uploads\/2018\/10\/001-pdf.png\" alt=\"\" width=\"32\" height=\"32\" \/><\/p>\n<\/div>\n<\/div>\n<div class=\"elementor-element elementor-element-86710aa elementor-widget elementor-widget-heading\" data-id=\"86710aa\" data-element_type=\"widget\" data-widget_type=\"heading.default\">\n<div class=\"elementor-widget-container\">\n<p><a href=\"https:\/\/asgmi.org\/wp-content\/uploads\/2024\/02\/Informe-resumen-de-la-actividad-de-los-Grupos-de-Trabajo-de-ASGMI-en-2022.pdf\">Relat\u00f3rio Anual 2022<\/a><\/p>\n<\/div>\n<\/div>","protected":false},"excerpt":{"rendered":"<p>ANTECEDENTES: O Grupo de Especialistas em Geologia Marinha (GEGM) foi criado por acordo do Conselho de Administra\u00e7\u00e3o da XXVII Assembleia Geral Ordin\u00e1ria da ASGMI, realizada em abril de 2022 na cidade de Bras\u00edlia e a pedido dos membros dessa Associa\u00e7\u00e3o. O Grupo iniciou suas atividades em 16 de junho de 2022 e, desde ent\u00e3o, vem [&hellip;]<\/p>\n","protected":false},"author":1,"featured_media":3895,"parent":0,"menu_order":0,"comment_status":"closed","ping_status":"closed","template":"","meta":{"_genesis_hide_title":false,"_genesis_hide_breadcrumbs":false,"_genesis_hide_singular_image":false,"_genesis_hide_footer_widgets":false,"_genesis_custom_body_class":"","_genesis_custom_post_class":"","_genesis_layout":"","footnotes":""},"class_list":{"0":"post-3892","1":"page","2":"type-page","3":"status-publish","4":"has-post-thumbnail","6":"entry"},"_links":{"self":[{"href":"https:\/\/asgmi.org\/pt\/wp-json\/wp\/v2\/pages\/3892","targetHints":{"allow":["GET"]}}],"collection":[{"href":"https:\/\/asgmi.org\/pt\/wp-json\/wp\/v2\/pages"}],"about":[{"href":"https:\/\/asgmi.org\/pt\/wp-json\/wp\/v2\/types\/page"}],"author":[{"embeddable":true,"href":"https:\/\/asgmi.org\/pt\/wp-json\/wp\/v2\/users\/1"}],"replies":[{"embeddable":true,"href":"https:\/\/asgmi.org\/pt\/wp-json\/wp\/v2\/comments?post=3892"}],"version-history":[{"count":11,"href":"https:\/\/asgmi.org\/pt\/wp-json\/wp\/v2\/pages\/3892\/revisions"}],"predecessor-version":[{"id":4546,"href":"https:\/\/asgmi.org\/pt\/wp-json\/wp\/v2\/pages\/3892\/revisions\/4546"}],"wp:featuredmedia":[{"embeddable":true,"href":"https:\/\/asgmi.org\/pt\/wp-json\/wp\/v2\/media\/3895"}],"wp:attachment":[{"href":"https:\/\/asgmi.org\/pt\/wp-json\/wp\/v2\/media?parent=3892"}],"curies":[{"name":"wp","href":"https:\/\/api.w.org\/{rel}","templated":true}]}}