{"id":4582,"date":"2024-04-17T11:14:51","date_gmt":"2024-04-17T11:14:51","guid":{"rendered":"https:\/\/asgmi.org\/?page_id=4582"},"modified":"2024-04-18T10:28:19","modified_gmt":"2024-04-18T10:28:19","slug":"presentaciones-xxix-asamblea-general-de-asgmi-mexico","status":"publish","type":"page","link":"https:\/\/asgmi.org\/pt\/presentaciones-xxix-asamblea-general-de-asgmi-mexico\/","title":{"rendered":"(Espa\u00f1ol) Presentaciones XXIX Asamblea General de ASGMI (M\u00e9xico)"},"content":{"rendered":"<p class=\"qtranxs-available-languages-message qtranxs-available-languages-message-pt\">Desculpe, este conte\u00fado s\u00f3 est\u00e1 dispon\u00edvel em <a href=\"https:\/\/asgmi.org\/es\/wp-json\/wp\/v2\/pages\/4582\" class=\"qtranxs-available-language-link qtranxs-available-language-link-es\" title=\"Espa\u00f1ol\">Espa\u00f1ol<\/a>.<\/p>","protected":false},"excerpt":{"rendered":"<p>Desculpe, este conte\u00fado s\u00f3 est\u00e1 dispon\u00edvel em Espa\u00f1ol.<\/p>\n","protected":false},"author":1,"featured_media":0,"parent":0,"menu_order":0,"comment_status":"closed","ping_status":"closed","template":"","meta":{"_genesis_hide_title":false,"_genesis_hide_breadcrumbs":false,"_genesis_hide_singular_image":false,"_genesis_hide_footer_widgets":false,"_genesis_custom_body_class":"","_genesis_custom_post_class":"","_genesis_layout":"","footnotes":""},"class_list":{"0":"post-4582","1":"page","2":"type-page","3":"status-publish","5":"entry"},"_links":{"self":[{"href":"https:\/\/asgmi.org\/pt\/wp-json\/wp\/v2\/pages\/4582","targetHints":{"allow":["GET"]}}],"collection":[{"href":"https:\/\/asgmi.org\/pt\/wp-json\/wp\/v2\/pages"}],"about":[{"href":"https:\/\/asgmi.org\/pt\/wp-json\/wp\/v2\/types\/page"}],"author":[{"embeddable":true,"href":"https:\/\/asgmi.org\/pt\/wp-json\/wp\/v2\/users\/1"}],"replies":[{"embeddable":true,"href":"https:\/\/asgmi.org\/pt\/wp-json\/wp\/v2\/comments?post=4582"}],"version-history":[{"count":9,"href":"https:\/\/asgmi.org\/pt\/wp-json\/wp\/v2\/pages\/4582\/revisions"}],"predecessor-version":[{"id":4622,"href":"https:\/\/asgmi.org\/pt\/wp-json\/wp\/v2\/pages\/4582\/revisions\/4622"}],"wp:attachment":[{"href":"https:\/\/asgmi.org\/pt\/wp-json\/wp\/v2\/media?parent=4582"}],"curies":[{"name":"wp","href":"https:\/\/api.w.org\/{rel}","templated":true}]}}