{"id":4651,"date":"2024-05-28T20:33:14","date_gmt":"2024-05-28T20:33:14","guid":{"rendered":"https:\/\/asgmi.org\/?page_id=4651"},"modified":"2025-01-31T15:42:58","modified_gmt":"2025-01-31T15:42:58","slug":"curso-virtual-pasivos-ambientales-mineros-y-materias-primas-secundarias","status":"publish","type":"page","link":"https:\/\/asgmi.org\/pt\/curso-virtual-pasivos-ambientales-mineros-y-materias-primas-secundarias\/","title":{"rendered":"Curso Virtual: Passivos Ambientais de Minera\u00e7\u00e3o e Mat\u00e9rias-Primas Secund\u00e1rias."},"content":{"rendered":"<h2><strong>Curso Virtual: Passivos Ambientais de Minera\u00e7\u00e3o e Mat\u00e9rias-Primas Secund\u00e1rias.<\/strong><\/h2>\n<p><strong>De 25 de setembro a 3 de outubro de 2024<\/strong> (Dura\u00e7\u00e3o total: 10 horas)<\/p>\n<p><a href=\"https:\/\/asgmi.org\/wp-content\/uploads\/2024\/05\/Curso-PAM-ASGMI-START.jpg\"><img decoding=\"async\" src=\"https:\/\/asgmi.org\/wp-content\/uploads\/2024\/05\/Curso-PAM-ASGMI-START.jpg\" alt=\"\" width=\"1920\" height=\"1080\" class=\"aligncenter size-full wp-image-4652\" srcset=\"https:\/\/asgmi.org\/wp-content\/uploads\/2024\/05\/Curso-PAM-ASGMI-START.jpg 1920w, https:\/\/asgmi.org\/wp-content\/uploads\/2024\/05\/Curso-PAM-ASGMI-START-300x169.jpg 300w, https:\/\/asgmi.org\/wp-content\/uploads\/2024\/05\/Curso-PAM-ASGMI-START-1024x576.jpg 1024w, https:\/\/asgmi.org\/wp-content\/uploads\/2024\/05\/Curso-PAM-ASGMI-START-768x432.jpg 768w, https:\/\/asgmi.org\/wp-content\/uploads\/2024\/05\/Curso-PAM-ASGMI-START-1536x864.jpg 1536w\" sizes=\"(max-width: 1920px) 100vw, 1920px\" \/><\/a><\/p>\n<h3><strong>OBJETIVOS<\/strong><\/H3><\/p>\n<p>Proporcionar aos participantes uma compreens\u00e3o profunda dos processos de minera\u00e7\u00e3o, seus impactos ambientais e sociais, e dot\u00e1-los das ferramentas necess\u00e1rias para a identifica\u00e7\u00e3o, avalia\u00e7\u00e3o e remedia\u00e7\u00e3o dos passivos ambientais.<\/p>\n<h3><strong>OBJETIVOS ESPEC\u00cdFICOS<\/strong><\/h3>\n<ul>\n<li>Melhorar o conhecimento dos alunos no campo da sustentabilidade de mat\u00e9rias-primas e energias renov\u00e1veis e seu papel no mundo atual.<\/li>\n<li>Difundir consci\u00eancia entre os alunos sobre os passivos ambientais de minera\u00e7\u00e3o, sua identifica\u00e7\u00e3o e origens, e seu impacto no meio ambiente, nos bens e nos seres vivos.<\/li>\n<li>Melhorar seu conhecimento sobre a remedia\u00e7\u00e3o de passivos ambientais de minera\u00e7\u00e3o, seus protocolos de remedia\u00e7\u00e3o e o processamento de rejeitos.<\/li>\n<li>Desenvolver uma maior compreens\u00e3o de t\u00f3picos relacionados aos passivos ambientais de minera\u00e7\u00e3o e os objetivos do projeto START, como sustentabilidade, impacto ecol\u00f3gico, circularidade e res\u00edduos de minera\u00e7\u00e3o.<\/li>\n<\/ul>\n<h3><strong>PARA QUEM \u00c9 DESTINADO?<\/strong><\/h3>\n<p><strong>Estudantes de p\u00f3s-gradua\u00e7\u00e3o de \u00e1reas como geologia, engenharia de minas ou engenharia ambiental.<\/strong><\/p>\n<h3><strong>CONTE\u00daDO<\/strong><\/h3>\n<p>1. Fundamentals of Mining Environmental Liabilities<br \/>\n2. Environmental and health risks related to MELs. From risk assessment to rehabilitation.<br \/>\n3. Remediation of Environmental Liabilities<br \/>\n4. Reuse of Secondary Raw Materials<br \/>\n5. Environmental Management and Corporate Social Responsibility<\/p>\n<div style=\"border-bottom: 3px solid #fff; clear: both;padding-top:20px; margin-bottom: 20px;\"><\/div>\n<h3>HOR\u00c1RIO:<\/h3>\n<p>M\u00e9xico (Ciudad de M\u00e9xico), Guatemala, Honduras, El Salvador, Costa Rica: <strong>09:00 horas<\/strong><br \/>\nColombia, Per\u00fa, Ecuador, Panam\u00e1, Cuba, Rep\u00fablica Dominicana: <strong>10:00 horas<\/strong><br \/>\nVenezuela, Bolivia, Paraguay, Chile, Argentina, Uruguay: <strong>11:00 horas<\/strong><br \/>\nPortugal: <strong>15:00 horas<\/strong><br \/>\nEspa\u00f1a:<strong> 16:00 horas<\/strong><\/p>\n<div class=\"one-half first\">\n<a class=\"button\" href=\"https:\/\/asgmi.org\/wp-content\/uploads\/2024\/09\/00-Program-Mining-Environmental-Liabilities-Workshop-v5.pdf\">BAIXAR PROGRAMA<\/a><\/div>\n<p><strong><span style=\"color:red;\">O workshop ser\u00e1 conduzido em ingl\u00eas. <\/span><\/strong><\/p>\n<\/div>\n<h2><strong>WORKSHOP DOCUMENTS:<\/strong><\/h2>\n<h3>Session 1 &#8211; 25th Sept 2024<\/h3>\n<p><strong>Fundamentals of Mining Environmental Liabilities<\/strong><\/p>\n<p><em><a href=\"https:\/\/asgmi.org\/wp-content\/uploads\/2024\/09\/Types-of-environmental-liabilities-in-mining.pdf\" rel=\"noopener\" target=\"_blank\">Types of environmental liabilities in mining. Methodology for conducting an inventory of dormant or abandoned mines.<\/a><\/em> Dr. Fredy Guzm\u00e1n, Servicio Geol\u00f3gico Mexicano. (SGM)<\/p>\n<p><em>Site characterization and sample collection. Field and laboratory tests.<\/em> Dra. Catia Marques Prazeres, Laborat\u00f3rio Nacional de Energia e Geologia (LNEG)<\/p>\n<p><iframe title=\"Virtual Workshop &quot;Mining environmental liabilities and secondary raw materials\u201d Sep-Oct 2024\" width=\"500\" height=\"281\" src=\"https:\/\/www.youtube.com\/embed\/NMJg6BTmirU?feature=oembed\" frameborder=\"0\" allow=\"accelerometer; autoplay; clipboard-write; encrypted-media; gyroscope; picture-in-picture; web-share\" referrerpolicy=\"strict-origin-when-cross-origin\" allowfullscreen><\/iframe><br \/>\n<\/br><\/p>\n<h3>Session 2 &#8211; 26th Sept 2024 <\/h3>\n<p><strong>Environmental and health risks  related to MELs.  From risk assessment to rehabilitation.<\/strong><\/p>\n<p><em>Identification of scenarios and risks. Risk assessment and risk rating. Risk-based<br \/>\nprioritisation of MELs for decision making on rehabilitation. Rehabilitation for risk minimisation.<\/em><br \/>\nMSc. Virginia Rodr\u00edguez, Centro Nacional Instituto Geol\u00f3gico y Minero de Espa\u00f1a. (IGME-CSIC)<\/p>\n<p><a href=\"https:\/\/asgmi.org\/wp-content\/uploads\/2024\/09\/START_ppt-Mining-Environmental-Liabilities_Risks_VRG.pdf\" rel=\"noopener\" target=\"_blank\"><strong>DESCARGAR PRESENTACI\u00d3N<\/strong><\/a><\/p>\n<p><iframe title=\"Virtual Workshop &quot;Mining environmental liabilities and secondary raw materials\u201d Sep-Oct 2024\" width=\"500\" height=\"281\" src=\"https:\/\/www.youtube.com\/embed\/WZ1p7HX0YvA?feature=oembed\" frameborder=\"0\" allow=\"accelerometer; autoplay; clipboard-write; encrypted-media; gyroscope; picture-in-picture; web-share\" referrerpolicy=\"strict-origin-when-cross-origin\" allowfullscreen><\/iframe><\/p>\n<h3>Session 3 &#8211; 1st Oct 2024<\/h3>\n<p><strong>Remediation of Environmental Liabilities<\/strong><\/p>\n<p><em>Rehabilitation of affected ecosystems: geomorphic approach and practical field examples.<br \/>\nMonitoring Suspended sediment in mining spillages. <\/em><br \/>\nDr. Ignacio Zapico, Assistant Professor at Complutense University of Madrid (UCM) and CTO of STONE161. Spain.<\/p>\n<p><a href=\"https:\/\/asgmi.org\/wp-content\/uploads\/2024\/10\/Presentacion_tillings_2024_2Ignacio_ZApico_compressed.pdf\" rel=\"noopener\" target=\"_blank\">DESCARGAR PRESENTACI\u00d3N<\/a><\/p>\n<p><iframe title=\"Session 3 - \u201cMining environmental liabilities and secondary raw materials\u201d Virtual Workshop\" width=\"500\" height=\"281\" src=\"https:\/\/www.youtube.com\/embed\/5_4R_NnZER0?feature=oembed\" frameborder=\"0\" allow=\"accelerometer; autoplay; clipboard-write; encrypted-media; gyroscope; picture-in-picture; web-share\" referrerpolicy=\"strict-origin-when-cross-origin\" allowfullscreen><\/iframe><\/p>\n<p><H3>Session 4 &#8211; 2nd Oct 2024<\/h3>\n<p><strong>Reuse of Secondary Raw Materials<\/strong><\/p>\n<p><em>START Project: Selection, sampling and laboratory tests for the extraction of tetrahedrites<br \/>\nin mining wastes.<\/em><br \/>\nDra. Concepci\u00f3n Fern\u00e1ndez-Leyva, Dra. Paula Ad\u00e1nez, Instituto Geol\u00f3gico y Minero de Espa\u00f1a (IGME-CSIC)<\/p>\n<p><a href=\"https:\/\/asgmi.org\/wp-content\/uploads\/2024\/10\/START_ppt-Mining-Environmental-Liabilities_Concha_Paula_compressed.pdf\" rel=\"noopener\" target=\"_blank\">DESCARGAR PRESENTACI\u00d3N<\/a><\/p>\n<p><em>Reuse of Mining Waste in the Manufacturing of Sustainable Construction Materials.<\/em><br \/>\nDra. Patricia P\u00e9rez, Universidad Polit\u00e9cnica de Madrid. <\/p>\n<p><a href=\"https:\/\/asgmi.org\/wp-content\/uploads\/2024\/10\/PPT_Patricia_Perez.pdf\" rel=\"noopener\" target=\"_blank\">DESCARGAR PRESENTACI\u00d3N<\/a><\/p>\n<p><iframe title=\"Virtual Workshop \u201cMining environmental liabilities and secondary raw materials\u201d Sep- Oct 2024\" width=\"500\" height=\"281\" src=\"https:\/\/www.youtube.com\/embed\/Tudo5osK5gk?feature=oembed\" frameborder=\"0\" allow=\"accelerometer; autoplay; clipboard-write; encrypted-media; gyroscope; picture-in-picture; web-share\" referrerpolicy=\"strict-origin-when-cross-origin\" allowfullscreen><\/iframe><\/p>\n<p><H3>Session 5 &#8211; 3rd Oct 2024<\/h3>\n<p><strong>Environmental Management and Corporate Social Responsibility<\/strong><\/p>\n<p><em>Managing the social impact of extractive industries &#8211; The intersection between mining and<br \/>\nsociety.<\/em><br \/>\nDra. Sara Bj\u00f8rn Aaen, Dra. Anne Merrild, Department of Sustainability and Planning, Aalborg University, Denmark<\/p>\n<p><iframe title=\"Virtual workshop \u201cMining environmental liabilities and secondary raw materials\u201d  Sep - Oct 2024\" width=\"500\" height=\"375\" src=\"https:\/\/www.youtube.com\/embed\/1gIrPazQpzw?feature=oembed\" frameborder=\"0\" allow=\"accelerometer; autoplay; clipboard-write; encrypted-media; gyroscope; picture-in-picture; web-share\" referrerpolicy=\"strict-origin-when-cross-origin\" allowfullscreen><\/iframe><br \/>","protected":false},"excerpt":{"rendered":"<p>Curso Virtual: Passivos Ambientais de Minera\u00e7\u00e3o e Mat\u00e9rias-Primas Secund\u00e1rias. De 25 de setembro a 3 de outubro de 2024 (Dura\u00e7\u00e3o total: 10 horas) OBJETIVOS Proporcionar aos participantes uma compreens\u00e3o profunda dos processos de minera\u00e7\u00e3o, seus impactos ambientais e sociais, e dot\u00e1-los das ferramentas necess\u00e1rias para a identifica\u00e7\u00e3o, avalia\u00e7\u00e3o e remedia\u00e7\u00e3o dos passivos ambientais. OBJETIVOS ESPEC\u00cdFICOS [&hellip;]<\/p>\n","protected":false},"author":1,"featured_media":0,"parent":0,"menu_order":0,"comment_status":"closed","ping_status":"closed","template":"","meta":{"_genesis_hide_title":false,"_genesis_hide_breadcrumbs":false,"_genesis_hide_singular_image":false,"_genesis_hide_footer_widgets":false,"_genesis_custom_body_class":"","_genesis_custom_post_class":"","_genesis_layout":"","footnotes":""},"class_list":{"0":"post-4651","1":"page","2":"type-page","3":"status-publish","5":"entry","6":"has-post-thumbnail"},"_links":{"self":[{"href":"https:\/\/asgmi.org\/pt\/wp-json\/wp\/v2\/pages\/4651","targetHints":{"allow":["GET"]}}],"collection":[{"href":"https:\/\/asgmi.org\/pt\/wp-json\/wp\/v2\/pages"}],"about":[{"href":"https:\/\/asgmi.org\/pt\/wp-json\/wp\/v2\/types\/page"}],"author":[{"embeddable":true,"href":"https:\/\/asgmi.org\/pt\/wp-json\/wp\/v2\/users\/1"}],"replies":[{"embeddable":true,"href":"https:\/\/asgmi.org\/pt\/wp-json\/wp\/v2\/comments?post=4651"}],"version-history":[{"count":43,"href":"https:\/\/asgmi.org\/pt\/wp-json\/wp\/v2\/pages\/4651\/revisions"}],"predecessor-version":[{"id":4932,"href":"https:\/\/asgmi.org\/pt\/wp-json\/wp\/v2\/pages\/4651\/revisions\/4932"}],"wp:attachment":[{"href":"https:\/\/asgmi.org\/pt\/wp-json\/wp\/v2\/media?parent=4651"}],"curies":[{"name":"wp","href":"https:\/\/api.w.org\/{rel}","templated":true}]}}