{"id":5168,"date":"2025-12-02T10:09:27","date_gmt":"2025-12-02T10:09:27","guid":{"rendered":"https:\/\/asgmi.org\/?page_id=5168"},"modified":"2025-12-02T10:10:13","modified_gmt":"2025-12-02T10:10:13","slug":"portugues-presentaciones-taller-virtual-geoquimica-para-la-sociedad-analisis-de-muestras-12-y-13-de-noviembre-de-2025","status":"publish","type":"page","link":"https:\/\/asgmi.org\/pt\/portugues-presentaciones-taller-virtual-geoquimica-para-la-sociedad-analisis-de-muestras-12-y-13-de-noviembre-de-2025\/","title":{"rendered":"Presentaciones taller virtual &#8220;Geoqu\u00edmica para la Sociedad: An\u00e1lisis de Muestras 12 y 13 de noviembre de 2025&#8221;"},"content":{"rendered":"<h3><strong>Presentaciones taller virtual &#8220;Geoqu\u00edmica para la Sociedad: An\u00e1lisis de Muestras 12 y 13 de noviembre de 2025&#8221;<\/strong><\/h3>\n<p><strong>Rafael Mardones<\/strong>, representante de SERNAGEOMIN.<br \/>\n&#8211; <a href=\"https:\/\/asgmi.org\/wp-content\/uploads\/2025\/12\/01.-Procedimientos-de-control-de-calidad-de-muestras-en-la-exploracion-geoquimica-Metodologia-de-SERNAGEOMIN-copia.pdf\" target=\"_blank\">Procedimientos de control de calidad de muestras en la exploraci\u00f3n geoqu\u00edmica<\/a> &#8211; Metodolog\u00eda de SERNAGEOMIN Chile<\/p>\n<p><strong>Alecos Demetriades<\/strong>, representante de la Comisi\u00f3n en L\u00edneas Base Geoqu\u00edmica Global (CGGB-IUGS)<br \/>\n&#8211; <a href=\"https:\/\/asgmi.org\/wp-content\/uploads\/2025\/12\/02.-Generating_quality-controlled_geochemical_data_sets_for_the_global_society_Alecos-Dementriades-copia-1.pdf\" target=\"_blank\">Generating quality-controlled geochemical data sets for the global society<\/a><\/p>\n<p><strong>Anna Landenberger,<\/strong> Senior Geochemist, Geological Survey of Sweden<br \/>\n&#8211; <a href=\"https:\/\/asgmi.org\/wp-content\/uploads\/2025\/12\/03.-Mapping-programme-in-Sweden_AnneLadenberger_2025-1.pdf\" target=\"_blank\">Mapping programme in Sweden<\/a><\/p>\n<p><strong>Diego Barona<\/strong>, representante T\u00e9cnico del Laboratorio Qu\u00edmico IIGE, Ecuador<br \/>\n&#8211; <a href=\"https:\/\/asgmi.org\/wp-content\/uploads\/2025\/12\/04.-Determinacion-de-oro-por-ensayo-al-fuego-y-espectrometria-de-absorcion-atomica_IIGE.pdf\" target=\"_blank\">Determinaci\u00f3n de oro por ensayo al fuego y espectrometr\u00eda de absorci\u00f3n at\u00f3mica<\/a><\/p>\n<p><strong>Patricia Vel\u00e1squez,<\/strong> Gerente del Centro Experimental Oaxaca, M\u00e9xico<br \/>\n&#8211; <a href=\"https:\/\/asgmi.org\/wp-content\/uploads\/2025\/12\/05.-Metodos-geoquimicos-en-rocas-y-sedimentos-de-arroyo-en-el-SGM.pdf\" target=\"_blank\">M\u00e9todos geoqu\u00edmicos en rocas y sedimentos de arroyo en el SGM\u201d<\/a><\/p>\n<p><strong>Deyci Barzola Canto<\/strong>, representante del INGEMMET, Per\u00fa<br \/>\n&#8211; <a href=\"https:\/\/asgmi.org\/wp-content\/uploads\/2025\/12\/06.-Presentacion-Extraccion-secuencial_INGEMMET.pdf\" target=\"_blank\">Extracci\u00f3n qu\u00edmica secuencia<\/a><\/p>\n<p>Reynel Herrera, representante de IGP, Cuba<br \/>\n&#8211; Estado actual del Proyecto Cartograf\u00eda Geoqu\u00edmica de Cuba<\/p>\n<p><strong>Frandy Soto<\/strong>, de INHGEOMIN, Honduras<br \/>\n&#8211; <a href=\"https:\/\/asgmi.org\/wp-content\/uploads\/2025\/12\/08.-Control-de-calidad-en-laboratorio-de-Analisis-de-Aguas_INHGEOMIN_2025.pdf\" target=\"_blank\">Control de calidad en laboratorio de An\u00e1lisis de Aguas<\/a><\/p>\n<p><strong>Alejandro Pato, Hern\u00e1n Lozano, \u00c1ngeles Arag\u00f3n,<\/strong> SEGEMAR, Argentina<br \/>\n&#8211; <a href=\"https:\/\/asgmi.org\/wp-content\/uploads\/2025\/12\/09.-Empleo-de-la-Fluorescencia-de-rayos-X-para-la-caracterizacion-geoquimica-de-rocas_SEGEMAR.pdf\" target=\"_blank\">Empleo de la Fluorescencia de rayos X para la caracterizaci\u00f3n geoqu\u00edmica de rocas<\/a><\/p>\n<p><strong>Emeritus Professor David Cohen<\/strong>, IUGS<br \/>\n&#8211; <a href=\"https:\/\/asgmi.org\/wp-content\/uploads\/2025\/12\/10.-Regional-geochemical-mapping-how-can-analysis-of-just-a-few-kilograms-of-samples-from-a-large-area-generate-such-coherent-maps_IUGS_Cohen.pdf\" target=\"_blank\">Regional geochemical mapping &#8211; how can analysis of just a few kilograms of samples from a large area generate suchcoherent maps? <\/a><\/p>\n<p><strong>Javier Garc\u00eda Serrano,<\/strong> representante de IGME, Espa\u00f1a<br \/>\n&#8211; <a href=\"https:\/\/asgmi.org\/wp-content\/uploads\/2025\/12\/11.-Testificacion-de-sondeos-mediante-tecnicas-no-destructivas-en-los-laboratorios-del-IGME.pdf\" target=\"_blank\">Testificaci\u00f3n de sondeos mediante t\u00e9cnicas no destructivas en los laboratorios del IGME<\/a><\/p>\n<p><strong>Ana Gimeno Garc\u00eda,<\/strong> representante de IGME, Espa\u00f1a<br \/>\n&#8211; <a href=\"https:\/\/asgmi.org\/wp-content\/uploads\/2025\/12\/12.-Analisis-Geoquimicos-en-laboratorio_IGME.pdf\" target=\"_blank\">An\u00e1lisis geoqu\u00edmicos de laboratorio<\/a><\/p>\n<p><strong>Negrel Philippe, <\/strong>Presidente de la EGS-GEG<br \/>\n&#8211; \u201c<a href=\"https:\/\/asgmi.org\/wp-content\/uploads\/2025\/12\/13.-Geochemical_data_Basis_of_all_scientific_reasoning_EGS_Negrel.pdf\" target=\"_blank\">Geochemical data: the basis of all scientific reasoning on soil chemistry\u201c based on two pan European projects onsoils and sediments (FOREGS and GEMAS).<\/a><\/p>\n<p>Mr. Jinfeng Bai, Director del Laboratorio de Ensayos Anal\u00edticos del Centro Internacional (ICGG)<br \/>\n&#8211; Analysis of 78 Geochemical Sample Indicators and Laboratory Quality Control<\/p>\n<p><strong>Iv\u00e1n Mart\u00edn,<\/strong> representante de IGME-LNEG, Espa\u00f1a-Portugal<br \/>\n<a href=\"https:\/\/asgmi.org\/wp-content\/uploads\/2025\/12\/15.-XRF-Portatil_Analisis-de-muestras_2025_LNEG-IGME.pdf\" target=\"_blank\">&#8211; XRF Port\u00e1til<\/a><\/p>\n","protected":false},"excerpt":{"rendered":"<p>Presentaciones taller virtual &#8220;Geoqu\u00edmica para la Sociedad: An\u00e1lisis de Muestras 12 y 13 de noviembre de 2025&#8221; Rafael Mardones, representante de SERNAGEOMIN. &#8211; Procedimientos de control de calidad de muestras en la exploraci\u00f3n geoqu\u00edmica &#8211; Metodolog\u00eda de SERNAGEOMIN Chile Alecos Demetriades, representante de la Comisi\u00f3n en L\u00edneas Base Geoqu\u00edmica Global (CGGB-IUGS) &#8211; Generating quality-controlled geochemical [&hellip;]<\/p>\n","protected":false},"author":1,"featured_media":0,"parent":0,"menu_order":0,"comment_status":"closed","ping_status":"closed","template":"","meta":{"_genesis_hide_title":false,"_genesis_hide_breadcrumbs":false,"_genesis_hide_singular_image":false,"_genesis_hide_footer_widgets":false,"_genesis_custom_body_class":"","_genesis_custom_post_class":"","_genesis_layout":"","footnotes":""},"class_list":{"0":"post-5168","1":"page","2":"type-page","3":"status-publish","5":"entry"},"_links":{"self":[{"href":"https:\/\/asgmi.org\/pt\/wp-json\/wp\/v2\/pages\/5168","targetHints":{"allow":["GET"]}}],"collection":[{"href":"https:\/\/asgmi.org\/pt\/wp-json\/wp\/v2\/pages"}],"about":[{"href":"https:\/\/asgmi.org\/pt\/wp-json\/wp\/v2\/types\/page"}],"author":[{"embeddable":true,"href":"https:\/\/asgmi.org\/pt\/wp-json\/wp\/v2\/users\/1"}],"replies":[{"embeddable":true,"href":"https:\/\/asgmi.org\/pt\/wp-json\/wp\/v2\/comments?post=5168"}],"version-history":[{"count":3,"href":"https:\/\/asgmi.org\/pt\/wp-json\/wp\/v2\/pages\/5168\/revisions"}],"predecessor-version":[{"id":5183,"href":"https:\/\/asgmi.org\/pt\/wp-json\/wp\/v2\/pages\/5168\/revisions\/5183"}],"wp:attachment":[{"href":"https:\/\/asgmi.org\/pt\/wp-json\/wp\/v2\/media?parent=5168"}],"curies":[{"name":"wp","href":"https:\/\/api.w.org\/{rel}","templated":true}]}}